{"id":11217,"date":"2024-10-09T16:24:40","date_gmt":"2024-10-09T13:24:40","guid":{"rendered":"https:\/\/ceoparts.com\/?post_type=product&#038;p=11217"},"modified":"2026-05-16T16:32:51","modified_gmt":"2026-05-16T13:32:51","slug":"230x70-45-stellana-havsasiz-yuruyus-tekeri","status":"publish","type":"product","link":"https:\/\/ceoparts.com\/it\/urun\/230x70-45-stellana-havsasiz-yuruyus-tekeri\/","title":{"rendered":"230&#215;70-45 Stellana Non svasato Ruota da passeggio &#8211; 239003"},"content":{"rendered":"<p>230&#215;70-45 Stellana Non svasato Ruota da passeggio &#8211; 239003<\/p>\n<p>BT TOYOTA 239003\u00a0\u00a0 230&#215;60\/75-45<\/p>\n<p>SWE080L<br \/>\nSWE100 STAXIO<br \/>\nSWE120 STAXIO<br \/>\nSWE120L STAXIO<br \/>\nSWE140 STAXIO<br \/>\nSWE140L STAXIO<br \/>\nLWE140 LEVIO (838)<br \/>\nLWE160 LEVIO (838)<br \/>\nLWE180 LEVIO (838)<br \/>\nLWE200 LEVIO (839)<br \/>\nLWE250 LEVIO (840)<\/p>","protected":false},"excerpt":{"rendered":"<p data-start=\"0\" data-end=\"448\"><br data-start=\"4176\" data-end=\"4179\" \/>230\u00d770-45 Stellana ruota di rotolamento senza smusso \u00e8 una ruota resistente e di alta qualit\u00e0 utilizzata per carrelli elevatori e veicoli industriali. Con un diametro di 230 mm, una larghezza di 70 mm e un foro di 45 mm, questo prodotto \u00e8 progettato appositamente da Stellana senza smusso (conico). Ci\u00f2 consente una facile installazione e manutenzione. La sua alta resistenza all\u2019usura e costruzione robusta assicurano una lunga durata in condizioni di lavoro difficili.<\/p>\n<p data-start=\"4651\" data-end=\"5038\"><strong data-start=\"4651\" data-end=\"4671\">Caratteristiche:<\/strong><br data-start=\"4671\" data-end=\"4674\" \/><strong data-start=\"4674\" data-end=\"4692\">Nome prodotto:<\/strong> 230\u00d770-45 Stellana ruota di rotolamento senza smusso<br data-start=\"4745\" data-end=\"4748\" \/><strong data-start=\"4748\" data-end=\"4765\">Codice parte:<\/strong> 239003<br data-start=\"4772\" data-end=\"4775\" \/><strong data-start=\"4775\" data-end=\"4789\">Materiale:<\/strong> Rivestimento in gomma durevole, corpo metallico robusto<br data-start=\"4845\" data-end=\"4848\" \/><strong data-start=\"4848\" data-end=\"4869\">Area di utilizzo:<\/strong> Ruota di rotolamento per carrelli elevatori e veicoli industriali<br data-start=\"4935\" data-end=\"4938\" \/><strong data-start=\"4938\" data-end=\"4952\">Vantaggio:<\/strong> Design senza smusso, facile installazione, alta resistenza all\u2019usura e lunga durata<\/p>\n<p data-start=\"5040\" data-end=\"5511\">\n","protected":false},"featured_media":11218,"template":"","meta":[],"product_brand":[],"product_cat":[529,251,254,416,418,521,193],"product_tag":[],"class_list":{"0":"post-11217","1":"product","2":"type-product","3":"status-publish","4":"has-post-thumbnail","6":"product_cat-yuruyus-tekeri-toyota","7":"product_cat-bt","8":"product_cat-yuruyus-tekeri-bt","9":"product_cat-stellana","10":"product_cat-yuruyus-tekeri-stellana","11":"product_cat-toyota","12":"product_cat-yuruyus-tekeri","14":"first","15":"instock","16":"taxable","17":"shipping-taxable","18":"purchasable","19":"product-type-simple"},"_links":{"self":[{"href":"https:\/\/ceoparts.com\/it\/wp-json\/wp\/v2\/product\/11217","targetHints":{"allow":["GET"]}}],"collection":[{"href":"https:\/\/ceoparts.com\/it\/wp-json\/wp\/v2\/product"}],"about":[{"href":"https:\/\/ceoparts.com\/it\/wp-json\/wp\/v2\/types\/product"}],"wp:featuredmedia":[{"embeddable":true,"href":"https:\/\/ceoparts.com\/it\/wp-json\/wp\/v2\/media\/11218"}],"wp:attachment":[{"href":"https:\/\/ceoparts.com\/it\/wp-json\/wp\/v2\/media?parent=11217"}],"wp:term":[{"taxonomy":"product_brand","embeddable":true,"href":"https:\/\/ceoparts.com\/it\/wp-json\/wp\/v2\/product_brand?post=11217"},{"taxonomy":"product_cat","embeddable":true,"href":"https:\/\/ceoparts.com\/it\/wp-json\/wp\/v2\/product_cat?post=11217"},{"taxonomy":"product_tag","embeddable":true,"href":"https:\/\/ceoparts.com\/it\/wp-json\/wp\/v2\/product_tag?post=11217"}],"curies":[{"name":"wp","href":"https:\/\/api.w.org\/{rel}","templated":true}]}}