{"id":11222,"date":"2024-10-09T16:33:16","date_gmt":"2024-10-09T13:33:16","guid":{"rendered":"https:\/\/ceoparts.com\/?post_type=product&#038;p=11222"},"modified":"2026-05-16T20:20:17","modified_gmt":"2026-05-16T17:20:17","slug":"230x75-45-msl-kanalli-yuruyus-tekeri","status":"publish","type":"product","link":"https:\/\/ceoparts.com\/it\/urun\/230x75-45-msl-kanalli-yuruyus-tekeri\/","title":{"rendered":"230&#215;75-80  MSL Scanalato, Ruota da passeggio &#8211; 4494268, 0009903807"},"content":{"rendered":"<p>230&#215;75-80  MSL Scanalato, Ruota da passeggio &#8211; 4494268, 0009903807<\/p>\n<p><span class=\"short_text\" lang=\"en\"><span class=\"hps\" title=\"Kliknij, aby wy\u015bwietli\u0107 alternatywne t\u0142umaczenia\"><span style=\"font-family: tim;\">EGV-S 330221\/330222<br \/>\nEGV-S LB 330229\/330230<\/span><\/span><\/span><\/p>\n<p>YALE<\/p>\n<p>HYSTER<\/p>\n<p>OM PIMESPO, BR VESTERGAARD<\/p>\n<p>0009903807, 8494268, 4494268, 95309172, 50983508934, 129TA9068<\/p>","protected":false},"excerpt":{"rendered":"<p data-start=\"0\" data-end=\"395\"><br data-start=\"3846\" data-end=\"3849\" \/>230\u00d775-80 MSL ruota di rotolamento scanalata \u00e8 una ruota di alta qualit\u00e0, resistente e scanalata utilizzata per carrelli elevatori e veicoli industriali. Con un diametro di 230 mm, una larghezza di 75 mm e un foro di 80 mm, questo prodotto della marca MSL offre un\u2019eccellente trazione e lunga durata in condizioni di lavoro difficili. Il design scanalato previene lo slittamento e garantisce una guida stabile.<\/p>\n<p data-start=\"4261\" data-end=\"4633\"><strong data-start=\"4261\" data-end=\"4281\">Caratteristiche:<\/strong><br data-start=\"4281\" data-end=\"4284\" \/><strong data-start=\"4284\" data-end=\"4302\">Nome prodotto:<\/strong> 230\u00d775-80 MSL ruota di rotolamento scanalata<br data-start=\"4347\" data-end=\"4350\" \/><strong data-start=\"4350\" data-end=\"4367\">Codice parte:<\/strong> 4494268, 0009903807<br data-start=\"4387\" data-end=\"4390\" \/><strong data-start=\"4390\" data-end=\"4404\">Materiale:<\/strong> Rivestimento in gomma scanalata, corpo metallico robusto<br data-start=\"4461\" data-end=\"4464\" \/><strong data-start=\"4464\" data-end=\"4485\">Area di utilizzo:<\/strong> Ruota di rotolamento per carrelli elevatori e veicoli industriali<br data-start=\"4551\" data-end=\"4554\" \/><strong data-start=\"4554\" data-end=\"4568\">Vantaggio:<\/strong> Superficie scanalata, alta resistenza all\u2019usura e lunga durata<\/p>\n<p data-start=\"4635\" data-end=\"5040\">\n","protected":false},"featured_media":11223,"template":"","meta":[],"product_brand":[],"product_cat":[397,251,254,256,260,395,193],"product_tag":[],"class_list":{"0":"post-11222","1":"product","2":"type-product","3":"status-publish","4":"has-post-thumbnail","6":"product_cat-yuruyus-tekeri-ceo","7":"product_cat-bt","8":"product_cat-yuruyus-tekeri-bt","9":"product_cat-hyster","10":"product_cat-yuruyus-tekeri-hyster","11":"product_cat-ceoparts","12":"product_cat-yuruyus-tekeri","14":"first","15":"instock","16":"taxable","17":"shipping-taxable","18":"purchasable","19":"product-type-simple"},"_links":{"self":[{"href":"https:\/\/ceoparts.com\/it\/wp-json\/wp\/v2\/product\/11222","targetHints":{"allow":["GET"]}}],"collection":[{"href":"https:\/\/ceoparts.com\/it\/wp-json\/wp\/v2\/product"}],"about":[{"href":"https:\/\/ceoparts.com\/it\/wp-json\/wp\/v2\/types\/product"}],"wp:featuredmedia":[{"embeddable":true,"href":"https:\/\/ceoparts.com\/it\/wp-json\/wp\/v2\/media\/11223"}],"wp:attachment":[{"href":"https:\/\/ceoparts.com\/it\/wp-json\/wp\/v2\/media?parent=11222"}],"wp:term":[{"taxonomy":"product_brand","embeddable":true,"href":"https:\/\/ceoparts.com\/it\/wp-json\/wp\/v2\/product_brand?post=11222"},{"taxonomy":"product_cat","embeddable":true,"href":"https:\/\/ceoparts.com\/it\/wp-json\/wp\/v2\/product_cat?post=11222"},{"taxonomy":"product_tag","embeddable":true,"href":"https:\/\/ceoparts.com\/it\/wp-json\/wp\/v2\/product_tag?post=11222"}],"curies":[{"name":"wp","href":"https:\/\/api.w.org\/{rel}","templated":true}]}}