{"id":11411,"date":"2024-10-15T16:22:29","date_gmt":"2024-10-15T13:22:29","guid":{"rendered":"https:\/\/ceoparts.com\/?post_type=product&#038;p=11411"},"modified":"2026-05-16T04:56:38","modified_gmt":"2026-05-16T01:56:38","slug":"75x50-50-20-ceoparts-yuk-tekeri","status":"publish","type":"product","link":"https:\/\/ceoparts.com\/it\/urun\/75x50-50-20-ceoparts-yuk-tekeri\/","title":{"rendered":"75&#215;50\/50-20 Ceoparts Ruote di carico"},"content":{"rendered":"<p>75&#215;50\/50-20 Ceoparts Ruote di carico<\/p>","protected":false},"excerpt":{"rendered":"<p data-start=\"91\" data-end=\"513\"><br data-start=\"3962\" data-end=\"3965\" \/>Ruota stabilizzatrice 75\u00d750\/50-20 Ceoparts \u00e8 una ruota robusta e di qualit\u00e0 utilizzata su carrelli elevatori e attrezzature da magazzino per migliorare la stabilit\u00e0 e la manovrabilit\u00e0. Con un diametro di 75 mm, larghezza di 50 mm e foro di 20 mm, garantisce un movimento fluido e silenzioso in ambienti stretti e trafficati. Il rivestimento in poliuretano resistente Ceoparts offre prestazioni costanti anche in caso di uso intensivo.<\/p>\n<p data-start=\"4401\" data-end=\"4772\"><strong data-start=\"4401\" data-end=\"4421\">Caratteristiche:<\/strong><br data-start=\"4421\" data-end=\"4424\" \/><strong data-start=\"4424\" data-end=\"4442\">Nome prodotto:<\/strong> Ruota stabilizzatrice 75\u00d750\/50-20 Ceoparts<br data-start=\"4485\" data-end=\"4488\" \/><strong data-start=\"4488\" data-end=\"4505\">Codice parte:<\/strong> Non specificato<br data-start=\"4521\" data-end=\"4524\" \/><strong data-start=\"4524\" data-end=\"4538\">Materiale:<\/strong> Poliuretano resistente all\u2019usura e corpo in acciaio<br data-start=\"4590\" data-end=\"4593\" \/><strong data-start=\"4593\" data-end=\"4614\">Area di utilizzo:<\/strong> Ruota stabilizzatrice per carrelli elevatori e attrezzature da magazzino<br data-start=\"4687\" data-end=\"4690\" \/><strong data-start=\"4690\" data-end=\"4704\">Vantaggio:<\/strong> Funzionamento silenzioso, alta resistenza all\u2019usura, lunga durata<\/p>\n<p data-start=\"4774\" data-end=\"5220\">\n","protected":false},"featured_media":11427,"template":"","meta":[],"product_brand":[],"product_cat":[395,396,185],"product_tag":[],"class_list":{"0":"post-11411","1":"product","2":"type-product","3":"status-publish","4":"has-post-thumbnail","6":"product_cat-ceoparts","7":"product_cat-denge-tekeri-ceo","8":"product_cat-denge-tekeri","10":"first","11":"instock","12":"taxable","13":"shipping-taxable","14":"purchasable","15":"product-type-simple"},"_links":{"self":[{"href":"https:\/\/ceoparts.com\/it\/wp-json\/wp\/v2\/product\/11411","targetHints":{"allow":["GET"]}}],"collection":[{"href":"https:\/\/ceoparts.com\/it\/wp-json\/wp\/v2\/product"}],"about":[{"href":"https:\/\/ceoparts.com\/it\/wp-json\/wp\/v2\/types\/product"}],"wp:featuredmedia":[{"embeddable":true,"href":"https:\/\/ceoparts.com\/it\/wp-json\/wp\/v2\/media\/11427"}],"wp:attachment":[{"href":"https:\/\/ceoparts.com\/it\/wp-json\/wp\/v2\/media?parent=11411"}],"wp:term":[{"taxonomy":"product_brand","embeddable":true,"href":"https:\/\/ceoparts.com\/it\/wp-json\/wp\/v2\/product_brand?post=11411"},{"taxonomy":"product_cat","embeddable":true,"href":"https:\/\/ceoparts.com\/it\/wp-json\/wp\/v2\/product_cat?post=11411"},{"taxonomy":"product_tag","embeddable":true,"href":"https:\/\/ceoparts.com\/it\/wp-json\/wp\/v2\/product_tag?post=11411"}],"curies":[{"name":"wp","href":"https:\/\/api.w.org\/{rel}","templated":true}]}}