{"id":11417,"date":"2024-10-15T16:58:40","date_gmt":"2024-10-15T13:58:40","guid":{"rendered":"https:\/\/ceoparts.com\/?post_type=product&#038;p=11417"},"modified":"2026-05-16T04:57:17","modified_gmt":"2026-05-16T01:57:17","slug":"80x30-30-17-ceoparts-denge-tekeri","status":"publish","type":"product","link":"https:\/\/ceoparts.com\/it\/urun\/80x30-30-17-ceoparts-denge-tekeri\/","title":{"rendered":"80&#215;30\/30-17 Ceoparts Ruote Bilanciate &#8211; 11334505501 BT656113"},"content":{"rendered":"<p>80&#215;30\/30-17 Ceoparts Ruote Bilanciate &#8211; 11334505501 BT656113<\/p>\n<p>80&#215;30\/30-17 Still Linde 11334505501<\/p>\n<p>Still ECU M15 5138<\/p>\n<p>Linde MT15 CT1133<\/p>\n<p>EPT12-EZ<\/p>\n<p>BT LHE130 Tyro<br \/>\nNoblelift Edge<br \/>\nNexen APET12LI-APET20LI<br \/>\nNexen APET20N<br \/>\nLogitrans Mover<\/p>","protected":false},"excerpt":{"rendered":"<p data-start=\"93\" data-end=\"510\"><br data-start=\"4031\" data-end=\"4034\" \/>Ruota stabilizzatrice 80\u00d730\/30-17 Ceoparts \u00e8 una ruota resistente e di alta qualit\u00e0 utilizzata su carrelli elevatori e stoccatori per migliorare la stabilit\u00e0 e il controllo della manovrabilit\u00e0. Con diametro di 80 mm, larghezza di 30 mm e foro di 17 mm, garantisce un movimento stabile, soprattutto negli ambienti di magazzino stretti e trafficati. Realizzata con poliuretano Ceoparts resistente, offre alta resistenza all\u2019usura e funzionamento silenzioso.<\/p>\n<p data-start=\"4491\" data-end=\"4872\"><strong data-start=\"4491\" data-end=\"4511\">Caratteristiche:<\/strong><br data-start=\"4511\" data-end=\"4514\" \/><strong data-start=\"4514\" data-end=\"4532\">Nome prodotto:<\/strong> Ruota stabilizzatrice 80\u00d730\/30-17 Ceoparts<br data-start=\"4575\" data-end=\"4578\" \/><strong data-start=\"4578\" data-end=\"4595\">Codice parte:<\/strong> 11334505501, BT656113<br data-start=\"4617\" data-end=\"4620\" \/><strong data-start=\"4620\" data-end=\"4634\">Materiale:<\/strong> Poliuretano resistente all\u2019usura e corpo in acciaio<br data-start=\"4686\" data-end=\"4689\" \/><strong data-start=\"4689\" data-end=\"4710\">Area di utilizzo:<\/strong> Ruota stabilizzatrice per carrelli elevatori e stoccatori<br data-start=\"4768\" data-end=\"4771\" \/><strong data-start=\"4771\" data-end=\"4785\">Vantaggio:<\/strong> Funzionamento silenzioso, alta resistenza all\u2019usura, lunga durata, movimento stabile<\/p>\n<p data-start=\"4874\" data-end=\"5319\">\n","protected":false},"featured_media":16469,"template":"","meta":[],"product_brand":[],"product_cat":[251,252,395,396,241,242,246,247,185],"product_tag":[],"class_list":{"0":"post-11417","1":"product","2":"type-product","3":"status-publish","4":"has-post-thumbnail","6":"product_cat-bt","7":"product_cat-denge-tekeri-bt","8":"product_cat-ceoparts","9":"product_cat-denge-tekeri-ceo","10":"product_cat-still","11":"product_cat-denge-tekeri-still","12":"product_cat-linde","13":"product_cat-denge-tekeri-linde","14":"product_cat-denge-tekeri","16":"first","17":"instock","18":"taxable","19":"shipping-taxable","20":"purchasable","21":"product-type-simple"},"_links":{"self":[{"href":"https:\/\/ceoparts.com\/it\/wp-json\/wp\/v2\/product\/11417","targetHints":{"allow":["GET"]}}],"collection":[{"href":"https:\/\/ceoparts.com\/it\/wp-json\/wp\/v2\/product"}],"about":[{"href":"https:\/\/ceoparts.com\/it\/wp-json\/wp\/v2\/types\/product"}],"wp:featuredmedia":[{"embeddable":true,"href":"https:\/\/ceoparts.com\/it\/wp-json\/wp\/v2\/media\/16469"}],"wp:attachment":[{"href":"https:\/\/ceoparts.com\/it\/wp-json\/wp\/v2\/media?parent=11417"}],"wp:term":[{"taxonomy":"product_brand","embeddable":true,"href":"https:\/\/ceoparts.com\/it\/wp-json\/wp\/v2\/product_brand?post=11417"},{"taxonomy":"product_cat","embeddable":true,"href":"https:\/\/ceoparts.com\/it\/wp-json\/wp\/v2\/product_cat?post=11417"},{"taxonomy":"product_tag","embeddable":true,"href":"https:\/\/ceoparts.com\/it\/wp-json\/wp\/v2\/product_tag?post=11417"}],"curies":[{"name":"wp","href":"https:\/\/api.w.org\/{rel}","templated":true}]}}