{"id":11983,"date":"2024-11-12T10:15:27","date_gmt":"2024-11-12T07:15:27","guid":{"rendered":"https:\/\/ceoparts.com\/?post_type=product&#038;p=11983"},"modified":"2026-05-16T12:45:21","modified_gmt":"2026-05-16T09:45:21","slug":"230x70-80-msl-yuruyus-tekeri-0009903807","status":"publish","type":"product","link":"https:\/\/ceoparts.com\/it\/urun\/230x70-80-msl-yuruyus-tekeri-0009903807\/","title":{"rendered":"230X75-80 MSL Ruota da passeggio 6B &#8211; 4494268, 0009903807"},"content":{"rendered":"<p>230X75-80 MSL Ruota da passeggio 6B &#8211; 4494268, 0009903807<\/p>\n<p><span class=\"short_text\" lang=\"en\"><span class=\"hps\" title=\"Kliknij, aby wy\u015bwietli\u0107 alternatywne t\u0142umaczenia\"><span style=\"font-family: tim;\">EGV-S 330221\/330222<br \/>\nEGV-S LB 330229\/330230<\/span><\/span><\/span><\/p>\n<p>YALE<\/p>\n<p>HYSTER<\/p>\n<p>OM PIMESPO, BR VESTERGAARD<\/p>\n<p>0009903807, 8494268, 4494268, 95309172, 50983508934, 129TA9068<\/p>","protected":false},"excerpt":{"rendered":"<p data-start=\"0\" data-end=\"289\"><br data-start=\"3184\" data-end=\"3187\" \/>Ruota di rotolamento 230\u00d775-80 MSL 6B \u00e8 una ruota resistente e ad alte prestazioni utilizzata in carrelli elevatori e transpallet. Realizzata con tecnologia MSL, offre alta resistenza all\u2019usura e lunga durata. Garantisce movimento stabile e sicuro durante le operazioni.<\/p>\n<p data-start=\"3459\" data-end=\"3818\"><strong data-start=\"3459\" data-end=\"3479\">Caratteristiche:<\/strong><br data-start=\"3479\" data-end=\"3482\" \/><strong data-start=\"3482\" data-end=\"3500\">Nome prodotto:<\/strong> Ruota di rotolamento 230\u00d775-80 MSL 6B<br data-start=\"3538\" data-end=\"3541\" \/><strong data-start=\"3541\" data-end=\"3558\">Codice parte:<\/strong> 4494268, 0009903807<br data-start=\"3578\" data-end=\"3581\" \/><strong data-start=\"3581\" data-end=\"3595\">Materiale:<\/strong> Gomma ad alta resistenza e lega metallica<br data-start=\"3637\" data-end=\"3640\" \/><strong data-start=\"3640\" data-end=\"3661\">Area di utilizzo:<\/strong> Ruota di rotolamento per carrelli elevatori e transpallet<br data-start=\"3719\" data-end=\"3722\" \/><strong data-start=\"3722\" data-end=\"3736\">Vantaggio:<\/strong> Alta durabilit\u00e0, lunga vita utile, alta resistenza all\u2019usura, movimento stabile<\/p>\n<p data-start=\"3820\" data-end=\"4098\">\n","protected":false},"featured_media":11984,"template":"","meta":[],"product_brand":[],"product_cat":[256,260,395,397,193],"product_tag":[],"class_list":{"0":"post-11983","1":"product","2":"type-product","3":"status-publish","4":"has-post-thumbnail","6":"product_cat-hyster","7":"product_cat-yuruyus-tekeri-hyster","8":"product_cat-ceoparts","9":"product_cat-yuruyus-tekeri-ceo","10":"product_cat-yuruyus-tekeri","12":"first","13":"instock","14":"taxable","15":"shipping-taxable","16":"purchasable","17":"product-type-simple"},"_links":{"self":[{"href":"https:\/\/ceoparts.com\/it\/wp-json\/wp\/v2\/product\/11983","targetHints":{"allow":["GET"]}}],"collection":[{"href":"https:\/\/ceoparts.com\/it\/wp-json\/wp\/v2\/product"}],"about":[{"href":"https:\/\/ceoparts.com\/it\/wp-json\/wp\/v2\/types\/product"}],"wp:featuredmedia":[{"embeddable":true,"href":"https:\/\/ceoparts.com\/it\/wp-json\/wp\/v2\/media\/11984"}],"wp:attachment":[{"href":"https:\/\/ceoparts.com\/it\/wp-json\/wp\/v2\/media?parent=11983"}],"wp:term":[{"taxonomy":"product_brand","embeddable":true,"href":"https:\/\/ceoparts.com\/it\/wp-json\/wp\/v2\/product_brand?post=11983"},{"taxonomy":"product_cat","embeddable":true,"href":"https:\/\/ceoparts.com\/it\/wp-json\/wp\/v2\/product_cat?post=11983"},{"taxonomy":"product_tag","embeddable":true,"href":"https:\/\/ceoparts.com\/it\/wp-json\/wp\/v2\/product_tag?post=11983"}],"curies":[{"name":"wp","href":"https:\/\/api.w.org\/{rel}","templated":true}]}}