{"id":11993,"date":"2024-11-12T10:38:24","date_gmt":"2024-11-12T07:38:24","guid":{"rendered":"https:\/\/ceoparts.com\/?post_type=product&#038;p=11993"},"modified":"2026-05-16T04:57:16","modified_gmt":"2026-05-16T01:57:16","slug":"285x100-msl-yuk-tekeri-0029903807-0009903910","status":"publish","type":"product","link":"https:\/\/ceoparts.com\/it\/urun\/285x100-msl-yuk-tekeri-0029903807-0009903910\/","title":{"rendered":"285&#215;100 MSL Ruote di carico &#8211; 0029903807 \/ 0009903910"},"content":{"rendered":"<p>285&#215;100 MSL Ruote di carico &#8211; 0029903807 \/ 0009903910<\/p>\n<p><\/p>\n<p>Linde 285&#215;100\u00a0 0029902329, 0029903807<\/p>\n<p>Linde R10\/12\/14 Seria 115 C,<\/p>\n<p>Linde R14\/16\/20 Seria 115-02,<\/p>\n<p>Linde R14\/16\/20 Seria 113<\/p>","protected":false},"excerpt":{"rendered":"<p data-start=\"0\" data-end=\"284\"><br data-start=\"2989\" data-end=\"2992\" \/>La <strong data-start=\"2995\" data-end=\"3050\">ruota di carico 285&#215;100 MSL 0029903807 \/ 0009903910<\/strong> \u00e8 una ruota di ricambio di alta qualit\u00e0 utilizzata nei carrelli elevatori, progettata per alta durata e per migliorare la capacit\u00e0 di carico del carrello. La sua struttura robusta offre lunga durata e supporta la stabilit\u00e0 del carrello elevatore.<\/p>\n<p data-start=\"3299\" data-end=\"3598\"><strong data-start=\"3299\" data-end=\"3319\">Caratteristiche:<\/strong><br data-start=\"3319\" data-end=\"3322\" \/><strong data-start=\"3322\" data-end=\"3340\">Nome prodotto:<\/strong> Ruota di carico 285&#215;100 MSL<br data-start=\"3368\" data-end=\"3371\" \/><strong data-start=\"3371\" data-end=\"3388\">Codice parte:<\/strong> 0029903807 \/ 0009903910<br data-start=\"3412\" data-end=\"3415\" \/><strong data-start=\"3415\" data-end=\"3429\">Materiale:<\/strong> Gomma resistente e componenti metallici<br data-start=\"3469\" data-end=\"3472\" \/><strong data-start=\"3472\" data-end=\"3493\">Area di utilizzo:<\/strong> Sistemi di carico per carrelli elevatori<br data-start=\"3534\" data-end=\"3537\" \/><strong data-start=\"3537\" data-end=\"3551\">Vantaggio:<\/strong> Alta durabilit\u00e0, guida stabile, lunga durata<\/p>\n<p data-start=\"3600\" data-end=\"3919\">\n","protected":false},"featured_media":12012,"template":"","meta":[],"product_brand":[],"product_cat":[246,250,395,399,194],"product_tag":[],"class_list":{"0":"post-11993","1":"product","2":"type-product","3":"status-publish","4":"has-post-thumbnail","6":"product_cat-linde","7":"product_cat-yuk-tekeri-linde","8":"product_cat-ceoparts","9":"product_cat-yuk-tekeri-ceo","10":"product_cat-yuk-tekeri","12":"first","13":"instock","14":"taxable","15":"shipping-taxable","16":"purchasable","17":"product-type-simple"},"_links":{"self":[{"href":"https:\/\/ceoparts.com\/it\/wp-json\/wp\/v2\/product\/11993","targetHints":{"allow":["GET"]}}],"collection":[{"href":"https:\/\/ceoparts.com\/it\/wp-json\/wp\/v2\/product"}],"about":[{"href":"https:\/\/ceoparts.com\/it\/wp-json\/wp\/v2\/types\/product"}],"wp:featuredmedia":[{"embeddable":true,"href":"https:\/\/ceoparts.com\/it\/wp-json\/wp\/v2\/media\/12012"}],"wp:attachment":[{"href":"https:\/\/ceoparts.com\/it\/wp-json\/wp\/v2\/media?parent=11993"}],"wp:term":[{"taxonomy":"product_brand","embeddable":true,"href":"https:\/\/ceoparts.com\/it\/wp-json\/wp\/v2\/product_brand?post=11993"},{"taxonomy":"product_cat","embeddable":true,"href":"https:\/\/ceoparts.com\/it\/wp-json\/wp\/v2\/product_cat?post=11993"},{"taxonomy":"product_tag","embeddable":true,"href":"https:\/\/ceoparts.com\/it\/wp-json\/wp\/v2\/product_tag?post=11993"}],"curies":[{"name":"wp","href":"https:\/\/api.w.org\/{rel}","templated":true}]}}