{"id":11998,"date":"2024-11-12T10:42:29","date_gmt":"2024-11-12T07:42:29","guid":{"rendered":"https:\/\/ceoparts.com\/?post_type=product&#038;p=11998"},"modified":"2026-05-16T17:28:43","modified_gmt":"2026-05-16T14:28:43","slug":"285x100-msl-yuk-tekeri-4021574","status":"publish","type":"product","link":"https:\/\/ceoparts.com\/it\/urun\/285x100-msl-yuk-tekeri-4021574\/","title":{"rendered":"285&#215;100 MSL Ruote di carico &#8211; 4021574, 550044345"},"content":{"rendered":"<div class=\"wpb-content-wrapper\"><p>285&#215;100 MSL Ruote di carico &#8211; 4021574, 550044345<\/p>\n<p>[vc_row][vc_column][vc_column_text css=&#8221;&#8221; woodmart_inline=&#8221;no&#8221; text_larger=&#8221;no&#8221;][\/vc_column_text][\/vc_column][\/vc_row]<\/p>\n<\/div>","protected":false},"excerpt":{"rendered":"<p data-start=\"0\" data-end=\"320\"><br data-start=\"3355\" data-end=\"3358\" \/>Ruota di carico 285\u00d7100 MSL Stella \u00e8 una ruota di carico di alta qualit\u00e0 utilizzata in carrelli elevatori e transpallet. Realizzata con tecnologia MSL, la sua struttura durevole e l\u2019alta resistenza all\u2019usura offrono un\u2019alta capacit\u00e0 di carico. Il design a stella aumenta la stabilit\u00e0 e garantisce un movimento sicuro durante le operazioni.<\/p>\n<p data-start=\"3699\" data-end=\"4052\"><strong data-start=\"3699\" data-end=\"3719\">Caratteristiche:<\/strong><br data-start=\"3719\" data-end=\"3722\" \/><strong data-start=\"3722\" data-end=\"3740\">Nome prodotto:<\/strong> Ruota di carico 285\u00d7100 MSL Stella<br data-start=\"3775\" data-end=\"3778\" \/><strong data-start=\"3778\" data-end=\"3795\">Codice parte:<\/strong> 4021574, 550044345<br data-start=\"3814\" data-end=\"3817\" \/><strong data-start=\"3817\" data-end=\"3831\">Materiale:<\/strong> Gomma ad alta resistenza e lega metallica<br data-start=\"3873\" data-end=\"3876\" \/><strong data-start=\"3876\" data-end=\"3897\">Area di utilizzo:<\/strong> Ruota di carico per carrelli elevatori e transpallet<br data-start=\"3950\" data-end=\"3953\" \/><strong data-start=\"3953\" data-end=\"3967\">Vantaggio:<\/strong> Alta durabilit\u00e0, lunga vita utile, alta resistenza all\u2019usura, stabilit\u00e0 migliorata<\/p>\n<p data-start=\"4054\" data-end=\"4395\">\n","protected":false},"featured_media":11999,"template":"","meta":[],"product_brand":[],"product_cat":[395,399,194],"product_tag":[],"class_list":{"0":"post-11998","1":"product","2":"type-product","3":"status-publish","4":"has-post-thumbnail","6":"product_cat-ceoparts","7":"product_cat-yuk-tekeri-ceo","8":"product_cat-yuk-tekeri","10":"first","11":"instock","12":"taxable","13":"shipping-taxable","14":"purchasable","15":"product-type-simple"},"_links":{"self":[{"href":"https:\/\/ceoparts.com\/it\/wp-json\/wp\/v2\/product\/11998","targetHints":{"allow":["GET"]}}],"collection":[{"href":"https:\/\/ceoparts.com\/it\/wp-json\/wp\/v2\/product"}],"about":[{"href":"https:\/\/ceoparts.com\/it\/wp-json\/wp\/v2\/types\/product"}],"wp:featuredmedia":[{"embeddable":true,"href":"https:\/\/ceoparts.com\/it\/wp-json\/wp\/v2\/media\/11999"}],"wp:attachment":[{"href":"https:\/\/ceoparts.com\/it\/wp-json\/wp\/v2\/media?parent=11998"}],"wp:term":[{"taxonomy":"product_brand","embeddable":true,"href":"https:\/\/ceoparts.com\/it\/wp-json\/wp\/v2\/product_brand?post=11998"},{"taxonomy":"product_cat","embeddable":true,"href":"https:\/\/ceoparts.com\/it\/wp-json\/wp\/v2\/product_cat?post=11998"},{"taxonomy":"product_tag","embeddable":true,"href":"https:\/\/ceoparts.com\/it\/wp-json\/wp\/v2\/product_tag?post=11998"}],"curies":[{"name":"wp","href":"https:\/\/api.w.org\/{rel}","templated":true}]}}