{"id":12007,"date":"2024-11-12T11:13:39","date_gmt":"2024-11-12T08:13:39","guid":{"rendered":"https:\/\/ceoparts.com\/?post_type=product&#038;p=12007"},"modified":"2026-05-16T15:09:54","modified_gmt":"2026-05-16T12:09:54","slug":"350x140-80-7b-msl-yuruyus-tekeri-201332","status":"publish","type":"product","link":"https:\/\/ceoparts.com\/it\/urun\/350x140-80-7b-msl-yuruyus-tekeri-201332\/","title":{"rendered":"350&#215;140-80 7B MSL Ruota da passeggio &#8211; 201332"},"content":{"rendered":"<p>350&#215;140-80 7B MSL Ruota da passeggio &#8211; 201332<\/p>\n<p>201332\u00a0\u00a0 350&#215;120\/140&#215;80<\/p>\n<p>RRE 140<br \/>\nRRE 140C<br \/>\nRRE 140E<br \/>\nRRE 140EC<br \/>\nRRE 160<br \/>\nRRE 160C<br \/>\nRRE 160E<br \/>\nRRE 160EC<br \/>\nLRE 300<br \/>\nLRE 300T<\/p>","protected":false},"excerpt":{"rendered":"<p data-start=\"0\" data-end=\"337\"><br data-start=\"3384\" data-end=\"3387\" \/>Ruota di rotolamento 350\u00d7140-80 7B MSL \u00e8 una ruota resistente utilizzata in carrelli elevatori e transpallet. La sua struttura robusta e i materiali di qualit\u00e0 offrono un\u2019alta capacit\u00e0 di carico. Realizzata con tecnologia MSL, offre alta resistenza all\u2019usura e lunga durata. Garantisce movimento stabile e sicuro durante le operazioni.<\/p>\n<p data-start=\"3724\" data-end=\"4071\"><strong data-start=\"3724\" data-end=\"3744\">Caratteristiche:<\/strong><br data-start=\"3744\" data-end=\"3747\" \/><strong data-start=\"3747\" data-end=\"3765\">Nome prodotto:<\/strong> Ruota di rotolamento 350\u00d7140-80 7B MSL<br data-start=\"3804\" data-end=\"3807\" \/><strong data-start=\"3807\" data-end=\"3824\">Codice parte:<\/strong> 201332<br data-start=\"3831\" data-end=\"3834\" \/><strong data-start=\"3834\" data-end=\"3848\">Materiale:<\/strong> Gomma ad alta resistenza e lega metallica<br data-start=\"3890\" data-end=\"3893\" \/><strong data-start=\"3893\" data-end=\"3914\">Area di utilizzo:<\/strong> Ruota di rotolamento per carrelli elevatori e transpallet<br data-start=\"3972\" data-end=\"3975\" \/><strong data-start=\"3975\" data-end=\"3989\">Vantaggio:<\/strong> Alta durabilit\u00e0, lunga vita utile, alta resistenza all\u2019usura, movimento stabile<\/p>\n<p data-start=\"4073\" data-end=\"4409\">\n","protected":false},"featured_media":12008,"template":"","meta":[],"product_brand":[],"product_cat":[395,397,193],"product_tag":[],"class_list":{"0":"post-12007","1":"product","2":"type-product","3":"status-publish","4":"has-post-thumbnail","6":"product_cat-ceoparts","7":"product_cat-yuruyus-tekeri-ceo","8":"product_cat-yuruyus-tekeri","10":"first","11":"instock","12":"taxable","13":"shipping-taxable","14":"purchasable","15":"product-type-simple"},"_links":{"self":[{"href":"https:\/\/ceoparts.com\/it\/wp-json\/wp\/v2\/product\/12007","targetHints":{"allow":["GET"]}}],"collection":[{"href":"https:\/\/ceoparts.com\/it\/wp-json\/wp\/v2\/product"}],"about":[{"href":"https:\/\/ceoparts.com\/it\/wp-json\/wp\/v2\/types\/product"}],"wp:featuredmedia":[{"embeddable":true,"href":"https:\/\/ceoparts.com\/it\/wp-json\/wp\/v2\/media\/12008"}],"wp:attachment":[{"href":"https:\/\/ceoparts.com\/it\/wp-json\/wp\/v2\/media?parent=12007"}],"wp:term":[{"taxonomy":"product_brand","embeddable":true,"href":"https:\/\/ceoparts.com\/it\/wp-json\/wp\/v2\/product_brand?post=12007"},{"taxonomy":"product_cat","embeddable":true,"href":"https:\/\/ceoparts.com\/it\/wp-json\/wp\/v2\/product_cat?post=12007"},{"taxonomy":"product_tag","embeddable":true,"href":"https:\/\/ceoparts.com\/it\/wp-json\/wp\/v2\/product_tag?post=12007"}],"curies":[{"name":"wp","href":"https:\/\/api.w.org\/{rel}","templated":true}]}}