{"id":12059,"date":"2024-12-23T09:42:29","date_gmt":"2024-12-23T06:42:29","guid":{"rendered":"https:\/\/ceoparts.com\/?post_type=product&#038;p=12059"},"modified":"2026-05-16T13:15:40","modified_gmt":"2026-05-16T10:15:40","slug":"bt-eski-kasa-catal-mekanizmasi-bos-takim-tekerleksiz","status":"publish","type":"product","link":"https:\/\/ceoparts.com\/it\/urun\/bt-eski-kasa-catal-mekanizmasi-bos-takim-tekerleksiz\/","title":{"rendered":"Meccanismo del forcone BT Toyota LPE200 (Senza ruote) &#8211; 7591742, 261271, 132523"},"content":{"rendered":"<p>Meccanismo del forcone BT Toyota LPE200 (Senza ruote) &#8211; 7591742, 261271, 132523<\/p>\n<p>BT 7591742, 261271<\/p>\n<p>BL LWE<\/p>","protected":false},"excerpt":{"rendered":"<p data-start=\"0\" data-end=\"326\"><br data-start=\"3408\" data-end=\"3411\" \/>Kit meccanismo forca BT Toyota LPE200 (senza ruote) \u00e8 un set di meccanismi forca senza ruote utilizzato in carrelli elevatori e transpallet. Offre alta durata e affidabilit\u00e0 nelle operazioni di sollevamento e trasporto carichi. Realizzato con materiali di qualit\u00e0, migliora le prestazioni del carrello grazie alla sua struttura robusta e durevole.<\/p>\n<p data-start=\"3759\" data-end=\"4091\"><strong data-start=\"3759\" data-end=\"3779\">Caratteristiche:<\/strong><br data-start=\"3779\" data-end=\"3782\" \/><strong data-start=\"3782\" data-end=\"3800\">Nome prodotto:<\/strong> Kit meccanismo forca BT Toyota LPE200 (senza ruote)<br data-start=\"3851\" data-end=\"3854\" \/><strong data-start=\"3854\" data-end=\"3871\">Codice parte:<\/strong> 7591742, 261271, 132523<br data-start=\"3895\" data-end=\"3898\" \/><strong data-start=\"3898\" data-end=\"3912\">Materiale:<\/strong> Lega metallica ad alta resistenza<br data-start=\"3946\" data-end=\"3949\" \/><strong data-start=\"3949\" data-end=\"3970\">Area di utilizzo:<\/strong> Meccanismo forca BT Toyota LPE200<br data-start=\"4003\" data-end=\"4006\" \/><strong data-start=\"4006\" data-end=\"4020\">Vantaggio:<\/strong> Alta durata, struttura robusta, lunga vita utile, design senza ruote<\/p>\n<p data-start=\"4093\" data-end=\"4438\">\n","protected":false},"featured_media":13688,"template":"","meta":[],"product_brand":[],"product_cat":[531,251,406,407,521],"product_tag":[],"class_list":{"0":"post-12059","1":"product","2":"type-product","3":"status-publish","4":"has-post-thumbnail","6":"product_cat-mekanizmalar-toyota","7":"product_cat-bt","8":"product_cat-catal-mekanizma","9":"product_cat-bt-catal-mekanizmalari","10":"product_cat-toyota","12":"first","13":"instock","14":"taxable","15":"shipping-taxable","16":"purchasable","17":"product-type-simple"},"_links":{"self":[{"href":"https:\/\/ceoparts.com\/it\/wp-json\/wp\/v2\/product\/12059","targetHints":{"allow":["GET"]}}],"collection":[{"href":"https:\/\/ceoparts.com\/it\/wp-json\/wp\/v2\/product"}],"about":[{"href":"https:\/\/ceoparts.com\/it\/wp-json\/wp\/v2\/types\/product"}],"wp:featuredmedia":[{"embeddable":true,"href":"https:\/\/ceoparts.com\/it\/wp-json\/wp\/v2\/media\/13688"}],"wp:attachment":[{"href":"https:\/\/ceoparts.com\/it\/wp-json\/wp\/v2\/media?parent=12059"}],"wp:term":[{"taxonomy":"product_brand","embeddable":true,"href":"https:\/\/ceoparts.com\/it\/wp-json\/wp\/v2\/product_brand?post=12059"},{"taxonomy":"product_cat","embeddable":true,"href":"https:\/\/ceoparts.com\/it\/wp-json\/wp\/v2\/product_cat?post=12059"},{"taxonomy":"product_tag","embeddable":true,"href":"https:\/\/ceoparts.com\/it\/wp-json\/wp\/v2\/product_tag?post=12059"}],"curies":[{"name":"wp","href":"https:\/\/api.w.org\/{rel}","templated":true}]}}