{"id":12128,"date":"2024-12-27T11:45:32","date_gmt":"2024-12-27T08:45:32","guid":{"rendered":"https:\/\/ceoparts.com\/?post_type=product&#038;p=12128"},"modified":"2026-05-16T14:17:35","modified_gmt":"2026-05-16T11:17:35","slug":"203x25x34-mm-ere-120-catal-mekanizma-burc","status":"publish","type":"product","link":"https:\/\/ceoparts.com\/it\/urun\/203x25x34-mm-ere-120-catal-mekanizma-burc\/","title":{"rendered":"20,3x25x34 mm ERE 120 Busso del meccanismo della forcella &#8211; 5146411"},"content":{"rendered":"<p>20,3x25x34 mm ERE 120 Busso del meccanismo della forcella &#8211; 5146411<\/p>","protected":false},"excerpt":{"rendered":"<p data-start=\"0\" data-end=\"350\"><br data-start=\"3274\" data-end=\"3277\" \/>La boccola meccanismo forca 20,3\u00d725\u00d734 mm ERE 120 \u00e8 un componente resistente utilizzato nei collegamenti del meccanismo forca dei transpallet Jungheinrich ERE 120. Realizzata in acciaio ad alta resistenza con trattamento superficiale, garantisce il funzionamento stabile e sicuro del sistema forca e offre un\u2019elevata resistenza a usura e urti.<\/p>\n<p data-start=\"3622\" data-end=\"3955\"><strong data-start=\"3622\" data-end=\"3642\">Caratteristiche:<\/strong><br data-start=\"3642\" data-end=\"3645\" \/><strong data-start=\"3645\" data-end=\"3663\">Nome prodotto:<\/strong> Boccola meccanismo forca 20,3\u00d725\u00d734 mm ERE 120<br data-start=\"3710\" data-end=\"3713\" \/><strong data-start=\"3713\" data-end=\"3730\">Codice parte:<\/strong> 5146411<br data-start=\"3738\" data-end=\"3741\" \/><strong data-start=\"3741\" data-end=\"3755\">Materiale:<\/strong> Acciaio ad alta resistenza<br data-start=\"3782\" data-end=\"3785\" \/><strong data-start=\"3785\" data-end=\"3806\">Area di utilizzo:<\/strong> Collegamenti meccanismo forca dei transpallet Jungheinrich ERE 120<br data-start=\"3873\" data-end=\"3876\" \/><strong data-start=\"3876\" data-end=\"3890\">Vantaggio:<\/strong> Resistente a usura e urti, lunga durata, funzionamento stabile<\/p>\n<p data-start=\"3957\" data-end=\"4306\">\n","protected":false},"featured_media":12295,"template":"","meta":[],"product_brand":[],"product_cat":[441,464,465],"product_tag":[],"class_list":{"0":"post-12128","1":"product","2":"type-product","3":"status-publish","4":"has-post-thumbnail","6":"product_cat-yedek-parca","7":"product_cat-burc-ve-mill-grubu","8":"product_cat-catal-burclari","10":"first","11":"instock","12":"taxable","13":"shipping-taxable","14":"purchasable","15":"product-type-simple"},"_links":{"self":[{"href":"https:\/\/ceoparts.com\/it\/wp-json\/wp\/v2\/product\/12128","targetHints":{"allow":["GET"]}}],"collection":[{"href":"https:\/\/ceoparts.com\/it\/wp-json\/wp\/v2\/product"}],"about":[{"href":"https:\/\/ceoparts.com\/it\/wp-json\/wp\/v2\/types\/product"}],"wp:featuredmedia":[{"embeddable":true,"href":"https:\/\/ceoparts.com\/it\/wp-json\/wp\/v2\/media\/12295"}],"wp:attachment":[{"href":"https:\/\/ceoparts.com\/it\/wp-json\/wp\/v2\/media?parent=12128"}],"wp:term":[{"taxonomy":"product_brand","embeddable":true,"href":"https:\/\/ceoparts.com\/it\/wp-json\/wp\/v2\/product_brand?post=12128"},{"taxonomy":"product_cat","embeddable":true,"href":"https:\/\/ceoparts.com\/it\/wp-json\/wp\/v2\/product_cat?post=12128"},{"taxonomy":"product_tag","embeddable":true,"href":"https:\/\/ceoparts.com\/it\/wp-json\/wp\/v2\/product_tag?post=12128"}],"curies":[{"name":"wp","href":"https:\/\/api.w.org\/{rel}","templated":true}]}}