{"id":12394,"date":"2024-12-30T10:56:53","date_gmt":"2024-12-30T07:56:53","guid":{"rendered":"https:\/\/ceoparts.com\/?post_type=product&#038;p=12394"},"modified":"2026-05-16T08:30:50","modified_gmt":"2026-05-16T05:30:50","slug":"bt-h-ayak-245789","status":"publish","type":"product","link":"https:\/\/ceoparts.com\/it\/urun\/bt-h-ayak-245789\/","title":{"rendered":"BT Toyota  H parte &#8211; 245789"},"content":{"rendered":"<p>BT Toyota  H parte &#8211; 245789<\/p>\n<p>76&#215;17 BT H parte &#8211; 245789<\/p>","protected":false},"excerpt":{"rendered":"<p data-start=\"80\" data-end=\"359\"><br data-start=\"2970\" data-end=\"2973\" \/>Il piede H BT Toyota \u00e8 un componente robusto utilizzato per fornire equilibrio e supporto nei carrelli elevatori. Migliora la stabilit\u00e0 del meccanismo sotto carico e riduce le vibrazioni per un funzionamento pi\u00f9 sicuro. Realizzato con materiali di alta qualit\u00e0, garantisce una lunga durata.<\/p>\n<p data-start=\"3265\" data-end=\"3573\"><strong data-start=\"3265\" data-end=\"3285\">Caratteristiche:<\/strong><br data-start=\"3285\" data-end=\"3288\" \/><strong data-start=\"3288\" data-end=\"3306\">Nome prodotto:<\/strong> Piede H BT Toyota<br data-start=\"3324\" data-end=\"3327\" \/><strong data-start=\"3327\" data-end=\"3344\">Codice parte:<\/strong> 245789<br data-start=\"3351\" data-end=\"3354\" \/><strong data-start=\"3354\" data-end=\"3368\">Materiale:<\/strong> Acciaio resistente<br data-start=\"3387\" data-end=\"3390\" \/><strong data-start=\"3390\" data-end=\"3411\">Area di utilizzo:<\/strong> Punti di equilibrio e supporto nei carrelli BT Toyota<br data-start=\"3465\" data-end=\"3468\" \/><strong data-start=\"3468\" data-end=\"3482\">Vantaggio:<\/strong> Alta durabilit\u00e0, miglioramento della stabilit\u00e0, riduzione delle vibrazioni, lunga durata<\/p>\n<p data-start=\"3575\" data-end=\"3865\">\n","protected":false},"featured_media":12396,"template":"","meta":[],"product_brand":[],"product_cat":[521,531,251,406,407,410],"product_tag":[],"class_list":{"0":"post-12394","1":"product","2":"type-product","3":"status-publish","4":"has-post-thumbnail","6":"product_cat-toyota","7":"product_cat-mekanizmalar-toyota","8":"product_cat-bt","9":"product_cat-catal-mekanizma","10":"product_cat-bt-catal-mekanizmalari","11":"product_cat-catal-takim","13":"first","14":"instock","15":"taxable","16":"shipping-taxable","17":"purchasable","18":"product-type-simple"},"_links":{"self":[{"href":"https:\/\/ceoparts.com\/it\/wp-json\/wp\/v2\/product\/12394","targetHints":{"allow":["GET"]}}],"collection":[{"href":"https:\/\/ceoparts.com\/it\/wp-json\/wp\/v2\/product"}],"about":[{"href":"https:\/\/ceoparts.com\/it\/wp-json\/wp\/v2\/types\/product"}],"wp:featuredmedia":[{"embeddable":true,"href":"https:\/\/ceoparts.com\/it\/wp-json\/wp\/v2\/media\/12396"}],"wp:attachment":[{"href":"https:\/\/ceoparts.com\/it\/wp-json\/wp\/v2\/media?parent=12394"}],"wp:term":[{"taxonomy":"product_brand","embeddable":true,"href":"https:\/\/ceoparts.com\/it\/wp-json\/wp\/v2\/product_brand?post=12394"},{"taxonomy":"product_cat","embeddable":true,"href":"https:\/\/ceoparts.com\/it\/wp-json\/wp\/v2\/product_cat?post=12394"},{"taxonomy":"product_tag","embeddable":true,"href":"https:\/\/ceoparts.com\/it\/wp-json\/wp\/v2\/product_tag?post=12394"}],"curies":[{"name":"wp","href":"https:\/\/api.w.org\/{rel}","templated":true}]}}