{"id":12469,"date":"2025-01-03T16:57:37","date_gmt":"2025-01-03T13:57:37","guid":{"rendered":"https:\/\/ceoparts.com\/?post_type=product&#038;p=12469"},"modified":"2026-05-16T14:01:12","modified_gmt":"2026-05-16T11:01:12","slug":"250x100-80x28-wicke-yuk-tekeri-181314-1499031","status":"publish","type":"product","link":"https:\/\/ceoparts.com\/it\/urun\/250x100-80x28-wicke-yuk-tekeri-181314-1499031\/","title":{"rendered":"250&#215;100 (80&#215;28) Wicke Ruota da carico &#8211; 1499031"},"content":{"rendered":"<p>250&#215;100 (80&#215;28) Wicke Ruota da carico &#8211; 1499031<\/p>","protected":false},"excerpt":{"rendered":"<p data-start=\"0\" data-end=\"325\"><br data-start=\"3168\" data-end=\"3171\" \/>La ruota di carico Wicke 250\u00d7100 (80\u00d728) \u00e8 una ruota di alta qualit\u00e0 che garantisce un movimento sicuro e stabile dei carrelli elevatori durante il trasporto dei carichi. La struttura resistente e il rivestimento di qualit\u00e0 offrono un\u2019elevata resistenza all\u2019usura. Adatta all\u2019uso industriale intensivo grazie all\u2019elevata capacit\u00e0 di carico.<\/p>\n<p data-start=\"3513\" data-end=\"3857\"><strong data-start=\"3513\" data-end=\"3533\">Caratteristiche:<\/strong><br data-start=\"3533\" data-end=\"3536\" \/><strong data-start=\"3536\" data-end=\"3554\">Nome prodotto:<\/strong> Ruota di carico Wicke 250\u00d7100 (80\u00d728)<br data-start=\"3592\" data-end=\"3595\" \/><strong data-start=\"3595\" data-end=\"3612\">Codice parte:<\/strong> 1499031<br data-start=\"3620\" data-end=\"3623\" \/><strong data-start=\"3623\" data-end=\"3637\">Materiale:<\/strong> Corpo in ghisa rivestito in poliuretano<br data-start=\"3677\" data-end=\"3680\" \/><strong data-start=\"3680\" data-end=\"3701\">Area di utilizzo:<\/strong> Sistemi di trasporto carichi per carrelli elevatori<br data-start=\"3753\" data-end=\"3756\" \/><strong data-start=\"3756\" data-end=\"3770\">Vantaggio:<\/strong> Elevata capacit\u00e0 di carico, resistenza all\u2019usura, funzionamento silenzioso e stabile<\/p>\n<p data-start=\"3859\" data-end=\"4212\">\n","protected":false},"featured_media":12476,"template":"","meta":[],"product_brand":[],"product_cat":[401,405,256,261,194],"product_tag":[],"class_list":{"0":"post-12469","1":"product","2":"type-product","3":"status-publish","4":"has-post-thumbnail","6":"product_cat-wicke","7":"product_cat-yuk-tekeri-wicke","8":"product_cat-hyster","9":"product_cat-yuk-tekeri-hyster","10":"product_cat-yuk-tekeri","12":"first","13":"instock","14":"taxable","15":"shipping-taxable","16":"purchasable","17":"product-type-simple"},"_links":{"self":[{"href":"https:\/\/ceoparts.com\/it\/wp-json\/wp\/v2\/product\/12469","targetHints":{"allow":["GET"]}}],"collection":[{"href":"https:\/\/ceoparts.com\/it\/wp-json\/wp\/v2\/product"}],"about":[{"href":"https:\/\/ceoparts.com\/it\/wp-json\/wp\/v2\/types\/product"}],"wp:featuredmedia":[{"embeddable":true,"href":"https:\/\/ceoparts.com\/it\/wp-json\/wp\/v2\/media\/12476"}],"wp:attachment":[{"href":"https:\/\/ceoparts.com\/it\/wp-json\/wp\/v2\/media?parent=12469"}],"wp:term":[{"taxonomy":"product_brand","embeddable":true,"href":"https:\/\/ceoparts.com\/it\/wp-json\/wp\/v2\/product_brand?post=12469"},{"taxonomy":"product_cat","embeddable":true,"href":"https:\/\/ceoparts.com\/it\/wp-json\/wp\/v2\/product_cat?post=12469"},{"taxonomy":"product_tag","embeddable":true,"href":"https:\/\/ceoparts.com\/it\/wp-json\/wp\/v2\/product_tag?post=12469"}],"curies":[{"name":"wp","href":"https:\/\/api.w.org\/{rel}","templated":true}]}}