{"id":12491,"date":"2025-01-04T11:30:58","date_gmt":"2025-01-04T08:30:58","guid":{"rendered":"https:\/\/ceoparts.com\/?post_type=product&#038;p=12491"},"modified":"2026-05-16T06:16:05","modified_gmt":"2026-05-16T03:16:05","slug":"hyster-wicke-denge-mekanizma-takimi-o100-4006485","status":"publish","type":"product","link":"https:\/\/ceoparts.com\/it\/urun\/hyster-wicke-denge-mekanizma-takimi-o100-4006485\/","title":{"rendered":"Set Meccanismo di Bilanciamento Hyster Wicke &#8211; \u00f8100 &#8211; 4006485"},"content":{"rendered":"<p>Set Meccanismo di Bilanciamento Hyster Wicke &#8211; \u00f8100 &#8211; 4006485<\/p>","protected":false},"excerpt":{"rendered":"<p data-start=\"0\" data-end=\"278\"><br data-start=\"3002\" data-end=\"3005\" \/>Il kit meccanismo di bilanciamento Hyster Wicke \u00f8100 \u00e8 un set durevole e ad alte prestazioni utilizzato nei carrelli elevatori. Migliora la stabilit\u00e0 del carrello, garantendo un\u2019operazione sicura e confortevole per l\u2019operatore. Realizzato con materiali di qualit\u00e0 per una lunga durata.<\/p>\n<p data-start=\"3292\" data-end=\"3608\"><strong data-start=\"3292\" data-end=\"3312\">Caratteristiche:<\/strong><br data-start=\"3312\" data-end=\"3315\" \/><strong data-start=\"3315\" data-end=\"3333\">Nome prodotto:<\/strong> Kit meccanismo di bilanciamento Hyster Wicke \u00f8100<br data-start=\"3383\" data-end=\"3386\" \/><strong data-start=\"3386\" data-end=\"3403\">Codice parte:<\/strong> 4006485<br data-start=\"3411\" data-end=\"3414\" \/><strong data-start=\"3414\" data-end=\"3428\">Materiale:<\/strong> Lega metallica resistente<br data-start=\"3454\" data-end=\"3457\" \/><strong data-start=\"3457\" data-end=\"3478\">Area di utilizzo:<\/strong> Sistema di bilanciamento carrelli elevatori Hyster<br data-start=\"3529\" data-end=\"3532\" \/><strong data-start=\"3532\" data-end=\"3546\">Vantaggio:<\/strong> Alta durabilit\u00e0, stabilit\u00e0 migliorata, prestazioni durature<\/p>\n<p data-start=\"3610\" data-end=\"3899\">\n","protected":false},"featured_media":13790,"template":"","meta":[],"product_brand":[],"product_cat":[256,401,420,421,424,532],"product_tag":[],"class_list":{"0":"post-12491","1":"product","2":"type-product","3":"status-publish","4":"has-post-thumbnail","6":"product_cat-hyster","7":"product_cat-wicke","8":"product_cat-denge-mekanizmalar","9":"product_cat-hyster-denge-mekanizma","10":"product_cat-wicke-denge-mekanizma","11":"product_cat-mekanizmalar-wicke","13":"first","14":"instock","15":"taxable","16":"shipping-taxable","17":"purchasable","18":"product-type-simple"},"_links":{"self":[{"href":"https:\/\/ceoparts.com\/it\/wp-json\/wp\/v2\/product\/12491","targetHints":{"allow":["GET"]}}],"collection":[{"href":"https:\/\/ceoparts.com\/it\/wp-json\/wp\/v2\/product"}],"about":[{"href":"https:\/\/ceoparts.com\/it\/wp-json\/wp\/v2\/types\/product"}],"wp:featuredmedia":[{"embeddable":true,"href":"https:\/\/ceoparts.com\/it\/wp-json\/wp\/v2\/media\/13790"}],"wp:attachment":[{"href":"https:\/\/ceoparts.com\/it\/wp-json\/wp\/v2\/media?parent=12491"}],"wp:term":[{"taxonomy":"product_brand","embeddable":true,"href":"https:\/\/ceoparts.com\/it\/wp-json\/wp\/v2\/product_brand?post=12491"},{"taxonomy":"product_cat","embeddable":true,"href":"https:\/\/ceoparts.com\/it\/wp-json\/wp\/v2\/product_cat?post=12491"},{"taxonomy":"product_tag","embeddable":true,"href":"https:\/\/ceoparts.com\/it\/wp-json\/wp\/v2\/product_tag?post=12491"}],"curies":[{"name":"wp","href":"https:\/\/api.w.org\/{rel}","templated":true}]}}