{"id":12630,"date":"2025-01-06T17:20:22","date_gmt":"2025-01-06T14:20:22","guid":{"rendered":"https:\/\/ceoparts.com\/?post_type=product&#038;p=12630"},"modified":"2026-05-16T11:50:29","modified_gmt":"2026-05-16T08:50:29","slug":"forklift-dc-dc-konverter-voltaj-dusurucu-48v-24v-15a","status":"publish","type":"product","link":"https:\/\/ceoparts.com\/it\/urun\/forklift-dc-dc-konverter-voltaj-dusurucu-48v-24v-15a\/","title":{"rendered":"Convertitore DC-DC per carrello elevatore, riduttore di tensione 48V a 24V 15A"},"content":{"rendered":"<p>Convertitore DC-DC per carrello elevatore, riduttore di tensione 48V a 24V 15A<\/p>","protected":false},"excerpt":{"rendered":"<p data-start=\"0\" data-end=\"284\"><br data-start=\"3237\" data-end=\"3240\" \/>Convertitore DC-DC per carrello elevatore riduttore di tensione 48V-24V 15A \u00e8 un dispositivo di conversione di alta qualit\u00e0 utilizzato in carrelli elevatori e macchinari. Converte una tensione di ingresso di 48V in uscita a 24V con capacit\u00e0 di corrente di 15 ampere. Supporta un funzionamento stabile e sicuro dei sistemi elettronici.<\/p>\n<p data-start=\"3576\" data-end=\"3935\"><strong data-start=\"3576\" data-end=\"3596\">Caratteristiche:<\/strong><br data-start=\"3596\" data-end=\"3599\" \/><strong data-start=\"3599\" data-end=\"3617\">Nome prodotto:<\/strong> Convertitore DC-DC per carrello elevatore riduttore di tensione 48V-24V 15A<br data-start=\"3693\" data-end=\"3696\" \/><strong data-start=\"3696\" data-end=\"3713\">Codice parte:<\/strong> &#8211;<br data-start=\"3715\" data-end=\"3718\" \/><strong data-start=\"3718\" data-end=\"3732\">Materiale:<\/strong> Componenti elettronici durevoli<br data-start=\"3764\" data-end=\"3767\" \/><strong data-start=\"3767\" data-end=\"3788\">Area di utilizzo:<\/strong> Sistemi elettronici di carrelli elevatori e macchinari<br data-start=\"3843\" data-end=\"3846\" \/><strong data-start=\"3846\" data-end=\"3860\">Vantaggio:<\/strong> Alta efficienza, uscita di tensione stabile, protezione da sovracorrente<\/p>\n<p data-start=\"3937\" data-end=\"4272\">\n","protected":false},"featured_media":12636,"template":"","meta":[],"product_brand":[],"product_cat":[442,448],"product_tag":[],"class_list":{"0":"post-12630","1":"product","2":"type-product","3":"status-publish","4":"has-post-thumbnail","6":"product_cat-aku-yedek-parcalari","7":"product_cat-guc-kaynaklari","9":"first","10":"instock","11":"taxable","12":"shipping-taxable","13":"purchasable","14":"product-type-simple"},"_links":{"self":[{"href":"https:\/\/ceoparts.com\/it\/wp-json\/wp\/v2\/product\/12630","targetHints":{"allow":["GET"]}}],"collection":[{"href":"https:\/\/ceoparts.com\/it\/wp-json\/wp\/v2\/product"}],"about":[{"href":"https:\/\/ceoparts.com\/it\/wp-json\/wp\/v2\/types\/product"}],"wp:featuredmedia":[{"embeddable":true,"href":"https:\/\/ceoparts.com\/it\/wp-json\/wp\/v2\/media\/12636"}],"wp:attachment":[{"href":"https:\/\/ceoparts.com\/it\/wp-json\/wp\/v2\/media?parent=12630"}],"wp:term":[{"taxonomy":"product_brand","embeddable":true,"href":"https:\/\/ceoparts.com\/it\/wp-json\/wp\/v2\/product_brand?post=12630"},{"taxonomy":"product_cat","embeddable":true,"href":"https:\/\/ceoparts.com\/it\/wp-json\/wp\/v2\/product_cat?post=12630"},{"taxonomy":"product_tag","embeddable":true,"href":"https:\/\/ceoparts.com\/it\/wp-json\/wp\/v2\/product_tag?post=12630"}],"curies":[{"name":"wp","href":"https:\/\/api.w.org\/{rel}","templated":true}]}}