{"id":12749,"date":"2025-01-08T13:32:18","date_gmt":"2025-01-08T10:32:18","guid":{"rendered":"https:\/\/ceoparts.com\/?post_type=product&#038;p=12749"},"modified":"2026-05-03T17:40:57","modified_gmt":"2026-05-03T14:40:57","slug":"frotek-forklift-aku-baglanti-kablosu-35x95-6103510095","status":"publish","type":"product","link":"https:\/\/ceoparts.com\/it\/urun\/frotek-forklift-aku-baglanti-kablosu-35x95-6103510095\/","title":{"rendered":"Cavo di Connessione Batteria Frotek per Carrello Elevatore 35&#215;95 &#8211; 6103510095"},"content":{"rendered":"<p>Cavo di Connessione Batteria Frotek per Carrello Elevatore 35&#215;95 &#8211; 6103510095<\/p>","protected":false},"excerpt":{"rendered":"<p data-start=\"0\" data-end=\"232\"><br data-start=\"2886\" data-end=\"2889\" \/>Cavo di collegamento celle batteria Fr\u00f6tek 35\u00d795 \u00e8 un cavo resistente e di alta qualit\u00e0 utilizzato in carrelli elevatori e macchinari. Misura 35 mm di larghezza e 95 mm di lunghezza, garantendo una trasmissione di energia sicura e affidabile.<\/p>\n<p data-start=\"3133\" data-end=\"3474\"><strong data-start=\"3133\" data-end=\"3153\">Caratteristiche:<\/strong><br data-start=\"3153\" data-end=\"3156\" \/><strong data-start=\"3156\" data-end=\"3174\">Nome prodotto:<\/strong> Cavo di collegamento celle batteria Fr\u00f6tek 35\u00d795<br data-start=\"3223\" data-end=\"3226\" \/><strong data-start=\"3226\" data-end=\"3243\">Codice parte:<\/strong> 6103510095<br data-start=\"3254\" data-end=\"3257\" \/><strong data-start=\"3257\" data-end=\"3271\">Materiale:<\/strong> Lega metallica resistente e cavo di qualit\u00e0<br data-start=\"3315\" data-end=\"3318\" \/><strong data-start=\"3318\" data-end=\"3339\">Area di utilizzo:<\/strong> Collegamento celle batteria per carrelli elevatori e macchinari<br data-start=\"3403\" data-end=\"3406\" \/><strong data-start=\"3406\" data-end=\"3420\">Vantaggio:<\/strong> Alta conducibilit\u00e0, struttura robusta, lunga durata<\/p>\n<p data-start=\"3476\" data-end=\"3710\">\n","protected":false},"featured_media":12744,"template":"","meta":[],"product_brand":[],"product_cat":[442,446],"product_tag":[],"class_list":{"0":"post-12749","1":"product","2":"type-product","3":"status-publish","4":"has-post-thumbnail","6":"product_cat-aku-yedek-parcalari","7":"product_cat-aku-bar","9":"first","10":"instock","11":"taxable","12":"shipping-taxable","13":"purchasable","14":"product-type-simple"},"_links":{"self":[{"href":"https:\/\/ceoparts.com\/it\/wp-json\/wp\/v2\/product\/12749","targetHints":{"allow":["GET"]}}],"collection":[{"href":"https:\/\/ceoparts.com\/it\/wp-json\/wp\/v2\/product"}],"about":[{"href":"https:\/\/ceoparts.com\/it\/wp-json\/wp\/v2\/types\/product"}],"wp:featuredmedia":[{"embeddable":true,"href":"https:\/\/ceoparts.com\/it\/wp-json\/wp\/v2\/media\/12744"}],"wp:attachment":[{"href":"https:\/\/ceoparts.com\/it\/wp-json\/wp\/v2\/media?parent=12749"}],"wp:term":[{"taxonomy":"product_brand","embeddable":true,"href":"https:\/\/ceoparts.com\/it\/wp-json\/wp\/v2\/product_brand?post=12749"},{"taxonomy":"product_cat","embeddable":true,"href":"https:\/\/ceoparts.com\/it\/wp-json\/wp\/v2\/product_cat?post=12749"},{"taxonomy":"product_tag","embeddable":true,"href":"https:\/\/ceoparts.com\/it\/wp-json\/wp\/v2\/product_tag?post=12749"}],"curies":[{"name":"wp","href":"https:\/\/api.w.org\/{rel}","templated":true}]}}