{"id":12758,"date":"2025-01-08T14:00:26","date_gmt":"2025-01-08T11:00:26","guid":{"rendered":"https:\/\/ceoparts.com\/?post_type=product&#038;p=12758"},"modified":"2026-05-16T08:29:38","modified_gmt":"2026-05-16T05:29:38","slug":"frotek-forklift-aku-baglanti-kablosu-50x110-6105010110","status":"publish","type":"product","link":"https:\/\/ceoparts.com\/it\/urun\/frotek-forklift-aku-baglanti-kablosu-50x110-6105010110\/","title":{"rendered":"Cavo di Connessione Batteria Frotek per Carrello Elevatore 50&#215;110 &#8211; 6105010110"},"content":{"rendered":"<p>Cavo di Connessione Batteria Frotek per Carrello Elevatore 50&#215;110 &#8211; 6105010110<\/p>","protected":false},"excerpt":{"rendered":"<p data-start=\"0\" data-end=\"234\"><br data-start=\"2901\" data-end=\"2904\" \/>Cavo di collegamento celle batteria Fr\u00f6tek 50\u00d7110 \u00e8 un cavo resistente e di alta qualit\u00e0 utilizzato in carrelli elevatori e macchinari. Misura 50 mm di larghezza e 110 mm di lunghezza, garantendo una trasmissione di energia sicura e affidabile.<\/p>\n<p data-start=\"3150\" data-end=\"3492\"><strong data-start=\"3150\" data-end=\"3170\">Caratteristiche:<\/strong><br data-start=\"3170\" data-end=\"3173\" \/><strong data-start=\"3173\" data-end=\"3191\">Nome prodotto:<\/strong> Cavo di collegamento celle batteria Fr\u00f6tek 50\u00d7110<br data-start=\"3241\" data-end=\"3244\" \/><strong data-start=\"3244\" data-end=\"3261\">Codice parte:<\/strong> 6105010110<br data-start=\"3272\" data-end=\"3275\" \/><strong data-start=\"3275\" data-end=\"3289\">Materiale:<\/strong> Lega metallica resistente e cavo di qualit\u00e0<br data-start=\"3333\" data-end=\"3336\" \/><strong data-start=\"3336\" data-end=\"3357\">Area di utilizzo:<\/strong> Collegamento celle batteria per carrelli elevatori e macchinari<br data-start=\"3421\" data-end=\"3424\" \/><strong data-start=\"3424\" data-end=\"3438\">Vantaggio:<\/strong> Alta conducibilit\u00e0, struttura robusta, lunga durata<\/p>\n<p data-start=\"3494\" data-end=\"3730\">\n","protected":false},"featured_media":16857,"template":"","meta":[],"product_brand":[],"product_cat":[442,446],"product_tag":[],"class_list":{"0":"post-12758","1":"product","2":"type-product","3":"status-publish","4":"has-post-thumbnail","6":"product_cat-aku-yedek-parcalari","7":"product_cat-aku-bar","9":"first","10":"instock","11":"taxable","12":"shipping-taxable","13":"purchasable","14":"product-type-simple"},"_links":{"self":[{"href":"https:\/\/ceoparts.com\/it\/wp-json\/wp\/v2\/product\/12758","targetHints":{"allow":["GET"]}}],"collection":[{"href":"https:\/\/ceoparts.com\/it\/wp-json\/wp\/v2\/product"}],"about":[{"href":"https:\/\/ceoparts.com\/it\/wp-json\/wp\/v2\/types\/product"}],"wp:featuredmedia":[{"embeddable":true,"href":"https:\/\/ceoparts.com\/it\/wp-json\/wp\/v2\/media\/16857"}],"wp:attachment":[{"href":"https:\/\/ceoparts.com\/it\/wp-json\/wp\/v2\/media?parent=12758"}],"wp:term":[{"taxonomy":"product_brand","embeddable":true,"href":"https:\/\/ceoparts.com\/it\/wp-json\/wp\/v2\/product_brand?post=12758"},{"taxonomy":"product_cat","embeddable":true,"href":"https:\/\/ceoparts.com\/it\/wp-json\/wp\/v2\/product_cat?post=12758"},{"taxonomy":"product_tag","embeddable":true,"href":"https:\/\/ceoparts.com\/it\/wp-json\/wp\/v2\/product_tag?post=12758"}],"curies":[{"name":"wp","href":"https:\/\/api.w.org\/{rel}","templated":true}]}}