{"id":13133,"date":"2025-01-16T10:48:19","date_gmt":"2025-01-16T07:48:19","guid":{"rendered":"https:\/\/ceoparts.com\/?post_type=product&#038;p=13133"},"modified":"2026-05-16T19:19:39","modified_gmt":"2026-05-16T16:19:39","slug":"norma-osram-cipli-kucuk-u-led","status":"publish","type":"product","link":"https:\/\/ceoparts.com\/it\/urun\/norma-osram-cipli-kucuk-u-led\/","title":{"rendered":"Norma Osram Chip Piccolo U Led 10-110V 5W"},"content":{"rendered":"<p>Norma Osram Chip Piccolo U Led 10-110V 5W<\/p>","protected":false},"excerpt":{"rendered":"<p data-start=\"0\" data-end=\"223\"><br data-start=\"3006\" data-end=\"3009\" \/>Norma Osram Chip Piccola LED a U 10-110V 5W \u00e8 una lampada LED piccola a forma di U di alta qualit\u00e0 con chip Osram utilizzata nei carrelli elevatori e nei mezzi da lavoro. \u00c8 efficiente dal punto di vista energetico e duratura, fornendo un\u2019illuminazione efficiente con 5 watt.<\/p>\n<p data-start=\"3285\" data-end=\"3646\"><strong data-start=\"3285\" data-end=\"3305\">Caratteristiche:<\/strong><br data-start=\"3305\" data-end=\"3308\" \/><strong data-start=\"3308\" data-end=\"3326\">Nome prodotto:<\/strong> Norma Osram Chip Piccola LED a U 10-110V 5W<br data-start=\"3370\" data-end=\"3373\" \/><strong data-start=\"3373\" data-end=\"3390\">Codice parte:<\/strong> NR161840<br data-start=\"3399\" data-end=\"3402\" \/><strong data-start=\"3402\" data-end=\"3416\">Materiale:<\/strong> Scocca resistente in plastica e alluminio<br data-start=\"3458\" data-end=\"3461\" \/><strong data-start=\"3461\" data-end=\"3482\">Area di utilizzo:<\/strong> Sistemi di illuminazione per carrelli elevatori e mezzi da lavoro<br data-start=\"3548\" data-end=\"3551\" \/><strong data-start=\"3551\" data-end=\"3565\">Vantaggio:<\/strong> Tecnologia chip Osram, basso consumo energetico, lunga durata, design compatto<\/p>\n<p data-start=\"3648\" data-end=\"3934\">\n","protected":false},"featured_media":18275,"template":"","meta":[],"product_brand":[],"product_cat":[463],"product_tag":[],"class_list":{"0":"post-13133","1":"product","2":"type-product","3":"status-publish","4":"has-post-thumbnail","6":"product_cat-aydinlatma-grubu","8":"first","9":"instock","10":"taxable","11":"shipping-taxable","12":"purchasable","13":"product-type-simple"},"_links":{"self":[{"href":"https:\/\/ceoparts.com\/it\/wp-json\/wp\/v2\/product\/13133","targetHints":{"allow":["GET"]}}],"collection":[{"href":"https:\/\/ceoparts.com\/it\/wp-json\/wp\/v2\/product"}],"about":[{"href":"https:\/\/ceoparts.com\/it\/wp-json\/wp\/v2\/types\/product"}],"wp:featuredmedia":[{"embeddable":true,"href":"https:\/\/ceoparts.com\/it\/wp-json\/wp\/v2\/media\/18275"}],"wp:attachment":[{"href":"https:\/\/ceoparts.com\/it\/wp-json\/wp\/v2\/media?parent=13133"}],"wp:term":[{"taxonomy":"product_brand","embeddable":true,"href":"https:\/\/ceoparts.com\/it\/wp-json\/wp\/v2\/product_brand?post=13133"},{"taxonomy":"product_cat","embeddable":true,"href":"https:\/\/ceoparts.com\/it\/wp-json\/wp\/v2\/product_cat?post=13133"},{"taxonomy":"product_tag","embeddable":true,"href":"https:\/\/ceoparts.com\/it\/wp-json\/wp\/v2\/product_tag?post=13133"}],"curies":[{"name":"wp","href":"https:\/\/api.w.org\/{rel}","templated":true}]}}