{"id":13332,"date":"2025-01-17T14:00:20","date_gmt":"2025-01-17T11:00:20","guid":{"rendered":"https:\/\/ceoparts.com\/?post_type=product&#038;p=13332"},"modified":"2026-05-16T14:32:56","modified_gmt":"2026-05-16T11:32:56","slug":"11301b-rulman-hiz-sensoru","status":"publish","type":"product","link":"https:\/\/ceoparts.com\/it\/urun\/11301b-rulman-hiz-sensoru\/","title":{"rendered":"Sensore di velocit\u00e0 del cuscinetto 6208"},"content":{"rendered":"<p>Sensore di velocit\u00e0 del cuscinetto 6208<\/p>","protected":false},"excerpt":{"rendered":"<p data-start=\"0\" data-end=\"201\"><br data-start=\"2658\" data-end=\"2661\" \/>Il sensore di velocit\u00e0 del cuscinetto \u00e8 un sensore resistente che misura con precisione la velocit\u00e0 di rotazione dei cuscinetti nei carrelli elevatori e nelle macchine industriali. Viene utilizzato nei sistemi di controllo della velocit\u00e0 e monitoraggio delle prestazioni.<\/p>\n<p data-start=\"2934\" data-end=\"3277\"><strong data-start=\"2934\" data-end=\"2954\">Caratteristiche:<\/strong><br data-start=\"2954\" data-end=\"2957\" \/><strong data-start=\"2957\" data-end=\"2975\">Nome prodotto:<\/strong> Sensore di velocit\u00e0 del cuscinetto<br data-start=\"3010\" data-end=\"3013\" \/><strong data-start=\"3013\" data-end=\"3030\">Codice parte:<\/strong> 6208<br data-start=\"3035\" data-end=\"3038\" \/><strong data-start=\"3038\" data-end=\"3052\">Materiale:<\/strong> Componenti metallici ed elettronici<br data-start=\"3088\" data-end=\"3091\" \/><strong data-start=\"3091\" data-end=\"3112\">Area di utilizzo:<\/strong> Sistemi di controllo della velocit\u00e0 per carrelli elevatori e macchine industriali<br data-start=\"3194\" data-end=\"3197\" \/><strong data-start=\"3197\" data-end=\"3211\">Vantaggio:<\/strong> Alta precisione, costruzione resistente, prestazioni affidabili<\/p>\n<p data-start=\"3279\" data-end=\"3539\">\n","protected":false},"featured_media":13333,"template":"","meta":[],"product_brand":[],"product_cat":[469],"product_tag":[],"class_list":{"0":"post-13332","1":"product","2":"type-product","3":"status-publish","4":"has-post-thumbnail","6":"product_cat-elektrik-ve-sistem-parcalari","8":"first","9":"instock","10":"taxable","11":"shipping-taxable","12":"purchasable","13":"product-type-simple"},"_links":{"self":[{"href":"https:\/\/ceoparts.com\/it\/wp-json\/wp\/v2\/product\/13332","targetHints":{"allow":["GET"]}}],"collection":[{"href":"https:\/\/ceoparts.com\/it\/wp-json\/wp\/v2\/product"}],"about":[{"href":"https:\/\/ceoparts.com\/it\/wp-json\/wp\/v2\/types\/product"}],"wp:featuredmedia":[{"embeddable":true,"href":"https:\/\/ceoparts.com\/it\/wp-json\/wp\/v2\/media\/13333"}],"wp:attachment":[{"href":"https:\/\/ceoparts.com\/it\/wp-json\/wp\/v2\/media?parent=13332"}],"wp:term":[{"taxonomy":"product_brand","embeddable":true,"href":"https:\/\/ceoparts.com\/it\/wp-json\/wp\/v2\/product_brand?post=13332"},{"taxonomy":"product_cat","embeddable":true,"href":"https:\/\/ceoparts.com\/it\/wp-json\/wp\/v2\/product_cat?post=13332"},{"taxonomy":"product_tag","embeddable":true,"href":"https:\/\/ceoparts.com\/it\/wp-json\/wp\/v2\/product_tag?post=13332"}],"curies":[{"name":"wp","href":"https:\/\/api.w.org\/{rel}","templated":true}]}}