{"id":13397,"date":"2025-01-18T09:59:23","date_gmt":"2025-01-18T06:59:23","guid":{"rendered":"https:\/\/ceoparts.com\/?post_type=product&#038;p=13397"},"modified":"2026-05-16T14:01:42","modified_gmt":"2026-05-16T11:01:42","slug":"devir-sensoru-lj8a3-2-z-ay-dc","status":"publish","type":"product","link":"https:\/\/ceoparts.com\/it\/urun\/devir-sensoru-lj8a3-2-z-ay-dc\/","title":{"rendered":"Sensore di rotazione &#8211; LJ8A3-2-Z\/AY Dc"},"content":{"rendered":"<p>Sensore di rotazione &#8211; LJ8A3-2-Z\/AY Dc<\/p>","protected":false},"excerpt":{"rendered":"<p data-start=\"0\" data-end=\"253\"><br data-start=\"2918\" data-end=\"2921\" \/>Il sensore di velocit\u00e0 LJ8A3-2-Z\/AY DC \u00e8 un sensore induttivo preciso utilizzato per misurare e controllare la velocit\u00e0 del motore nei carrelli elevatori e macchinari industriali. Consente di rilevare in anticipo situazioni di sovravelocit\u00e0 o arresto.<\/p>\n<p data-start=\"3174\" data-end=\"3516\"><strong data-start=\"3174\" data-end=\"3194\">Caratteristiche:<\/strong><br data-start=\"3194\" data-end=\"3197\" \/><strong data-start=\"3197\" data-end=\"3215\">Nome prodotto:<\/strong> Sensore di velocit\u00e0<br data-start=\"3235\" data-end=\"3238\" \/><strong data-start=\"3238\" data-end=\"3255\">Codice parte:<\/strong> LJ8A3-2-Z\/AY DC<br data-start=\"3271\" data-end=\"3274\" \/><strong data-start=\"3274\" data-end=\"3288\">Materiale:<\/strong> Corpo in acciaio inox e componenti elettronici<br data-start=\"3335\" data-end=\"3338\" \/><strong data-start=\"3338\" data-end=\"3359\">Area di utilizzo:<\/strong> Sistemi di controllo velocit\u00e0 motore per carrelli elevatori e macchine industriali<br data-start=\"3442\" data-end=\"3445\" \/><strong data-start=\"3445\" data-end=\"3459\">Vantaggio:<\/strong> Alta precisione, struttura resistente, risposta rapida<\/p>\n<p data-start=\"3518\" data-end=\"3789\">\n","protected":false},"featured_media":13399,"template":"","meta":[],"product_brand":[],"product_cat":[469],"product_tag":[],"class_list":{"0":"post-13397","1":"product","2":"type-product","3":"status-publish","4":"has-post-thumbnail","6":"product_cat-elektrik-ve-sistem-parcalari","8":"first","9":"instock","10":"taxable","11":"shipping-taxable","12":"purchasable","13":"product-type-simple"},"_links":{"self":[{"href":"https:\/\/ceoparts.com\/it\/wp-json\/wp\/v2\/product\/13397","targetHints":{"allow":["GET"]}}],"collection":[{"href":"https:\/\/ceoparts.com\/it\/wp-json\/wp\/v2\/product"}],"about":[{"href":"https:\/\/ceoparts.com\/it\/wp-json\/wp\/v2\/types\/product"}],"wp:featuredmedia":[{"embeddable":true,"href":"https:\/\/ceoparts.com\/it\/wp-json\/wp\/v2\/media\/13399"}],"wp:attachment":[{"href":"https:\/\/ceoparts.com\/it\/wp-json\/wp\/v2\/media?parent=13397"}],"wp:term":[{"taxonomy":"product_brand","embeddable":true,"href":"https:\/\/ceoparts.com\/it\/wp-json\/wp\/v2\/product_brand?post=13397"},{"taxonomy":"product_cat","embeddable":true,"href":"https:\/\/ceoparts.com\/it\/wp-json\/wp\/v2\/product_cat?post=13397"},{"taxonomy":"product_tag","embeddable":true,"href":"https:\/\/ceoparts.com\/it\/wp-json\/wp\/v2\/product_tag?post=13397"}],"curies":[{"name":"wp","href":"https:\/\/api.w.org\/{rel}","templated":true}]}}