{"id":13407,"date":"2025-01-18T10:37:14","date_gmt":"2025-01-18T07:37:14","guid":{"rendered":"https:\/\/ceoparts.com\/?post_type=product&#038;p=13407"},"modified":"2026-05-16T18:10:27","modified_gmt":"2026-05-16T15:10:27","slug":"linde-indirme-kaldirma-joystick-7919040015","status":"publish","type":"product","link":"https:\/\/ceoparts.com\/it\/urun\/linde-indirme-kaldirma-joystick-7919040015\/","title":{"rendered":"Joystick di sollevamento e abbassamento Linde &#8211; 7919040015"},"content":{"rendered":"<p>Joystick di sollevamento e abbassamento Linde &#8211; 7919040015<\/p>\n<p>E16C 1275 H25, 30, 35 393 i\u00e7in ge\u00e7erlidir. E25, E25S, E30S 1276 i\u00e7in. E14,16,18,20 335 i\u00e7in.<\/p>","protected":false},"excerpt":{"rendered":"<p data-start=\"0\" data-end=\"253\"><br data-start=\"2861\" data-end=\"2864\" \/>Il joystick solleva-abbassa Linde \u00e8 una leva di comando ergonomica e resistente utilizzata per controllare le operazioni di sollevamento e abbassamento nei carrelli elevatori. Consente manovre rapide e precise, migliorando la sicurezza e l&#8217;efficienza.<\/p>\n<p data-start=\"3117\" data-end=\"3451\"><strong data-start=\"3117\" data-end=\"3137\">Caratteristiche:<\/strong><br data-start=\"3137\" data-end=\"3140\" \/><strong data-start=\"3140\" data-end=\"3158\">Nome prodotto:<\/strong> Joystick solleva-abbassa Linde<br data-start=\"3189\" data-end=\"3192\" \/><strong data-start=\"3192\" data-end=\"3209\">Codice parte:<\/strong> 7919040015<br data-start=\"3220\" data-end=\"3223\" \/><strong data-start=\"3223\" data-end=\"3237\">Materiale:<\/strong> Plastica resistente e componenti elettronici<br data-start=\"3282\" data-end=\"3285\" \/><strong data-start=\"3285\" data-end=\"3306\">Area di utilizzo:<\/strong> Sistemi di sollevamento e abbassamento carrelli elevatori Linde<br data-start=\"3370\" data-end=\"3373\" \/><strong data-start=\"3373\" data-end=\"3387\">Vantaggio:<\/strong> Design ergonomico, alta sensibilit\u00e0 di risposta, lunga durata<\/p>\n<p data-start=\"3453\" data-end=\"3720\">\n","protected":false},"featured_media":13409,"template":"","meta":[],"product_brand":[],"product_cat":[246,471,523],"product_tag":[],"class_list":{"0":"post-13407","1":"product","2":"type-product","3":"status-publish","4":"has-post-thumbnail","6":"product_cat-linde","7":"product_cat-joystick-pedal-yedek-parca","8":"product_cat-yedek-parca-linde","10":"first","11":"instock","12":"taxable","13":"shipping-taxable","14":"purchasable","15":"product-type-simple"},"_links":{"self":[{"href":"https:\/\/ceoparts.com\/it\/wp-json\/wp\/v2\/product\/13407","targetHints":{"allow":["GET"]}}],"collection":[{"href":"https:\/\/ceoparts.com\/it\/wp-json\/wp\/v2\/product"}],"about":[{"href":"https:\/\/ceoparts.com\/it\/wp-json\/wp\/v2\/types\/product"}],"wp:featuredmedia":[{"embeddable":true,"href":"https:\/\/ceoparts.com\/it\/wp-json\/wp\/v2\/media\/13409"}],"wp:attachment":[{"href":"https:\/\/ceoparts.com\/it\/wp-json\/wp\/v2\/media?parent=13407"}],"wp:term":[{"taxonomy":"product_brand","embeddable":true,"href":"https:\/\/ceoparts.com\/it\/wp-json\/wp\/v2\/product_brand?post=13407"},{"taxonomy":"product_cat","embeddable":true,"href":"https:\/\/ceoparts.com\/it\/wp-json\/wp\/v2\/product_cat?post=13407"},{"taxonomy":"product_tag","embeddable":true,"href":"https:\/\/ceoparts.com\/it\/wp-json\/wp\/v2\/product_tag?post=13407"}],"curies":[{"name":"wp","href":"https:\/\/api.w.org\/{rel}","templated":true}]}}