{"id":13518,"date":"2025-01-21T11:36:04","date_gmt":"2025-01-21T08:36:04","guid":{"rendered":"https:\/\/ceoparts.com\/?post_type=product&#038;p=13518"},"modified":"2026-05-16T16:18:30","modified_gmt":"2026-05-16T13:18:30","slug":"still-ecu-devir-sensoru-11397163-7917415417","status":"publish","type":"product","link":"https:\/\/ceoparts.com\/it\/urun\/still-ecu-devir-sensoru-11397163-7917415417\/","title":{"rendered":"Sensore di giri Still ECU &#8211; 11397163, 7917415417"},"content":{"rendered":"<p>Sensore di giri Still ECU &#8211; 11397163, 7917415417<\/p>","protected":false},"excerpt":{"rendered":"<p data-start=\"0\" data-end=\"202\"><br data-start=\"2531\" data-end=\"2534\" \/>Il sensore di giri Still ECU \u00e8 un sensore di alta qualit\u00e0 che misura la velocit\u00e0 del motore dei carrelli elevatori e invia dati precisi all\u2019unit\u00e0 di controllo elettronica. Contribuisce a ottimizzare le prestazioni del motore.<\/p>\n<p data-start=\"2761\" data-end=\"3059\"><strong data-start=\"2761\" data-end=\"2781\">Caratteristiche:<\/strong><br data-start=\"2781\" data-end=\"2784\" \/><strong data-start=\"2784\" data-end=\"2802\">Nome prodotto:<\/strong> Sensore di giri Still ECU<br data-start=\"2828\" data-end=\"2831\" \/><strong data-start=\"2831\" data-end=\"2848\">Codice parte:<\/strong> 11397163, 7917415417<br data-start=\"2869\" data-end=\"2872\" \/><strong data-start=\"2872\" data-end=\"2886\">Materiale:<\/strong> Componenti elettronici durevoli<br data-start=\"2918\" data-end=\"2921\" \/><strong data-start=\"2921\" data-end=\"2942\">Area di utilizzo:<\/strong> Sistemi motore dei carrelli elevatori Still<br data-start=\"2986\" data-end=\"2989\" \/><strong data-start=\"2989\" data-end=\"3003\">Vantaggio:<\/strong> Alta precisione, prestazioni affidabili, lunga durata<\/p>\n<p data-start=\"3061\" data-end=\"3294\">\n","protected":false},"featured_media":13522,"template":"","meta":[],"product_brand":[],"product_cat":[241,469,524],"product_tag":[],"class_list":{"0":"post-13518","1":"product","2":"type-product","3":"status-publish","4":"has-post-thumbnail","6":"product_cat-still","7":"product_cat-elektrik-ve-sistem-parcalari","8":"product_cat-yedek-parca-still","10":"first","11":"instock","12":"taxable","13":"shipping-taxable","14":"purchasable","15":"product-type-simple"},"_links":{"self":[{"href":"https:\/\/ceoparts.com\/it\/wp-json\/wp\/v2\/product\/13518","targetHints":{"allow":["GET"]}}],"collection":[{"href":"https:\/\/ceoparts.com\/it\/wp-json\/wp\/v2\/product"}],"about":[{"href":"https:\/\/ceoparts.com\/it\/wp-json\/wp\/v2\/types\/product"}],"wp:featuredmedia":[{"embeddable":true,"href":"https:\/\/ceoparts.com\/it\/wp-json\/wp\/v2\/media\/13522"}],"wp:attachment":[{"href":"https:\/\/ceoparts.com\/it\/wp-json\/wp\/v2\/media?parent=13518"}],"wp:term":[{"taxonomy":"product_brand","embeddable":true,"href":"https:\/\/ceoparts.com\/it\/wp-json\/wp\/v2\/product_brand?post=13518"},{"taxonomy":"product_cat","embeddable":true,"href":"https:\/\/ceoparts.com\/it\/wp-json\/wp\/v2\/product_cat?post=13518"},{"taxonomy":"product_tag","embeddable":true,"href":"https:\/\/ceoparts.com\/it\/wp-json\/wp\/v2\/product_tag?post=13518"}],"curies":[{"name":"wp","href":"https:\/\/api.w.org\/{rel}","templated":true}]}}