{"id":13523,"date":"2025-01-21T11:50:20","date_gmt":"2025-01-21T08:50:20","guid":{"rendered":"https:\/\/ceoparts.com\/?post_type=product&#038;p=13523"},"modified":"2026-05-16T22:12:21","modified_gmt":"2026-05-16T19:12:21","slug":"linde-yakinlik-sensoru-12051073-7917415652","status":"publish","type":"product","link":"https:\/\/ceoparts.com\/it\/urun\/linde-yakinlik-sensoru-12051073-7917415652\/","title":{"rendered":"Sensore di prossimit\u00e0 Linde &#8211; 12051073, 7917415652"},"content":{"rendered":"<p>Sensore di prossimit\u00e0 Linde &#8211; 12051073, 7917415652<\/p>","protected":false},"excerpt":{"rendered":"<p data-start=\"0\" data-end=\"187\"><br data-start=\"2343\" data-end=\"2346\" \/>Il sensore di prossimit\u00e0 Linde \u00e8 un sensore ad alta precisione utilizzato nei carrelli elevatori. Fornisce una rilevazione affidabile della prossimit\u00e0 e contribuisce al corretto funzionamento dell\u2019attrezzatura.<\/p>\n<p data-start=\"2558\" data-end=\"2849\"><strong data-start=\"2558\" data-end=\"2578\">Caratteristiche:<\/strong><br data-start=\"2578\" data-end=\"2581\" \/><strong data-start=\"2581\" data-end=\"2599\">Nome prodotto:<\/strong> Sensore di prossimit\u00e0 Linde<br data-start=\"2627\" data-end=\"2630\" \/><strong data-start=\"2630\" data-end=\"2647\">Codice parte:<\/strong> 12051073, 7917415652<br data-start=\"2668\" data-end=\"2671\" \/><strong data-start=\"2671\" data-end=\"2685\">Materiale:<\/strong> Materiale elettronico durevole<br data-start=\"2716\" data-end=\"2719\" \/><strong data-start=\"2719\" data-end=\"2740\">Area di utilizzo:<\/strong> Sistemi di carrelli elevatori Linde<br data-start=\"2776\" data-end=\"2779\" \/><strong data-start=\"2779\" data-end=\"2793\">Vantaggio:<\/strong> Alta precisione, rilevazione affidabile, lunga durata<\/p>\n<p data-start=\"2851\" data-end=\"3072\">\n","protected":false},"featured_media":13526,"template":"","meta":[],"product_brand":[],"product_cat":[246,469,523],"product_tag":[],"class_list":{"0":"post-13523","1":"product","2":"type-product","3":"status-publish","4":"has-post-thumbnail","6":"product_cat-linde","7":"product_cat-elektrik-ve-sistem-parcalari","8":"product_cat-yedek-parca-linde","10":"first","11":"instock","12":"taxable","13":"shipping-taxable","14":"purchasable","15":"product-type-simple"},"_links":{"self":[{"href":"https:\/\/ceoparts.com\/it\/wp-json\/wp\/v2\/product\/13523","targetHints":{"allow":["GET"]}}],"collection":[{"href":"https:\/\/ceoparts.com\/it\/wp-json\/wp\/v2\/product"}],"about":[{"href":"https:\/\/ceoparts.com\/it\/wp-json\/wp\/v2\/types\/product"}],"wp:featuredmedia":[{"embeddable":true,"href":"https:\/\/ceoparts.com\/it\/wp-json\/wp\/v2\/media\/13526"}],"wp:attachment":[{"href":"https:\/\/ceoparts.com\/it\/wp-json\/wp\/v2\/media?parent=13523"}],"wp:term":[{"taxonomy":"product_brand","embeddable":true,"href":"https:\/\/ceoparts.com\/it\/wp-json\/wp\/v2\/product_brand?post=13523"},{"taxonomy":"product_cat","embeddable":true,"href":"https:\/\/ceoparts.com\/it\/wp-json\/wp\/v2\/product_cat?post=13523"},{"taxonomy":"product_tag","embeddable":true,"href":"https:\/\/ceoparts.com\/it\/wp-json\/wp\/v2\/product_tag?post=13523"}],"curies":[{"name":"wp","href":"https:\/\/api.w.org\/{rel}","templated":true}]}}