{"id":13863,"date":"2025-02-03T14:10:15","date_gmt":"2025-02-03T11:10:15","guid":{"rendered":"https:\/\/ceoparts.com\/?post_type=product&#038;p=13863"},"modified":"2026-05-16T14:02:17","modified_gmt":"2026-05-16T11:02:17","slug":"frotek-forklift-aku-baglanti-kablosu-25x75","status":"publish","type":"product","link":"https:\/\/ceoparts.com\/it\/urun\/frotek-forklift-aku-baglanti-kablosu-25x75\/","title":{"rendered":"Cavo di collegamento batteria per carrello elevatore Frotek 25\u00d775"},"content":{"rendered":"<p>Cavo di collegamento batteria per carrello elevatore Frotek 25\u00d775<\/p>","protected":false},"excerpt":{"rendered":"<p data-start=\"146\" data-end=\"380\"><br data-start=\"2912\" data-end=\"2915\" \/>Il cavo di collegamento delle celle della batteria Fr\u00f6tek 25\u00d775 \u00e8 realizzato con conduttori in rame di alta qualit\u00e0 e materiale isolante durevole. Fornisce una connessione elettrica sicura e continua tra le celle della batteria.<\/p>\n<p data-start=\"3145\" data-end=\"3473\"><strong data-start=\"3145\" data-end=\"3165\">Caratteristiche:<\/strong><br data-start=\"3165\" data-end=\"3168\" \/><strong data-start=\"3168\" data-end=\"3186\">Nome prodotto:<\/strong> Cavo di collegamento celle batteria Fr\u00f6tek 25\u00d775<br data-start=\"3235\" data-end=\"3238\" \/><strong data-start=\"3238\" data-end=\"3255\">Codice parte:<\/strong> &#8211;<br data-start=\"3257\" data-end=\"3260\" \/><strong data-start=\"3260\" data-end=\"3274\">Materiale:<\/strong> Conduttore in rame di alta qualit\u00e0, isolamento durevole<br data-start=\"3330\" data-end=\"3333\" \/><strong data-start=\"3333\" data-end=\"3359\">Campo di applicazione:<\/strong> Per collegamenti tra celle della batteria<br data-start=\"3401\" data-end=\"3404\" \/><strong data-start=\"3404\" data-end=\"3418\">Vantaggio:<\/strong> Elevata conduttivit\u00e0, lunga durata, connessione sicura<\/p>\n<p data-start=\"3475\" data-end=\"3714\">\n","protected":false},"featured_media":13865,"template":"","meta":[],"product_brand":[],"product_cat":[442,446],"product_tag":[],"class_list":{"0":"post-13863","1":"product","2":"type-product","3":"status-publish","4":"has-post-thumbnail","6":"product_cat-aku-yedek-parcalari","7":"product_cat-aku-bar","9":"first","10":"instock","11":"taxable","12":"shipping-taxable","13":"purchasable","14":"product-type-simple"},"_links":{"self":[{"href":"https:\/\/ceoparts.com\/it\/wp-json\/wp\/v2\/product\/13863","targetHints":{"allow":["GET"]}}],"collection":[{"href":"https:\/\/ceoparts.com\/it\/wp-json\/wp\/v2\/product"}],"about":[{"href":"https:\/\/ceoparts.com\/it\/wp-json\/wp\/v2\/types\/product"}],"wp:featuredmedia":[{"embeddable":true,"href":"https:\/\/ceoparts.com\/it\/wp-json\/wp\/v2\/media\/13865"}],"wp:attachment":[{"href":"https:\/\/ceoparts.com\/it\/wp-json\/wp\/v2\/media?parent=13863"}],"wp:term":[{"taxonomy":"product_brand","embeddable":true,"href":"https:\/\/ceoparts.com\/it\/wp-json\/wp\/v2\/product_brand?post=13863"},{"taxonomy":"product_cat","embeddable":true,"href":"https:\/\/ceoparts.com\/it\/wp-json\/wp\/v2\/product_cat?post=13863"},{"taxonomy":"product_tag","embeddable":true,"href":"https:\/\/ceoparts.com\/it\/wp-json\/wp\/v2\/product_tag?post=13863"}],"curies":[{"name":"wp","href":"https:\/\/api.w.org\/{rel}","templated":true}]}}