{"id":14103,"date":"2025-02-08T09:45:24","date_gmt":"2025-02-08T06:45:24","guid":{"rendered":"https:\/\/ceoparts.com\/?post_type=product&#038;p=14103"},"modified":"2026-05-16T13:14:27","modified_gmt":"2026-05-16T10:14:27","slug":"kontak-anahtari-linde-monitou-9-fisli-701-80184-701-45500-70145500-85804674","status":"publish","type":"product","link":"https:\/\/ceoparts.com\/it\/urun\/kontak-anahtari-linde-monitou-9-fisli-701-80184-701-45500-70145500-85804674\/","title":{"rendered":"Interruttore di accensione Linde Monitou 9 Pin &#8211; 701\/80184 701\/45500 70145500 85804674"},"content":{"rendered":"<p>Interruttore di accensione Linde Monitou 9 Pin &#8211; 701\/80184 701\/45500 70145500 85804674<\/p>\n<p>JCB Beko Y\u00fckleyici I CX, 2018 i\u00e7in; JCB beko y\u00fckleyici 2CX, 210, 212,MIDI CX;<br \/>\nBeko Loder 3CX, 4CX, 5CX, 214, 215, 217<\/p>\n<p>Deutz-Fahr D 6006D 6007D 6206D 6207D 6507D 6806D 6807D 6907D 7006D 7007D 7206D 7207D 7807<\/p>\n<p>Manitou 01171659 01176269 04350834<\/p>\n<p>Case IH 1055 (55 Serisi)1055XL1056 (56 Serisi)1056XL1255 (55 Serisi)1455 (55 Serisi)485 (85 Serisi)<br \/>\n485XL585 (85 Utility Serisi)585XL685 (85 Serisi)685XL743 (43 Serisi)743 (Uluslararas\u0131)745<br \/>\n(45 Serisi)745 (Uluslararas\u0131)785 (85 Serisi)785 (Uluslararas\u0131)785XL844 (44 Serisi)845 (45 Serisi)<br \/>\n856 (56 Serisi)885 (85 Serisi)885XL955 (55 Serisi)955XL956 (56 Serisi<\/p>","protected":false},"excerpt":{"rendered":"<p data-start=\"178\" data-end=\"370\"><br data-start=\"2933\" data-end=\"2936\" \/>L\u2019interruttore di accensione a 9 poli \u00e8 progettato per carrelli elevatori Linde e Monitou, garantendo un funzionamento sicuro e fluido del veicolo. Realizzato con materiali durevoli per una lunga durata.<\/p>\n<p data-start=\"3141\" data-end=\"3508\"><strong data-start=\"3141\" data-end=\"3161\">Caratteristiche:<\/strong><br data-start=\"3161\" data-end=\"3164\" \/><strong data-start=\"3164\" data-end=\"3182\">Nome prodotto:<\/strong> Interruttore di accensione a 9 poli Linde Monitou<br data-start=\"3232\" data-end=\"3235\" \/><strong data-start=\"3235\" data-end=\"3252\">Codice parte:<\/strong> 701\/80184, 701\/45500, 70145500, 85804674<br data-start=\"3293\" data-end=\"3296\" \/><strong data-start=\"3296\" data-end=\"3310\">Materiale:<\/strong> Componenti metallici e plastici durevoli<br data-start=\"3351\" data-end=\"3354\" \/><strong data-start=\"3354\" data-end=\"3380\">Campo di applicazione:<\/strong> Sistemi di accensione per carrelli elevatori Linde e Monitou<br data-start=\"3441\" data-end=\"3444\" \/><strong data-start=\"3444\" data-end=\"3458\">Vantaggio:<\/strong> Uso sicuro, design robusto e facile installazione<\/p>\n<p data-start=\"3510\" data-end=\"3736\">\n","protected":false},"featured_media":14108,"template":"","meta":[],"product_brand":[],"product_cat":[246,469,523],"product_tag":[],"class_list":{"0":"post-14103","1":"product","2":"type-product","3":"status-publish","4":"has-post-thumbnail","6":"product_cat-linde","7":"product_cat-elektrik-ve-sistem-parcalari","8":"product_cat-yedek-parca-linde","10":"first","11":"instock","12":"taxable","13":"shipping-taxable","14":"purchasable","15":"product-type-simple"},"_links":{"self":[{"href":"https:\/\/ceoparts.com\/it\/wp-json\/wp\/v2\/product\/14103","targetHints":{"allow":["GET"]}}],"collection":[{"href":"https:\/\/ceoparts.com\/it\/wp-json\/wp\/v2\/product"}],"about":[{"href":"https:\/\/ceoparts.com\/it\/wp-json\/wp\/v2\/types\/product"}],"wp:featuredmedia":[{"embeddable":true,"href":"https:\/\/ceoparts.com\/it\/wp-json\/wp\/v2\/media\/14108"}],"wp:attachment":[{"href":"https:\/\/ceoparts.com\/it\/wp-json\/wp\/v2\/media?parent=14103"}],"wp:term":[{"taxonomy":"product_brand","embeddable":true,"href":"https:\/\/ceoparts.com\/it\/wp-json\/wp\/v2\/product_brand?post=14103"},{"taxonomy":"product_cat","embeddable":true,"href":"https:\/\/ceoparts.com\/it\/wp-json\/wp\/v2\/product_cat?post=14103"},{"taxonomy":"product_tag","embeddable":true,"href":"https:\/\/ceoparts.com\/it\/wp-json\/wp\/v2\/product_tag?post=14103"}],"curies":[{"name":"wp","href":"https:\/\/api.w.org\/{rel}","templated":true}]}}