{"id":14557,"date":"2025-02-13T17:32:15","date_gmt":"2025-02-13T14:32:15","guid":{"rendered":"https:\/\/ceoparts.com\/?post_type=product&#038;p=14557"},"modified":"2026-05-16T15:13:50","modified_gmt":"2026-05-16T12:13:50","slug":"40x902x29-linde-asansor-rulmani-9249476","status":"publish","type":"product","link":"https:\/\/ceoparts.com\/it\/urun\/40x902x29-linde-asansor-rulmani-9249476\/","title":{"rendered":"40&#215;90,2&#215;29 Cuscinetto ascensore Linde &#8211; 9249476"},"content":{"rendered":"<p>40&#215;90,2&#215;29 Cuscinetto ascensore Linde &#8211; 9249476<\/p>","protected":false},"excerpt":{"rendered":"<p data-start=\"0\" data-end=\"266\"><br data-start=\"2680\" data-end=\"2683\" \/>Il <strong data-start=\"2686\" data-end=\"2737\">cuscinetto ascensore 40\u00d790,2\u00d729 Linde \u2013 9249476<\/strong>, utilizzato nei sistemi di ascensori Linde, \u00e8 progettato appositamente per applicazioni che richiedono alta durabilit\u00e0 e precisione. Il materiale durevole e la lavorazione di qualit\u00e0 garantiscono prestazioni affidabili.<\/p>\n<p data-start=\"2959\" data-end=\"3245\"><strong data-start=\"2959\" data-end=\"2979\">Caratteristiche:<\/strong><br data-start=\"2979\" data-end=\"2982\" \/><strong data-start=\"2982\" data-end=\"3000\">Nome prodotto:<\/strong> Cuscinetto ascensore 40\u00d790,2\u00d729 Linde<br data-start=\"3038\" data-end=\"3041\" \/><strong data-start=\"3041\" data-end=\"3058\">Codice parte:<\/strong> 9249476<br data-start=\"3066\" data-end=\"3069\" \/><strong data-start=\"3069\" data-end=\"3083\">Materiale:<\/strong> Acciaio per cuscinetti di alta qualit\u00e0<br data-start=\"3122\" data-end=\"3125\" \/><strong data-start=\"3125\" data-end=\"3146\">Area di utilizzo:<\/strong> Sistemi di ascensori Linde<br data-start=\"3173\" data-end=\"3176\" \/><strong data-start=\"3176\" data-end=\"3190\">Vantaggio:<\/strong> Alta durabilit\u00e0, funzionamento preciso, lunga durata<\/p>\n<p data-start=\"3247\" data-end=\"3511\">\n","protected":false},"featured_media":14559,"template":"","meta":[],"product_brand":[],"product_cat":[246,457,523],"product_tag":[],"class_list":{"0":"post-14557","1":"product","2":"type-product","3":"status-publish","4":"has-post-thumbnail","6":"product_cat-linde","7":"product_cat-asansor-rulmanlari","8":"product_cat-yedek-parca-linde","10":"first","11":"instock","12":"taxable","13":"shipping-taxable","14":"purchasable","15":"product-type-simple"},"_links":{"self":[{"href":"https:\/\/ceoparts.com\/it\/wp-json\/wp\/v2\/product\/14557","targetHints":{"allow":["GET"]}}],"collection":[{"href":"https:\/\/ceoparts.com\/it\/wp-json\/wp\/v2\/product"}],"about":[{"href":"https:\/\/ceoparts.com\/it\/wp-json\/wp\/v2\/types\/product"}],"wp:featuredmedia":[{"embeddable":true,"href":"https:\/\/ceoparts.com\/it\/wp-json\/wp\/v2\/media\/14559"}],"wp:attachment":[{"href":"https:\/\/ceoparts.com\/it\/wp-json\/wp\/v2\/media?parent=14557"}],"wp:term":[{"taxonomy":"product_brand","embeddable":true,"href":"https:\/\/ceoparts.com\/it\/wp-json\/wp\/v2\/product_brand?post=14557"},{"taxonomy":"product_cat","embeddable":true,"href":"https:\/\/ceoparts.com\/it\/wp-json\/wp\/v2\/product_cat?post=14557"},{"taxonomy":"product_tag","embeddable":true,"href":"https:\/\/ceoparts.com\/it\/wp-json\/wp\/v2\/product_tag?post=14557"}],"curies":[{"name":"wp","href":"https:\/\/api.w.org\/{rel}","templated":true}]}}