{"id":14679,"date":"2025-02-17T11:16:47","date_gmt":"2025-02-17T08:16:47","guid":{"rendered":"https:\/\/ceoparts.com\/?post_type=product&#038;p=14679"},"modified":"2026-05-16T07:30:24","modified_gmt":"2026-05-16T04:30:24","slug":"bt-rt-sender-switch-basinc-sensoru-7503414","status":"publish","type":"product","link":"https:\/\/ceoparts.com\/it\/urun\/bt-rt-sender-switch-basinc-sensoru-7503414\/","title":{"rendered":"BT RT Interruttore Trasmettitore \/ Sensore di Pressione &#8211; 7503414"},"content":{"rendered":"<p>BT RT Interruttore Trasmettitore \/ Sensore di Pressione &#8211; 7503414<\/p>","protected":false},"excerpt":{"rendered":"<p data-start=\"0\" data-end=\"308\"><br data-start=\"3030\" data-end=\"3033\" \/>Il <strong data-start=\"3036\" data-end=\"3082\">BT RT Sender Switch \/ sensore di pressione<\/strong> \u00e8 un sensore di alta qualit\u00e0 progettato per misurare e trasmettere con precisione e affidabilit\u00e0 la pressione nei sistemi idraulici dei carrelli elevatori. La sua struttura resistente garantisce lunga durata e contribuisce a un funzionamento sicuro.<\/p>\n<p data-start=\"3334\" data-end=\"3680\"><strong data-start=\"3334\" data-end=\"3354\">Caratteristiche:<\/strong><br data-start=\"3354\" data-end=\"3357\" \/><strong data-start=\"3357\" data-end=\"3375\">Nome prodotto:<\/strong> BT RT Sender Switch \/ sensore di pressione<br data-start=\"3418\" data-end=\"3421\" \/><strong data-start=\"3421\" data-end=\"3438\">Codice parte:<\/strong> 7503414<br data-start=\"3446\" data-end=\"3449\" \/><strong data-start=\"3449\" data-end=\"3463\">Materiale:<\/strong> Componenti metallici ed elettronici resistenti<br data-start=\"3510\" data-end=\"3513\" \/><strong data-start=\"3513\" data-end=\"3534\">Area di utilizzo:<\/strong> Sistemi idraulici per carrelli BT<br data-start=\"3568\" data-end=\"3571\" \/><strong data-start=\"3571\" data-end=\"3585\">Vantaggio:<\/strong> Misurazione precisa della pressione, trasmissione affidabile del segnale, struttura durevole<\/p>\n<p data-start=\"3682\" data-end=\"3979\">\n","protected":false},"featured_media":14712,"template":"","meta":[],"product_brand":[],"product_cat":[251,461,518],"product_tag":[],"class_list":{"0":"post-14679","1":"product","2":"type-product","3":"status-publish","4":"has-post-thumbnail","6":"product_cat-bt","7":"product_cat-hidrolik-sistemi","8":"product_cat-yedek-parca-bt","10":"first","11":"instock","12":"taxable","13":"shipping-taxable","14":"purchasable","15":"product-type-simple"},"_links":{"self":[{"href":"https:\/\/ceoparts.com\/it\/wp-json\/wp\/v2\/product\/14679","targetHints":{"allow":["GET"]}}],"collection":[{"href":"https:\/\/ceoparts.com\/it\/wp-json\/wp\/v2\/product"}],"about":[{"href":"https:\/\/ceoparts.com\/it\/wp-json\/wp\/v2\/types\/product"}],"wp:featuredmedia":[{"embeddable":true,"href":"https:\/\/ceoparts.com\/it\/wp-json\/wp\/v2\/media\/14712"}],"wp:attachment":[{"href":"https:\/\/ceoparts.com\/it\/wp-json\/wp\/v2\/media?parent=14679"}],"wp:term":[{"taxonomy":"product_brand","embeddable":true,"href":"https:\/\/ceoparts.com\/it\/wp-json\/wp\/v2\/product_brand?post=14679"},{"taxonomy":"product_cat","embeddable":true,"href":"https:\/\/ceoparts.com\/it\/wp-json\/wp\/v2\/product_cat?post=14679"},{"taxonomy":"product_tag","embeddable":true,"href":"https:\/\/ceoparts.com\/it\/wp-json\/wp\/v2\/product_tag?post=14679"}],"curies":[{"name":"wp","href":"https:\/\/api.w.org\/{rel}","templated":true}]}}