{"id":15631,"date":"2025-03-03T10:29:12","date_gmt":"2025-03-03T07:29:12","guid":{"rendered":"https:\/\/ceoparts.com\/?post_type=product&#038;p=15631"},"modified":"2026-05-16T06:20:25","modified_gmt":"2026-05-16T03:20:25","slug":"frotek-forklift-aku-baglanti-kablosu-50x150","status":"publish","type":"product","link":"https:\/\/ceoparts.com\/it\/urun\/frotek-forklift-aku-baglanti-kablosu-50x150\/","title":{"rendered":"Cavo di connessione della batteria Frotek per carrello elevatore 50&#215;150"},"content":{"rendered":"<p>Cavo di connessione della batteria Frotek per carrello elevatore 50&#215;150<\/p>","protected":false},"excerpt":{"rendered":"<p data-start=\"83\" data-end=\"439\"><br data-start=\"3416\" data-end=\"3419\" \/>Il cavo di collegamento per celle batteria Fr\u00f6tek Perfect 50\u00d7150 \u00e8 un cavo <strong data-start=\"3494\" data-end=\"3513\">di alta qualit\u00e0<\/strong> progettato per carrelli elevatori e sistemi di batterie industriali. La sua struttura resistente garantisce la <strong data-start=\"3625\" data-end=\"3647\">massima efficienza<\/strong> nella trasmissione di energia. Offre collegamenti sicuri e affidabili anche sotto carichi di lavoro intensi, migliorando le prestazioni del sistema e riducendo i costi di manutenzione.<\/p>\n<p data-start=\"3834\" data-end=\"4128\"><strong data-start=\"3834\" data-end=\"3854\">Caratteristiche:<\/strong><br data-start=\"3854\" data-end=\"3857\" \/><strong data-start=\"3857\" data-end=\"3875\">Nome prodotto:<\/strong> Cavo di collegamento per celle batteria Fr\u00f6tek Perfect 50\u00d7150<br data-start=\"3937\" data-end=\"3940\" \/><strong data-start=\"3940\" data-end=\"3955\">Dimensioni:<\/strong> 50\u00d7150<br data-start=\"3962\" data-end=\"3965\" \/><strong data-start=\"3965\" data-end=\"3982\">Applicazione:<\/strong> Carrelli elevatori e sistemi di batterie industriali<br data-start=\"4035\" data-end=\"4038\" \/><strong data-start=\"4038\" data-end=\"4049\">Durata:<\/strong> Alta qualit\u00e0, lunga durata<br data-start=\"4076\" data-end=\"4079\" \/><strong data-start=\"4079\" data-end=\"4094\">Efficienza:<\/strong> Massima trasmissione di energia<\/p>\n<p data-start=\"4130\" data-end=\"4549\">\n","protected":false},"featured_media":15634,"template":"","meta":[],"product_brand":[],"product_cat":[446],"product_tag":[],"class_list":{"0":"post-15631","1":"product","2":"type-product","3":"status-publish","4":"has-post-thumbnail","6":"product_cat-aku-bar","8":"first","9":"instock","10":"taxable","11":"shipping-taxable","12":"purchasable","13":"product-type-simple"},"_links":{"self":[{"href":"https:\/\/ceoparts.com\/it\/wp-json\/wp\/v2\/product\/15631","targetHints":{"allow":["GET"]}}],"collection":[{"href":"https:\/\/ceoparts.com\/it\/wp-json\/wp\/v2\/product"}],"about":[{"href":"https:\/\/ceoparts.com\/it\/wp-json\/wp\/v2\/types\/product"}],"wp:featuredmedia":[{"embeddable":true,"href":"https:\/\/ceoparts.com\/it\/wp-json\/wp\/v2\/media\/15634"}],"wp:attachment":[{"href":"https:\/\/ceoparts.com\/it\/wp-json\/wp\/v2\/media?parent=15631"}],"wp:term":[{"taxonomy":"product_brand","embeddable":true,"href":"https:\/\/ceoparts.com\/it\/wp-json\/wp\/v2\/product_brand?post=15631"},{"taxonomy":"product_cat","embeddable":true,"href":"https:\/\/ceoparts.com\/it\/wp-json\/wp\/v2\/product_cat?post=15631"},{"taxonomy":"product_tag","embeddable":true,"href":"https:\/\/ceoparts.com\/it\/wp-json\/wp\/v2\/product_tag?post=15631"}],"curies":[{"name":"wp","href":"https:\/\/api.w.org\/{rel}","templated":true}]}}