{"id":15706,"date":"2025-03-03T15:45:54","date_gmt":"2025-03-03T12:45:54","guid":{"rendered":"https:\/\/ceoparts.com\/?post_type=product&#038;p=15706"},"modified":"2026-05-16T22:19:20","modified_gmt":"2026-05-16T19:19:20","slug":"linde-boru-aksami-1844401442","status":"publish","type":"product","link":"https:\/\/ceoparts.com\/it\/urun\/linde-boru-aksami-1844401442\/","title":{"rendered":"Gruppo di tubi Linde &#8211; 1844401442"},"content":{"rendered":"<p>Gruppo di tubi Linde &#8211; 1844401442<\/p>","protected":false},"excerpt":{"rendered":"<p data-start=\"0\" data-end=\"214\"><br data-start=\"2021\" data-end=\"2024\" \/>Il <strong data-start=\"2027\" data-end=\"2048\">gruppo tubi Linde<\/strong> \u00e8 composto da raccordi per tubi resistenti e di alta qualit\u00e0 utilizzati in carrelli elevatori e macchine pesanti. Garantisce affidabilit\u00e0 e lunga durata nei sistemi idraulici e altri sistemi a fluido.<\/p>\n<p data-start=\"2251\" data-end=\"2415\"><strong data-start=\"2251\" data-end=\"2271\">Caratteristiche:<\/strong><br data-start=\"2271\" data-end=\"2274\" \/><strong data-start=\"2274\" data-end=\"2291\">Codice pezzo:<\/strong> 1844401442<br data-start=\"2302\" data-end=\"2305\" \/><strong data-start=\"2305\" data-end=\"2313\">Uso:<\/strong> Carrelli elevatori e macchine pesanti<br data-start=\"2351\" data-end=\"2354\" \/><strong data-start=\"2354\" data-end=\"2368\">Vantaggio:<\/strong> Alta durata e connessioni affidabili<\/p>\n<p data-start=\"2417\" data-end=\"2671\">\n","protected":false},"featured_media":15708,"template":"","meta":[],"product_brand":[],"product_cat":[246,470,523],"product_tag":[],"class_list":{"0":"post-15706","1":"product","2":"type-product","3":"status-publish","4":"has-post-thumbnail","6":"product_cat-linde","7":"product_cat-diger-yedek-parcalar","8":"product_cat-yedek-parca-linde","10":"first","11":"instock","12":"taxable","13":"shipping-taxable","14":"purchasable","15":"product-type-simple"},"_links":{"self":[{"href":"https:\/\/ceoparts.com\/it\/wp-json\/wp\/v2\/product\/15706","targetHints":{"allow":["GET"]}}],"collection":[{"href":"https:\/\/ceoparts.com\/it\/wp-json\/wp\/v2\/product"}],"about":[{"href":"https:\/\/ceoparts.com\/it\/wp-json\/wp\/v2\/types\/product"}],"wp:featuredmedia":[{"embeddable":true,"href":"https:\/\/ceoparts.com\/it\/wp-json\/wp\/v2\/media\/15708"}],"wp:attachment":[{"href":"https:\/\/ceoparts.com\/it\/wp-json\/wp\/v2\/media?parent=15706"}],"wp:term":[{"taxonomy":"product_brand","embeddable":true,"href":"https:\/\/ceoparts.com\/it\/wp-json\/wp\/v2\/product_brand?post=15706"},{"taxonomy":"product_cat","embeddable":true,"href":"https:\/\/ceoparts.com\/it\/wp-json\/wp\/v2\/product_cat?post=15706"},{"taxonomy":"product_tag","embeddable":true,"href":"https:\/\/ceoparts.com\/it\/wp-json\/wp\/v2\/product_tag?post=15706"}],"curies":[{"name":"wp","href":"https:\/\/api.w.org\/{rel}","templated":true}]}}