{"id":16124,"date":"2025-03-19T14:38:41","date_gmt":"2025-03-19T11:38:41","guid":{"rendered":"https:\/\/ceoparts.com\/?post_type=product&#038;p=16124"},"modified":"2026-05-16T14:00:55","modified_gmt":"2026-05-16T11:00:55","slug":"250x100-80-5-blickle-yuruyus-tekeri-4493241","status":"publish","type":"product","link":"https:\/\/ceoparts.com\/it\/urun\/250x100-80-5-blickle-yuruyus-tekeri-4493241\/","title":{"rendered":"Rueda giratoria Blickle 250&#215;100\/80-5 &#8211; 4493241"},"content":{"rendered":"<p>Rueda giratoria Blickle 250&#215;100\/80-5 &#8211; 4493241<\/p>\n<p><span class=\"short_text\" lang=\"en\"><span class=\"hps\" title=\"Kliknij, aby wy\u015bwietli\u0107 alternatywne t\u0142umaczenia\">4493241 Still, 0009903813 Linde, 95325503 Pimespo 428367,4494575, 8428367<\/span><\/span><\/p>\n<p><span class=\"short_text\" lang=\"en\"><span class=\"hps\" title=\"Kliknij, aby wy\u015bwietli\u0107 alternatywne t\u0142umaczenia\">250&#215;100 5&#215;18<\/span><\/span><\/p>\n<p><span class=\"short_text\" lang=\"en\"><span class=\"hps\" title=\"Kliknij, aby wy\u015bwietli\u0107 alternatywne t\u0142umaczenia\">CS 10M\/711041\/06-06<br \/>\nCS 16S\/711042\/06-06<br \/>\nCS 20\/711040\/06-06<br \/>\nCS 30Z\/711043\/06-06<br \/>\nCX-T\/711050\/01-08<br \/>\nCX20\/711044\/01-07<br \/>\nCXM 10\/711045\/01-07<br \/>\nCXS 16\/711046\/01-07<br \/>\nCXZ 30\/711047\/01-07<br \/>\nEXD S20\/710249\/01-07<br \/>\nEXU-S\/710148-710149\/01-07<\/span><\/span><\/p>","protected":false},"excerpt":{"rendered":"<p data-start=\"2826\" data-end=\"3111\">La <strong data-start=\"2829\" data-end=\"2867\">Ruota motrice Blickle 250&#215;100\/80-5<\/strong> \u00e8 una ruota resistente e affidabile progettata per carrelli elevatori e attrezzature industriali. Prodotta da Blickle, garantisce lunga durata. Il rivestimento in poliuretano protegge il pavimento, assicura silenziosit\u00e0 e resistenza all\u2019usura.<\/p>\n<p data-start=\"3113\" data-end=\"3135\"><strong data-start=\"3113\" data-end=\"3133\">Caratteristiche:<\/strong><\/p>\n<ul data-start=\"3136\" data-end=\"3366\">\n<li data-start=\"3136\" data-end=\"3164\">\n<p data-start=\"3138\" data-end=\"3164\">Dimensioni: 250&#215;100\/80-5<\/p>\n<\/li>\n<li data-start=\"3165\" data-end=\"3183\">\n<p data-start=\"3167\" data-end=\"3183\">Marca: Blickle<\/p>\n<\/li>\n<li data-start=\"3184\" data-end=\"3238\">\n<p data-start=\"3186\" data-end=\"3238\">Applicazione: ruota motrice per carrelli elevatori<\/p>\n<\/li>\n<li data-start=\"3239\" data-end=\"3285\">\n<p data-start=\"3241\" data-end=\"3285\">Rivestimento in poliuretano per durabilit\u00e0<\/p>\n<\/li>\n<li data-start=\"3286\" data-end=\"3341\">\n<p data-start=\"3288\" data-end=\"3341\">Funzionamento silenzioso e protezione del pavimento<\/p>\n<\/li>\n<li data-start=\"3342\" data-end=\"3366\">\n<p data-start=\"3344\" data-end=\"3366\">Resistenza all\u2019usura<\/p>\n<\/li>\n<\/ul>\n","protected":false},"featured_media":16125,"template":"","meta":[],"product_brand":[],"product_cat":[241,244,246,249,503,193],"product_tag":[],"class_list":{"0":"post-16124","1":"product","2":"type-product","3":"status-publish","4":"has-post-thumbnail","6":"product_cat-still","7":"product_cat-yuruyus-tekeri-still","8":"product_cat-linde","9":"product_cat-yuruyus-tekeri-linde","10":"product_cat-yuruyus-tekeri-blickle","11":"product_cat-yuruyus-tekeri","13":"first","14":"instock","15":"taxable","16":"shipping-taxable","17":"purchasable","18":"product-type-simple"},"_links":{"self":[{"href":"https:\/\/ceoparts.com\/it\/wp-json\/wp\/v2\/product\/16124","targetHints":{"allow":["GET"]}}],"collection":[{"href":"https:\/\/ceoparts.com\/it\/wp-json\/wp\/v2\/product"}],"about":[{"href":"https:\/\/ceoparts.com\/it\/wp-json\/wp\/v2\/types\/product"}],"wp:featuredmedia":[{"embeddable":true,"href":"https:\/\/ceoparts.com\/it\/wp-json\/wp\/v2\/media\/16125"}],"wp:attachment":[{"href":"https:\/\/ceoparts.com\/it\/wp-json\/wp\/v2\/media?parent=16124"}],"wp:term":[{"taxonomy":"product_brand","embeddable":true,"href":"https:\/\/ceoparts.com\/it\/wp-json\/wp\/v2\/product_brand?post=16124"},{"taxonomy":"product_cat","embeddable":true,"href":"https:\/\/ceoparts.com\/it\/wp-json\/wp\/v2\/product_cat?post=16124"},{"taxonomy":"product_tag","embeddable":true,"href":"https:\/\/ceoparts.com\/it\/wp-json\/wp\/v2\/product_tag?post=16124"}],"curies":[{"name":"wp","href":"https:\/\/api.w.org\/{rel}","templated":true}]}}