{"id":16164,"date":"2025-03-20T09:45:10","date_gmt":"2025-03-20T06:45:10","guid":{"rendered":"https:\/\/ceoparts.com\/?post_type=product&#038;p=16164"},"modified":"2026-05-16T05:03:58","modified_gmt":"2026-05-16T02:03:58","slug":"150x76-81-25-stellana-denge-tekeri-7509579-210545-7542704","status":"publish","type":"product","link":"https:\/\/ceoparts.com\/it\/urun\/150x76-81-25-stellana-denge-tekeri-7509579-210545-7542704\/","title":{"rendered":"150&#215;76\/81-25 Stellana Ruota di Bilanciamento &#8211; 7509579, 210545, 7542704"},"content":{"rendered":"<p>150&#215;76\/81-25 Stellana Ruota di Bilanciamento &#8211; 7509579, 210545, 7542704<\/p>\n<p>OL 20<br \/>\nOL 25<\/p>\n<p>OS 1.0<br \/>\nOS 1.8 X OPUS<br \/>\nOS 2.0<br \/>\nOS 2.0 TRINKS<br \/>\nOS 3.0 OPUS<\/p>\n<p>OSE 120<br \/>\nOSE 120 IKEA<br \/>\nOSE 120 P<br \/>\nOSE 180 X<br \/>\nOSE 180 XP<br \/>\nOSE 250<br \/>\nOSE 250 P<\/p>","protected":false},"excerpt":{"rendered":"<p data-start=\"3045\" data-end=\"3318\">La <strong data-start=\"3048\" data-end=\"3091\">Ruota di Supporto Stellana 150\u00d776\/81-25<\/strong> \u00e8 progettata per carrelli elevatori e veicoli da magazzino, per garantire equilibrio del carico e maggiore stabilit\u00e0. Il rivestimento in poliuretano Stellana offre silenziosit\u00e0, resistenza all&#8217;usura e protezione del pavimento.<\/p>\n<p data-start=\"3320\" data-end=\"3342\"><strong data-start=\"3320\" data-end=\"3340\">Caratteristiche:<\/strong><\/p>\n<ul data-start=\"3343\" data-end=\"3571\">\n<li data-start=\"3343\" data-end=\"3367\">\n<p data-start=\"3345\" data-end=\"3367\">Misure: 150\u00d776\/81-25<\/p>\n<\/li>\n<li data-start=\"3368\" data-end=\"3404\">\n<p data-start=\"3370\" data-end=\"3404\">Codici: 7509579, 210545, 7542704<\/p>\n<\/li>\n<li data-start=\"3405\" data-end=\"3436\">\n<p data-start=\"3407\" data-end=\"3436\">Prodotto originale Stellana<\/p>\n<\/li>\n<li data-start=\"3437\" data-end=\"3477\">\n<p data-start=\"3439\" data-end=\"3477\">Resistente a carichi pesanti e usura<\/p>\n<\/li>\n<li data-start=\"3478\" data-end=\"3521\">\n<p data-start=\"3480\" data-end=\"3521\">Silenziosa e senza tracce sul pavimento<\/p>\n<\/li>\n<li data-start=\"3522\" data-end=\"3571\">\n<p data-start=\"3524\" data-end=\"3571\">Per carrelli elevatori e veicoli da magazzino<\/p>\n<\/li>\n<\/ul>\n","protected":false},"featured_media":16168,"template":"","meta":[],"product_brand":[],"product_cat":[417,185],"product_tag":[],"class_list":{"0":"post-16164","1":"product","2":"type-product","3":"status-publish","4":"has-post-thumbnail","6":"product_cat-denge-tekeri-stellana","7":"product_cat-denge-tekeri","9":"first","10":"instock","11":"taxable","12":"shipping-taxable","13":"purchasable","14":"product-type-simple"},"_links":{"self":[{"href":"https:\/\/ceoparts.com\/it\/wp-json\/wp\/v2\/product\/16164","targetHints":{"allow":["GET"]}}],"collection":[{"href":"https:\/\/ceoparts.com\/it\/wp-json\/wp\/v2\/product"}],"about":[{"href":"https:\/\/ceoparts.com\/it\/wp-json\/wp\/v2\/types\/product"}],"wp:featuredmedia":[{"embeddable":true,"href":"https:\/\/ceoparts.com\/it\/wp-json\/wp\/v2\/media\/16168"}],"wp:attachment":[{"href":"https:\/\/ceoparts.com\/it\/wp-json\/wp\/v2\/media?parent=16164"}],"wp:term":[{"taxonomy":"product_brand","embeddable":true,"href":"https:\/\/ceoparts.com\/it\/wp-json\/wp\/v2\/product_brand?post=16164"},{"taxonomy":"product_cat","embeddable":true,"href":"https:\/\/ceoparts.com\/it\/wp-json\/wp\/v2\/product_cat?post=16164"},{"taxonomy":"product_tag","embeddable":true,"href":"https:\/\/ceoparts.com\/it\/wp-json\/wp\/v2\/product_tag?post=16164"}],"curies":[{"name":"wp","href":"https:\/\/api.w.org\/{rel}","templated":true}]}}