{"id":16407,"date":"2025-03-25T13:54:32","date_gmt":"2025-03-25T10:54:32","guid":{"rendered":"https:\/\/ceoparts.com\/?post_type=product&#038;p=16407"},"modified":"2026-05-16T19:24:28","modified_gmt":"2026-05-16T16:24:28","slug":"cin-transpalet-kumanda-kolu-kelebegi-takim-turuncu","status":"publish","type":"product","link":"https:\/\/ceoparts.com\/it\/urun\/cin-transpalet-kumanda-kolu-kelebegi-takim-turuncu\/","title":{"rendered":"Kit farfalla leva di controllo carrello elevatore cinese arancione"},"content":{"rendered":"<p>Kit farfalla leva di controllo carrello elevatore cinese arancione<\/p>","protected":false},"excerpt":{"rendered":"<p data-start=\"2869\" data-end=\"3192\">Il <strong data-start=\"2872\" data-end=\"2932\">Set leva a farfalla maniglia transpalet cinese Arancione<\/strong> \u00e8 un comando ergonomico e di alta qualit\u00e0 per controllare direzione e velocit\u00e0 su transpallet manuali ed elettrici. Il corpo in plastica resistente e il montaggio facile migliorano l\u2019efficienza di utilizzo. Il colore arancione garantisce un\u2019ottima visibilit\u00e0.<\/p>\n<p data-start=\"3194\" data-end=\"3216\"><strong data-start=\"3194\" data-end=\"3214\">Caratteristiche:<\/strong><\/p>\n<ul data-start=\"3217\" data-end=\"3368\">\n<li data-start=\"3217\" data-end=\"3267\">\n<p data-start=\"3219\" data-end=\"3267\">Compatibile con: modelli di transpallet cinesi<\/p>\n<\/li>\n<li data-start=\"3268\" data-end=\"3302\">\n<p data-start=\"3270\" data-end=\"3302\">Materiale: plastica resistente<\/p>\n<\/li>\n<li data-start=\"3303\" data-end=\"3324\">\n<p data-start=\"3305\" data-end=\"3324\">Colore: arancione<\/p>\n<\/li>\n<li data-start=\"3325\" data-end=\"3346\">\n<p data-start=\"3327\" data-end=\"3346\">Facile da montare<\/p>\n<\/li>\n<li data-start=\"3347\" data-end=\"3368\">\n<p data-start=\"3349\" data-end=\"3368\">Design ergonomico<\/p>\n<\/li>\n<\/ul>\n","protected":false},"featured_media":16410,"template":"","meta":[],"product_brand":[],"product_cat":[454],"product_tag":[],"class_list":{"0":"post-16407","1":"product","2":"type-product","3":"status-publish","4":"has-post-thumbnail","6":"product_cat-switch-ve-buton","8":"first","9":"instock","10":"taxable","11":"shipping-taxable","12":"purchasable","13":"product-type-simple"},"_links":{"self":[{"href":"https:\/\/ceoparts.com\/it\/wp-json\/wp\/v2\/product\/16407","targetHints":{"allow":["GET"]}}],"collection":[{"href":"https:\/\/ceoparts.com\/it\/wp-json\/wp\/v2\/product"}],"about":[{"href":"https:\/\/ceoparts.com\/it\/wp-json\/wp\/v2\/types\/product"}],"wp:featuredmedia":[{"embeddable":true,"href":"https:\/\/ceoparts.com\/it\/wp-json\/wp\/v2\/media\/16410"}],"wp:attachment":[{"href":"https:\/\/ceoparts.com\/it\/wp-json\/wp\/v2\/media?parent=16407"}],"wp:term":[{"taxonomy":"product_brand","embeddable":true,"href":"https:\/\/ceoparts.com\/it\/wp-json\/wp\/v2\/product_brand?post=16407"},{"taxonomy":"product_cat","embeddable":true,"href":"https:\/\/ceoparts.com\/it\/wp-json\/wp\/v2\/product_cat?post=16407"},{"taxonomy":"product_tag","embeddable":true,"href":"https:\/\/ceoparts.com\/it\/wp-json\/wp\/v2\/product_tag?post=16407"}],"curies":[{"name":"wp","href":"https:\/\/api.w.org\/{rel}","templated":true}]}}