{"id":16490,"date":"2025-03-29T12:19:25","date_gmt":"2025-03-29T09:19:25","guid":{"rendered":"https:\/\/ceoparts.com\/?post_type=product&#038;p=16490"},"modified":"2026-05-16T12:16:07","modified_gmt":"2026-05-16T09:16:07","slug":"jungheinrich-forklift-reflektoru-sag-51424903","status":"publish","type":"product","link":"https:\/\/ceoparts.com\/it\/urun\/jungheinrich-forklift-reflektoru-sag-51424903\/","title":{"rendered":"Riflettore destro per carrello elevatore Jungheinrich &#8211; 51424903"},"content":{"rendered":"<p>Riflettore destro per carrello elevatore Jungheinrich &#8211; 51424903<\/p>","protected":false},"excerpt":{"rendered":"<p data-start=\"2880\" data-end=\"3286\">Il <strong data-start=\"2883\" data-end=\"2951\">Riflettore destro per carrello elevatore Jungheinrich \u2013 51424903<\/strong> \u00e8 un componente resistente e di alta qualit\u00e0 progettato per migliorare la visibilit\u00e0 e la sicurezza del tuo carrello elevatore. Questo riflettore sul lato destro garantisce la sicurezza dell\u2019operatore e dell\u2019ambiente circostante, specialmente in condizioni di scarsa illuminazione o oscurit\u00e0. Pezzo originale compatibile Jungheinrich.<\/p>\n<p data-start=\"3288\" data-end=\"3310\"><strong data-start=\"3288\" data-end=\"3308\">Caratteristiche:<\/strong><\/p>\n<ul data-start=\"3311\" data-end=\"3445\">\n<li data-start=\"3311\" data-end=\"3334\">\n<p data-start=\"3313\" data-end=\"3334\">Marca: Jungheinrich<\/p>\n<\/li>\n<li data-start=\"3335\" data-end=\"3361\">\n<p data-start=\"3337\" data-end=\"3361\">Numero parte: 51424903<\/p>\n<\/li>\n<li data-start=\"3362\" data-end=\"3388\">\n<p data-start=\"3364\" data-end=\"3388\">Riflettore lato destro<\/p>\n<\/li>\n<li data-start=\"3389\" data-end=\"3413\">\n<p data-start=\"3391\" data-end=\"3413\">Materiale resistente<\/p>\n<\/li>\n<li data-start=\"3414\" data-end=\"3445\">\n<p data-start=\"3416\" data-end=\"3445\">Pezzo originale compatibile<\/p>\n<\/li>\n<\/ul>\n","protected":false},"featured_media":16494,"template":"","meta":[],"product_brand":[],"product_cat":[236,463,522],"product_tag":[],"class_list":{"0":"post-16490","1":"product","2":"type-product","3":"status-publish","4":"has-post-thumbnail","6":"product_cat-jungheinrich","7":"product_cat-aydinlatma-grubu","8":"product_cat-yedek-parca-jungheinrich","10":"first","11":"instock","12":"taxable","13":"shipping-taxable","14":"purchasable","15":"product-type-simple"},"_links":{"self":[{"href":"https:\/\/ceoparts.com\/it\/wp-json\/wp\/v2\/product\/16490","targetHints":{"allow":["GET"]}}],"collection":[{"href":"https:\/\/ceoparts.com\/it\/wp-json\/wp\/v2\/product"}],"about":[{"href":"https:\/\/ceoparts.com\/it\/wp-json\/wp\/v2\/types\/product"}],"wp:featuredmedia":[{"embeddable":true,"href":"https:\/\/ceoparts.com\/it\/wp-json\/wp\/v2\/media\/16494"}],"wp:attachment":[{"href":"https:\/\/ceoparts.com\/it\/wp-json\/wp\/v2\/media?parent=16490"}],"wp:term":[{"taxonomy":"product_brand","embeddable":true,"href":"https:\/\/ceoparts.com\/it\/wp-json\/wp\/v2\/product_brand?post=16490"},{"taxonomy":"product_cat","embeddable":true,"href":"https:\/\/ceoparts.com\/it\/wp-json\/wp\/v2\/product_cat?post=16490"},{"taxonomy":"product_tag","embeddable":true,"href":"https:\/\/ceoparts.com\/it\/wp-json\/wp\/v2\/product_tag?post=16490"}],"curies":[{"name":"wp","href":"https:\/\/api.w.org\/{rel}","templated":true}]}}