{"id":17002,"date":"2025-05-20T10:22:06","date_gmt":"2025-05-20T07:22:06","guid":{"rendered":"https:\/\/ceoparts.com\/?post_type=product&#038;p=17002"},"modified":"2026-05-16T14:33:51","modified_gmt":"2026-05-16T11:33:51","slug":"megaval-fuse-175a-beyaz","status":"publish","type":"product","link":"https:\/\/ceoparts.com\/it\/urun\/megaval-fuse-175a-beyaz\/","title":{"rendered":"Fusibile Megaval 175A Bianco"},"content":{"rendered":"<p>Fusibile Megaval 175A Bianco<\/p>","protected":false},"excerpt":{"rendered":"<p data-start=\"3225\" data-end=\"3603\"><strong data-start=\"3225\" data-end=\"3257\">Fusibile Megaval 175A Bianco<\/strong> \u00e8 un fusibile di alta qualit\u00e0 progettato per la protezione da sovracorrente nei sistemi elettrici di veicoli e industriali. Con una capacit\u00e0 di 175 ampere, garantisce una protezione affidabile per sistemi di batterie, carrelli elevatori, macchine edili e veicoli industriali. Terminali resistenti e struttura robusta assicurano una lunga durata.<\/p>\n<p data-start=\"3605\" data-end=\"3627\"><strong data-start=\"3605\" data-end=\"3625\">Caratteristiche:<\/strong><\/p>\n<ul data-start=\"3628\" data-end=\"3855\">\n<li data-start=\"3628\" data-end=\"3658\">\n<p data-start=\"3630\" data-end=\"3658\"><strong data-start=\"3630\" data-end=\"3639\">Tipo:<\/strong> Fusibile Megaval<\/p>\n<\/li>\n<li data-start=\"3659\" data-end=\"3687\">\n<p data-start=\"3661\" data-end=\"3687\"><strong data-start=\"3661\" data-end=\"3674\">Corrente:<\/strong> 175 Ampere<\/p>\n<\/li>\n<li data-start=\"3688\" data-end=\"3710\">\n<p data-start=\"3690\" data-end=\"3710\"><strong data-start=\"3690\" data-end=\"3701\">Colore:<\/strong> Bianco<\/p>\n<\/li>\n<li data-start=\"3711\" data-end=\"3809\">\n<p data-start=\"3713\" data-end=\"3809\"><strong data-start=\"3713\" data-end=\"3730\">Applicazione:<\/strong> Sistemi di batterie, carrelli elevatori, macchine edili, veicoli industriali<\/p>\n<\/li>\n<li data-start=\"3810\" data-end=\"3855\">\n<p data-start=\"3812\" data-end=\"3855\"><strong data-start=\"3812\" data-end=\"3825\">Funzione:<\/strong> Protezione da sovracorrente<\/p>\n<\/li>\n<\/ul>\n","protected":false},"featured_media":17004,"template":"","meta":[],"product_brand":[],"product_cat":[443],"product_tag":[],"class_list":{"0":"post-17002","1":"product","2":"type-product","3":"status-publish","4":"has-post-thumbnail","6":"product_cat-aku-parcalari","8":"first","9":"instock","10":"taxable","11":"shipping-taxable","12":"purchasable","13":"product-type-simple"},"_links":{"self":[{"href":"https:\/\/ceoparts.com\/it\/wp-json\/wp\/v2\/product\/17002","targetHints":{"allow":["GET"]}}],"collection":[{"href":"https:\/\/ceoparts.com\/it\/wp-json\/wp\/v2\/product"}],"about":[{"href":"https:\/\/ceoparts.com\/it\/wp-json\/wp\/v2\/types\/product"}],"wp:featuredmedia":[{"embeddable":true,"href":"https:\/\/ceoparts.com\/it\/wp-json\/wp\/v2\/media\/17004"}],"wp:attachment":[{"href":"https:\/\/ceoparts.com\/it\/wp-json\/wp\/v2\/media?parent=17002"}],"wp:term":[{"taxonomy":"product_brand","embeddable":true,"href":"https:\/\/ceoparts.com\/it\/wp-json\/wp\/v2\/product_brand?post=17002"},{"taxonomy":"product_cat","embeddable":true,"href":"https:\/\/ceoparts.com\/it\/wp-json\/wp\/v2\/product_cat?post=17002"},{"taxonomy":"product_tag","embeddable":true,"href":"https:\/\/ceoparts.com\/it\/wp-json\/wp\/v2\/product_tag?post=17002"}],"curies":[{"name":"wp","href":"https:\/\/api.w.org\/{rel}","templated":true}]}}