{"id":17006,"date":"2025-05-20T10:38:27","date_gmt":"2025-05-20T07:38:27","guid":{"rendered":"https:\/\/ceoparts.com\/?post_type=product&#038;p=17006"},"modified":"2026-05-16T14:22:30","modified_gmt":"2026-05-16T11:22:30","slug":"megaval-sigorta-500a-siyah","status":"publish","type":"product","link":"https:\/\/ceoparts.com\/it\/urun\/megaval-sigorta-500a-siyah\/","title":{"rendered":"Fusibile Megaval 500A Nero"},"content":{"rendered":"<p>Fusibile Megaval 500A Nero<\/p>","protected":false},"excerpt":{"rendered":"<p data-start=\"3221\" data-end=\"3581\"><strong data-start=\"3221\" data-end=\"3251\">Fusibile Megaval 500A Nero<\/strong> \u00e8 un fusibile di alta qualit\u00e0 progettato per sistemi elettrici ad alta potenza, offrendo protezione da sovracorrente. Con una capacit\u00e0 di 500 ampere, garantisce sicurezza affidabile su sistemi di batterie, carrelli elevatori, macchine edili e veicoli industriali. Struttura resistente e terminali solidi per un utilizzo duraturo.<\/p>\n<p data-start=\"3583\" data-end=\"3605\"><strong data-start=\"3583\" data-end=\"3603\">Caratteristiche:<\/strong><\/p>\n<ul data-start=\"3606\" data-end=\"3831\">\n<li data-start=\"3606\" data-end=\"3636\">\n<p data-start=\"3608\" data-end=\"3636\"><strong data-start=\"3608\" data-end=\"3617\">Tipo:<\/strong> Fusibile Megaval<\/p>\n<\/li>\n<li data-start=\"3637\" data-end=\"3665\">\n<p data-start=\"3639\" data-end=\"3665\"><strong data-start=\"3639\" data-end=\"3652\">Corrente:<\/strong> 500 Ampere<\/p>\n<\/li>\n<li data-start=\"3666\" data-end=\"3686\">\n<p data-start=\"3668\" data-end=\"3686\"><strong data-start=\"3668\" data-end=\"3679\">Colore:<\/strong> Nero<\/p>\n<\/li>\n<li data-start=\"3687\" data-end=\"3785\">\n<p data-start=\"3689\" data-end=\"3785\"><strong data-start=\"3689\" data-end=\"3706\">Applicazione:<\/strong> Sistemi di batterie, carrelli elevatori, macchine edili, veicoli industriali<\/p>\n<\/li>\n<li data-start=\"3786\" data-end=\"3831\">\n<p data-start=\"3788\" data-end=\"3831\"><strong data-start=\"3788\" data-end=\"3801\">Funzione:<\/strong> Protezione da sovracorrente<\/p>\n<\/li>\n<\/ul>\n","protected":false},"featured_media":17008,"template":"","meta":[],"product_brand":[],"product_cat":[443],"product_tag":[],"class_list":{"0":"post-17006","1":"product","2":"type-product","3":"status-publish","4":"has-post-thumbnail","6":"product_cat-aku-parcalari","8":"first","9":"instock","10":"taxable","11":"shipping-taxable","12":"purchasable","13":"product-type-simple"},"_links":{"self":[{"href":"https:\/\/ceoparts.com\/it\/wp-json\/wp\/v2\/product\/17006","targetHints":{"allow":["GET"]}}],"collection":[{"href":"https:\/\/ceoparts.com\/it\/wp-json\/wp\/v2\/product"}],"about":[{"href":"https:\/\/ceoparts.com\/it\/wp-json\/wp\/v2\/types\/product"}],"wp:featuredmedia":[{"embeddable":true,"href":"https:\/\/ceoparts.com\/it\/wp-json\/wp\/v2\/media\/17008"}],"wp:attachment":[{"href":"https:\/\/ceoparts.com\/it\/wp-json\/wp\/v2\/media?parent=17006"}],"wp:term":[{"taxonomy":"product_brand","embeddable":true,"href":"https:\/\/ceoparts.com\/it\/wp-json\/wp\/v2\/product_brand?post=17006"},{"taxonomy":"product_cat","embeddable":true,"href":"https:\/\/ceoparts.com\/it\/wp-json\/wp\/v2\/product_cat?post=17006"},{"taxonomy":"product_tag","embeddable":true,"href":"https:\/\/ceoparts.com\/it\/wp-json\/wp\/v2\/product_tag?post=17006"}],"curies":[{"name":"wp","href":"https:\/\/api.w.org\/{rel}","templated":true}]}}