{"id":17345,"date":"2025-07-02T13:11:45","date_gmt":"2025-07-02T10:11:45","guid":{"rendered":"https:\/\/ceoparts.com\/?post_type=product&#038;p=17345"},"modified":"2026-05-16T17:12:31","modified_gmt":"2026-05-16T14:12:31","slug":"hyster-sensor-8504858","status":"publish","type":"product","link":"https:\/\/ceoparts.com\/it\/urun\/hyster-sensor-8504858\/","title":{"rendered":"Sensore Hyster \u2013 8504858"},"content":{"rendered":"<p>Sensore Hyster \u2013 8504858<\/p>","protected":false},"excerpt":{"rendered":"<p data-start=\"2893\" data-end=\"3172\">Questo sensore \u00e8 progettato per i carrelli elevatori Hyster e rileva con precisione posizione, velocit\u00e0 e altre funzioni importanti. \u00c8 un componente fondamentale per la diagnostica e il monitoraggio delle prestazioni. Prodotto originale affidabile.<\/p>\n<p data-start=\"3174\" data-end=\"3196\"><strong data-start=\"3174\" data-end=\"3194\">Caratteristiche:<\/strong><\/p>\n<ul data-start=\"3197\" data-end=\"3316\">\n<li data-start=\"3197\" data-end=\"3216\">\n<p data-start=\"3199\" data-end=\"3216\">Codice: 8504858<\/p>\n<\/li>\n<li data-start=\"3217\" data-end=\"3246\">\n<p data-start=\"3219\" data-end=\"3246\">Marca compatibile: Hyster<\/p>\n<\/li>\n<li data-start=\"3247\" data-end=\"3266\">\n<p data-start=\"3249\" data-end=\"3266\">Alta precisione<\/p>\n<\/li>\n<li data-start=\"3267\" data-end=\"3291\">\n<p data-start=\"3269\" data-end=\"3291\">Struttura resistente<\/p>\n<\/li>\n<li data-start=\"3292\" data-end=\"3316\">\n<p data-start=\"3294\" data-end=\"3316\">Facile da installare<\/p>\n<\/li>\n<\/ul>\n","protected":false},"featured_media":17346,"template":"","meta":[],"product_brand":[],"product_cat":[256,469,520],"product_tag":[],"class_list":{"0":"post-17345","1":"product","2":"type-product","3":"status-publish","4":"has-post-thumbnail","6":"product_cat-hyster","7":"product_cat-elektrik-ve-sistem-parcalari","8":"product_cat-yedek-parca-hyster","10":"first","11":"instock","12":"taxable","13":"shipping-taxable","14":"purchasable","15":"product-type-simple"},"_links":{"self":[{"href":"https:\/\/ceoparts.com\/it\/wp-json\/wp\/v2\/product\/17345","targetHints":{"allow":["GET"]}}],"collection":[{"href":"https:\/\/ceoparts.com\/it\/wp-json\/wp\/v2\/product"}],"about":[{"href":"https:\/\/ceoparts.com\/it\/wp-json\/wp\/v2\/types\/product"}],"wp:featuredmedia":[{"embeddable":true,"href":"https:\/\/ceoparts.com\/it\/wp-json\/wp\/v2\/media\/17346"}],"wp:attachment":[{"href":"https:\/\/ceoparts.com\/it\/wp-json\/wp\/v2\/media?parent=17345"}],"wp:term":[{"taxonomy":"product_brand","embeddable":true,"href":"https:\/\/ceoparts.com\/it\/wp-json\/wp\/v2\/product_brand?post=17345"},{"taxonomy":"product_cat","embeddable":true,"href":"https:\/\/ceoparts.com\/it\/wp-json\/wp\/v2\/product_cat?post=17345"},{"taxonomy":"product_tag","embeddable":true,"href":"https:\/\/ceoparts.com\/it\/wp-json\/wp\/v2\/product_tag?post=17345"}],"curies":[{"name":"wp","href":"https:\/\/api.w.org\/{rel}","templated":true}]}}