{"id":17455,"date":"2025-07-08T09:21:01","date_gmt":"2025-07-08T06:21:01","guid":{"rendered":"https:\/\/ceoparts.com\/?post_type=product&#038;p=17455"},"modified":"2026-05-16T06:20:02","modified_gmt":"2026-05-16T03:20:02","slug":"curtis-aku-kontrolu-48-80v-300a-2-el","status":"publish","type":"product","link":"https:\/\/ceoparts.com\/it\/urun\/curtis-aku-kontrolu-48-80v-300a-2-el\/","title":{"rendered":"Controller di batteria Curtis 48\u201380V 300A \u2013 Usato"},"content":{"rendered":"<p>Controller di batteria Curtis 48\u201380V 300A \u2013 Usato<\/p>","protected":false},"excerpt":{"rendered":"<p data-start=\"3196\" data-end=\"3534\">Questo controller batteria Curtis \u00e8 progettato per carrelli elevatori con tensione da 48 a 80V e capacit\u00e0 di corrente di 300A. Unit\u00e0 usata, testata, affidabile e robusta. Gestisce le prestazioni della batteria per migliorare l\u2019efficienza energetica e garantire un funzionamento regolare.<\/p>\n<p data-start=\"3536\" data-end=\"3558\"><strong data-start=\"3536\" data-end=\"3556\">Caratteristiche:<\/strong><\/p>\n<ul data-start=\"3559\" data-end=\"3688\">\n<li data-start=\"3559\" data-end=\"3579\">\n<p data-start=\"3561\" data-end=\"3579\">Tensione: 48-80V<\/p>\n<\/li>\n<li data-start=\"3580\" data-end=\"3598\">\n<p data-start=\"3582\" data-end=\"3598\">Corrente: 300A<\/p>\n<\/li>\n<li data-start=\"3599\" data-end=\"3629\">\n<p data-start=\"3601\" data-end=\"3629\">Condizione: Usato, testato<\/p>\n<\/li>\n<li data-start=\"3630\" data-end=\"3647\">\n<p data-start=\"3632\" data-end=\"3647\">Marca: Curtis<\/p>\n<\/li>\n<li data-start=\"3648\" data-end=\"3688\">\n<p data-start=\"3650\" data-end=\"3688\">Facile installazione e compatibilit\u00e0<\/p>\n<\/li>\n<\/ul>\n","protected":false},"featured_media":17456,"template":"","meta":[],"product_brand":[],"product_cat":[433],"product_tag":[],"class_list":{"0":"post-17455","1":"product","2":"type-product","3":"status-publish","4":"has-post-thumbnail","6":"product_cat-ikinci-el-urunler","8":"first","9":"instock","10":"taxable","11":"shipping-taxable","12":"purchasable","13":"product-type-simple"},"_links":{"self":[{"href":"https:\/\/ceoparts.com\/it\/wp-json\/wp\/v2\/product\/17455","targetHints":{"allow":["GET"]}}],"collection":[{"href":"https:\/\/ceoparts.com\/it\/wp-json\/wp\/v2\/product"}],"about":[{"href":"https:\/\/ceoparts.com\/it\/wp-json\/wp\/v2\/types\/product"}],"wp:featuredmedia":[{"embeddable":true,"href":"https:\/\/ceoparts.com\/it\/wp-json\/wp\/v2\/media\/17456"}],"wp:attachment":[{"href":"https:\/\/ceoparts.com\/it\/wp-json\/wp\/v2\/media?parent=17455"}],"wp:term":[{"taxonomy":"product_brand","embeddable":true,"href":"https:\/\/ceoparts.com\/it\/wp-json\/wp\/v2\/product_brand?post=17455"},{"taxonomy":"product_cat","embeddable":true,"href":"https:\/\/ceoparts.com\/it\/wp-json\/wp\/v2\/product_cat?post=17455"},{"taxonomy":"product_tag","embeddable":true,"href":"https:\/\/ceoparts.com\/it\/wp-json\/wp\/v2\/product_tag?post=17455"}],"curies":[{"name":"wp","href":"https:\/\/api.w.org\/{rel}","templated":true}]}}