{"id":17567,"date":"2025-07-18T09:01:57","date_gmt":"2025-07-18T06:01:57","guid":{"rendered":"https:\/\/ceoparts.com\/?post_type=product&#038;p=17567"},"modified":"2026-05-16T18:38:58","modified_gmt":"2026-05-16T15:38:58","slug":"100x40-15-blickle-denge-tekeri-51058754","status":"publish","type":"product","link":"https:\/\/ceoparts.com\/it\/urun\/100x40-15-blickle-denge-tekeri-51058754\/","title":{"rendered":"100&#215;40-15 Ruota di stabilizzazione Blickle \u2013 51058754"},"content":{"rendered":"<p>100&#215;40-15 Ruota di stabilizzazione Blickle \u2013 51058754<\/p>\n<p>EGU 1600\/710215\/01-97<br \/>\nEGU-710115\/710117\/710119\/710125<br \/>\nEGU-H-710201<br \/>\nEGU 14\/710114\/11-97<br \/>\nEGU 16\/710116\/02-97<br \/>\nEGU 18\/710118\/02-97<br \/>\nEGU 20-S\/710123\/11-97<br \/>\nEGU 20\/710122\/08-97<\/p>","protected":false},"excerpt":{"rendered":"<p data-start=\"3253\" data-end=\"3556\">Questa ruota di stabilizzazione firmata Blickle \u00e8 ideale per veicoli da trasporto e sollevamento. Realizzata in poliuretano di alta qualit\u00e0, garantisce silenziosit\u00e0, assorbimento degli urti e lunga durata. Perfetta anche su superfici delicate.<\/p>\n<p data-start=\"3558\" data-end=\"3821\"><strong data-start=\"3558\" data-end=\"3582\">Specifiche tecniche:<\/strong><br data-start=\"3582\" data-end=\"3585\" \/>\u2022 Dimensioni: 100&#215;40-15<br data-start=\"3608\" data-end=\"3611\" \/>\u2022 Materiale: Poliuretano (PU)<br data-start=\"3640\" data-end=\"3643\" \/>\u2022 Marca: Blickle<br data-start=\"3659\" data-end=\"3662\" \/>\u2022 Codice prodotto: 51058754<br data-start=\"3689\" data-end=\"3692\" \/>\u2022 Utilizzo: Ruota di supporto\/stabilizzazione<br data-start=\"3737\" data-end=\"3740\" \/>\u2022 Caratteristiche: Funzionamento silenzioso, resistenza, protezione del pavimento<\/p>\n","protected":false},"featured_media":17569,"template":"","meta":[],"product_brand":[],"product_cat":[501,185],"product_tag":[],"class_list":{"0":"post-17567","1":"product","2":"type-product","3":"status-publish","4":"has-post-thumbnail","6":"product_cat-denge-tekeri-blickle","7":"product_cat-denge-tekeri","9":"first","10":"instock","11":"taxable","12":"shipping-taxable","13":"purchasable","14":"product-type-simple"},"_links":{"self":[{"href":"https:\/\/ceoparts.com\/it\/wp-json\/wp\/v2\/product\/17567","targetHints":{"allow":["GET"]}}],"collection":[{"href":"https:\/\/ceoparts.com\/it\/wp-json\/wp\/v2\/product"}],"about":[{"href":"https:\/\/ceoparts.com\/it\/wp-json\/wp\/v2\/types\/product"}],"wp:featuredmedia":[{"embeddable":true,"href":"https:\/\/ceoparts.com\/it\/wp-json\/wp\/v2\/media\/17569"}],"wp:attachment":[{"href":"https:\/\/ceoparts.com\/it\/wp-json\/wp\/v2\/media?parent=17567"}],"wp:term":[{"taxonomy":"product_brand","embeddable":true,"href":"https:\/\/ceoparts.com\/it\/wp-json\/wp\/v2\/product_brand?post=17567"},{"taxonomy":"product_cat","embeddable":true,"href":"https:\/\/ceoparts.com\/it\/wp-json\/wp\/v2\/product_cat?post=17567"},{"taxonomy":"product_tag","embeddable":true,"href":"https:\/\/ceoparts.com\/it\/wp-json\/wp\/v2\/product_tag?post=17567"}],"curies":[{"name":"wp","href":"https:\/\/api.w.org\/{rel}","templated":true}]}}