{"id":18363,"date":"2025-09-16T15:45:52","date_gmt":"2025-09-16T12:45:52","guid":{"rendered":"https:\/\/ceoparts.com\/?post_type=product&#038;p=18363"},"modified":"2026-05-16T12:11:02","modified_gmt":"2026-05-16T09:11:02","slug":"bt-rre160-pim","status":"publish","type":"product","link":"https:\/\/ceoparts.com\/it\/urun\/bt-rre160-pim\/","title":{"rendered":"Perno BT RRE160"},"content":{"rendered":"<p>Perno BT RRE160<\/p>","protected":false},"excerpt":{"rendered":"<p data-start=\"3356\" data-end=\"3626\"><strong data-start=\"3356\" data-end=\"3377\">BT RRE160 Pasador<\/strong> est\u00e1 dise\u00f1ado para un fijado seguro y estabilidad en carretillas elevadoras y equipos de almac\u00e9n. Su construcci\u00f3n de alta resistencia garantiza un uso seguro en condiciones de trabajo exigentes, proporcionando un rendimiento confiable y duradero.<\/p>\n<p data-start=\"3628\" data-end=\"3650\"><strong data-start=\"3628\" data-end=\"3648\">Caracter\u00edsticas:<\/strong><\/p>\n<ul data-start=\"3651\" data-end=\"3999\">\n<li data-start=\"3651\" data-end=\"3697\">\n<p data-start=\"3653\" data-end=\"3697\"><strong data-start=\"3653\" data-end=\"3677\">Nombre del producto:<\/strong> BT RRE160 Pasador<\/p>\n<\/li>\n<li data-start=\"3698\" data-end=\"3738\">\n<p data-start=\"3700\" data-end=\"3738\"><strong data-start=\"3700\" data-end=\"3720\">C\u00f3digo de pieza:<\/strong> No especificado<\/p>\n<\/li>\n<li data-start=\"3739\" data-end=\"3794\">\n<p data-start=\"3741\" data-end=\"3794\"><strong data-start=\"3741\" data-end=\"3754\">Material:<\/strong> Aleaci\u00f3n met\u00e1lica de alta resistencia<\/p>\n<\/li>\n<li data-start=\"3795\" data-end=\"3888\">\n<p data-start=\"3797\" data-end=\"3888\"><strong data-start=\"3797\" data-end=\"3812\">Aplicaci\u00f3n:<\/strong> Pasador de fijaci\u00f3n y aseguramiento para carretillas y equipos de almac\u00e9n<\/p>\n<\/li>\n<li data-start=\"3889\" data-end=\"3999\">\n<p data-start=\"3891\" data-end=\"3999\"><strong data-start=\"3891\" data-end=\"3904\">Ventajas:<\/strong> Construcci\u00f3n duradera, uso seguro en condiciones exigentes, rendimiento estable y prolongado<\/p>\n<\/li>\n<\/ul>\n","protected":false},"featured_media":18367,"template":"","meta":[],"product_brand":[],"product_cat":[467,251,518],"product_tag":[],"class_list":{"0":"post-18363","1":"product","2":"type-product","3":"status-publish","4":"has-post-thumbnail","6":"product_cat-mil-grubu","7":"product_cat-bt","8":"product_cat-yedek-parca-bt","10":"first","11":"instock","12":"taxable","13":"shipping-taxable","14":"purchasable","15":"product-type-simple"},"_links":{"self":[{"href":"https:\/\/ceoparts.com\/it\/wp-json\/wp\/v2\/product\/18363","targetHints":{"allow":["GET"]}}],"collection":[{"href":"https:\/\/ceoparts.com\/it\/wp-json\/wp\/v2\/product"}],"about":[{"href":"https:\/\/ceoparts.com\/it\/wp-json\/wp\/v2\/types\/product"}],"wp:featuredmedia":[{"embeddable":true,"href":"https:\/\/ceoparts.com\/it\/wp-json\/wp\/v2\/media\/18367"}],"wp:attachment":[{"href":"https:\/\/ceoparts.com\/it\/wp-json\/wp\/v2\/media?parent=18363"}],"wp:term":[{"taxonomy":"product_brand","embeddable":true,"href":"https:\/\/ceoparts.com\/it\/wp-json\/wp\/v2\/product_brand?post=18363"},{"taxonomy":"product_cat","embeddable":true,"href":"https:\/\/ceoparts.com\/it\/wp-json\/wp\/v2\/product_cat?post=18363"},{"taxonomy":"product_tag","embeddable":true,"href":"https:\/\/ceoparts.com\/it\/wp-json\/wp\/v2\/product_tag?post=18363"}],"curies":[{"name":"wp","href":"https:\/\/api.w.org\/{rel}","templated":true}]}}