{"id":19697,"date":"2025-11-21T14:44:31","date_gmt":"2025-11-21T11:44:31","guid":{"rendered":"https:\/\/ceoparts.com\/?post_type=product&#038;p=19697"},"modified":"2026-04-11T21:09:35","modified_gmt":"2026-04-11T18:09:35","slug":"linde-still-t16-denge-mekanizmasi-11524505505","status":"publish","type":"product","link":"https:\/\/ceoparts.com\/it\/urun\/linde-still-t16-denge-mekanizmasi-11524505505\/","title":{"rendered":"Meccanismo di stabilizzazione Linde\/Still \u2013 11524505505"},"content":{"rendered":"<p>Meccanismo di stabilizzazione Linde\/Still \u2013 11524505505<\/p>","protected":false},"excerpt":{"rendered":"<p>Il <strong data-start=\"2750\" data-end=\"2801\">meccanismo di stabilizzazione Linde \/ Still T16<\/strong> \u00e8 un sistema su ruote utilizzato nei carrelli elevatori. Garantisce la stabilit\u00e0 del carico e migliora la stabilit\u00e0 complessiva del veicolo. Realizzato in lega metallica resistente per una lunga durata.<br data-start=\"3004\" data-end=\"3007\" \/><strong data-start=\"3007\" data-end=\"3027\">Caratteristiche:<\/strong><br data-start=\"3027\" data-end=\"3030\" \/>\u2022 Nome prodotto: Meccanismo di stabilizzazione Linde \/ Still T16<br data-start=\"3094\" data-end=\"3097\" \/>\u2022 Codice parte: 11524505505<br data-start=\"3124\" data-end=\"3127\" \/>\u2022 Materiale: Lega metallica resistente<br data-start=\"3165\" data-end=\"3168\" \/>\u2022 Applicazione: Meccanismo di stabilizzazione su ruote per carrelli elevatori<br data-start=\"3245\" data-end=\"3248\" \/>\u2022 Vantaggi: Stabilit\u00e0 del carico, resistenza, lunga durata<\/p>\n","protected":false},"featured_media":19706,"template":"","meta":[],"product_brand":[],"product_cat":[420,523,246,423,425],"product_tag":[],"class_list":{"0":"post-19697","1":"product","2":"type-product","3":"status-publish","4":"has-post-thumbnail","6":"product_cat-denge-mekanizmalar","7":"product_cat-yedek-parca-linde","8":"product_cat-linde","9":"product_cat-still-denge-mekanizma","10":"product_cat-linde-denge-mekanizma","12":"first","13":"instock","14":"taxable","15":"shipping-taxable","16":"purchasable","17":"product-type-simple"},"_links":{"self":[{"href":"https:\/\/ceoparts.com\/it\/wp-json\/wp\/v2\/product\/19697","targetHints":{"allow":["GET"]}}],"collection":[{"href":"https:\/\/ceoparts.com\/it\/wp-json\/wp\/v2\/product"}],"about":[{"href":"https:\/\/ceoparts.com\/it\/wp-json\/wp\/v2\/types\/product"}],"wp:featuredmedia":[{"embeddable":true,"href":"https:\/\/ceoparts.com\/it\/wp-json\/wp\/v2\/media\/19706"}],"wp:attachment":[{"href":"https:\/\/ceoparts.com\/it\/wp-json\/wp\/v2\/media?parent=19697"}],"wp:term":[{"taxonomy":"product_brand","embeddable":true,"href":"https:\/\/ceoparts.com\/it\/wp-json\/wp\/v2\/product_brand?post=19697"},{"taxonomy":"product_cat","embeddable":true,"href":"https:\/\/ceoparts.com\/it\/wp-json\/wp\/v2\/product_cat?post=19697"},{"taxonomy":"product_tag","embeddable":true,"href":"https:\/\/ceoparts.com\/it\/wp-json\/wp\/v2\/product_tag?post=19697"}],"curies":[{"name":"wp","href":"https:\/\/api.w.org\/{rel}","templated":true}]}}