{"id":20112,"date":"2025-12-04T14:56:34","date_gmt":"2025-12-04T11:56:34","guid":{"rendered":"https:\/\/ceoparts.com\/?post_type=product&#038;p=20112"},"modified":"2026-05-03T15:30:17","modified_gmt":"2026-05-03T12:30:17","slug":"18x20x26x12-still-catal-mekanizma-burcu-0531037","status":"publish","type":"product","link":"https:\/\/ceoparts.com\/it\/urun\/18x20x26x12-still-catal-mekanizma-burcu-0531037\/","title":{"rendered":"18x20x26x12 Boccola meccanismo forche Still &#8211; 0531037"},"content":{"rendered":"<p>18x20x26x12 Boccola meccanismo forche Still &#8211; 0531037<\/p>","protected":false},"excerpt":{"rendered":"<p data-start=\"2597\" data-end=\"2832\">La <strong data-start=\"2600\" data-end=\"2655\">bague du m\u00e9canisme de fourche 18x20x26x12 \u2013 0531037<\/strong> pour chariots \u00e9l\u00e9vateurs Still facilite le mouvement et r\u00e9duit la friction aux points de pivot du m\u00e9canisme. Elle assure une performance stable lors du levage et des man\u0153uvres.<\/p>\n<p data-start=\"2834\" data-end=\"2858\"><strong data-start=\"2834\" data-end=\"2856\">Caract\u00e9ristiques :<\/strong><\/p>\n<ul data-start=\"2859\" data-end=\"3222\">\n<li data-start=\"2859\" data-end=\"2930\">\n<p data-start=\"2861\" data-end=\"2930\">Nom du produit: Bague du m\u00e9canisme de fourche 18x20x26x12 \u2013 0531037<\/p>\n<\/li>\n<li data-start=\"2931\" data-end=\"2953\">\n<p data-start=\"2933\" data-end=\"2953\">R\u00e9f\u00e9rence: 0531037<\/p>\n<\/li>\n<li data-start=\"2954\" data-end=\"2984\">\n<p data-start=\"2956\" data-end=\"2984\">Dimensions: 18x20x26x12 mm<\/p>\n<\/li>\n<li data-start=\"2985\" data-end=\"3046\">\n<p data-start=\"2987\" data-end=\"3046\">Type: Bague \/ composant de palier du m\u00e9canisme de fourche<\/p>\n<\/li>\n<li data-start=\"3047\" data-end=\"3096\">\n<p data-start=\"3049\" data-end=\"3096\">Mat\u00e9riau: Alliage m\u00e9tallique haute r\u00e9sistance<\/p>\n<\/li>\n<li data-start=\"3097\" data-end=\"3152\">\n<p data-start=\"3099\" data-end=\"3152\">Domaine d\u2019utilisation: M\u00e9canismes de fourches Still<\/p>\n<\/li>\n<li data-start=\"3153\" data-end=\"3222\">\n<p data-start=\"3155\" data-end=\"3222\">Avantages: Faible friction, mouvement stable, longue dur\u00e9e de vie<\/p>\n<\/li>\n<\/ul>\n","protected":false},"featured_media":20113,"template":"","meta":[],"product_brand":[],"product_cat":[465,241,524],"product_tag":[],"class_list":{"0":"post-20112","1":"product","2":"type-product","3":"status-publish","4":"has-post-thumbnail","6":"product_cat-catal-burclari","7":"product_cat-still","8":"product_cat-yedek-parca-still","10":"first","11":"instock","12":"taxable","13":"shipping-taxable","14":"purchasable","15":"product-type-simple"},"_links":{"self":[{"href":"https:\/\/ceoparts.com\/it\/wp-json\/wp\/v2\/product\/20112","targetHints":{"allow":["GET"]}}],"collection":[{"href":"https:\/\/ceoparts.com\/it\/wp-json\/wp\/v2\/product"}],"about":[{"href":"https:\/\/ceoparts.com\/it\/wp-json\/wp\/v2\/types\/product"}],"wp:featuredmedia":[{"embeddable":true,"href":"https:\/\/ceoparts.com\/it\/wp-json\/wp\/v2\/media\/20113"}],"wp:attachment":[{"href":"https:\/\/ceoparts.com\/it\/wp-json\/wp\/v2\/media?parent=20112"}],"wp:term":[{"taxonomy":"product_brand","embeddable":true,"href":"https:\/\/ceoparts.com\/it\/wp-json\/wp\/v2\/product_brand?post=20112"},{"taxonomy":"product_cat","embeddable":true,"href":"https:\/\/ceoparts.com\/it\/wp-json\/wp\/v2\/product_cat?post=20112"},{"taxonomy":"product_tag","embeddable":true,"href":"https:\/\/ceoparts.com\/it\/wp-json\/wp\/v2\/product_tag?post=20112"}],"curies":[{"name":"wp","href":"https:\/\/api.w.org\/{rel}","templated":true}]}}