{"id":20881,"date":"2026-01-21T17:25:01","date_gmt":"2026-01-21T14:25:01","guid":{"rendered":"https:\/\/ceoparts.com\/?post_type=product&#038;p=20881"},"modified":"2026-05-03T05:37:23","modified_gmt":"2026-05-03T02:37:23","slug":"82x90-17-poliuretan-transpalet-yuk-tekerlegi","status":"publish","type":"product","link":"https:\/\/ceoparts.com\/it\/urun\/82x90-17-poliuretan-transpalet-yuk-tekerlegi\/","title":{"rendered":"82&#215;90-17 Ruota transpallet in poliuretano"},"content":{"rendered":"<p>82&#215;90-17 Ruota transpallet in poliuretano<\/p>\n<p>82&#215;90-17 Ruota transpallet in poliuretano<\/p>\n<p>82&#215;90-17 Ruota transpallet in poliuretano<\/p>\n<p><\/p>","protected":false},"excerpt":{"rendered":"<p data-start=\"3519\" data-end=\"3908\">La ruota di carico 82&#215;90-17 Demir\u00fcst\u00fc in poliuretano \u00e8 progettata per il trasporto sicuro di carichi pesanti su carrelli elevatori e macchine industriali. Il rivestimento in poliuretano di alta qualit\u00e0 garantisce una lunga durata e mantiene la resistenza anche in condizioni di lavoro difficili. Una soluzione affidabile per aumentare l\u2019efficienza nelle applicazioni industriali.<\/p>\n<p data-start=\"3910\" data-end=\"4239\"><strong data-start=\"3910\" data-end=\"3929\">Caratteristiche<\/strong><br data-start=\"3929\" data-end=\"3932\" \/><strong data-start=\"3932\" data-end=\"3954\">Nome del prodotto:<\/strong> 82&#215;90-17 Demir\u00fcst\u00fc Ruota di carico in poliuretano<br data-start=\"4004\" data-end=\"4007\" \/><strong data-start=\"4007\" data-end=\"4024\">Codice parte:<\/strong> Non specificato<br data-start=\"4040\" data-end=\"4043\" \/><strong data-start=\"4043\" data-end=\"4057\">Materiale:<\/strong> Rivestimento in poliuretano, mozzo in ferro<br data-start=\"4101\" data-end=\"4104\" \/><strong data-start=\"4104\" data-end=\"4121\">Applicazione:<\/strong> Carrelli elevatori e macchine industriali<br data-start=\"4163\" data-end=\"4166\" \/><strong data-start=\"4166\" data-end=\"4180\">Vantaggio:<\/strong> Alta capacit\u00e0 di carico, lunga durata, struttura robusta<\/p>\n","protected":false},"featured_media":20861,"template":"","meta":[],"product_brand":[],"product_cat":[539,540],"product_tag":[],"class_list":{"0":"post-20881","1":"product","2":"type-product","3":"status-publish","4":"has-post-thumbnail","6":"product_cat-transpalet-tekeri","7":"product_cat-poliuretan-transpalet-tekeri","9":"first","10":"instock","11":"taxable","12":"shipping-taxable","13":"purchasable","14":"product-type-simple"},"_links":{"self":[{"href":"https:\/\/ceoparts.com\/it\/wp-json\/wp\/v2\/product\/20881","targetHints":{"allow":["GET"]}}],"collection":[{"href":"https:\/\/ceoparts.com\/it\/wp-json\/wp\/v2\/product"}],"about":[{"href":"https:\/\/ceoparts.com\/it\/wp-json\/wp\/v2\/types\/product"}],"wp:featuredmedia":[{"embeddable":true,"href":"https:\/\/ceoparts.com\/it\/wp-json\/wp\/v2\/media\/20861"}],"wp:attachment":[{"href":"https:\/\/ceoparts.com\/it\/wp-json\/wp\/v2\/media?parent=20881"}],"wp:term":[{"taxonomy":"product_brand","embeddable":true,"href":"https:\/\/ceoparts.com\/it\/wp-json\/wp\/v2\/product_brand?post=20881"},{"taxonomy":"product_cat","embeddable":true,"href":"https:\/\/ceoparts.com\/it\/wp-json\/wp\/v2\/product_cat?post=20881"},{"taxonomy":"product_tag","embeddable":true,"href":"https:\/\/ceoparts.com\/it\/wp-json\/wp\/v2\/product_tag?post=20881"}],"curies":[{"name":"wp","href":"https:\/\/api.w.org\/{rel}","templated":true}]}}