{"id":21864,"date":"2026-04-25T11:26:53","date_gmt":"2026-04-25T08:26:53","guid":{"rendered":"https:\/\/ceoparts.com\/?post_type=product&#038;p=21864"},"modified":"2026-04-26T19:03:04","modified_gmt":"2026-04-26T16:03:04","slug":"frotek-aku-hucre-baglanti-kablosu-35x1500","status":"publish","type":"product","link":"https:\/\/ceoparts.com\/it\/urun\/frotek-aku-hucre-baglanti-kablosu-35x1500\/","title":{"rendered":"Fr\u00f6tek Cavo Di Collegamento Celle Batteria 35\u00d71500"},"content":{"rendered":"<p>Fr\u00f6tek Cavo Di Collegamento Celle Batteria 35\u00d71500<\/p>","protected":false},"excerpt":{"rendered":"<p data-start=\"3191\" data-end=\"3344\">Il <strong data-start=\"3194\" data-end=\"3248\">cavo di collegamento celle batteria Fr\u00f6tek 35\u00d71500<\/strong> garantisce una connessione elettrica sicura tra le celle delle batterie nei carrelli elevatori.<\/p>\n<p data-start=\"3346\" data-end=\"3605\"><strong data-start=\"3346\" data-end=\"3361\">Specifiche:<\/strong><br data-start=\"3361\" data-end=\"3364\" \/>Nome prodotto: Cavo collegamento celle batteria Fr\u00f6tek<br data-start=\"3418\" data-end=\"3421\" \/>Dimensione: 35 \u00d7 1500 mm<br data-start=\"3445\" data-end=\"3448\" \/>Materiale: Conduttore in rame flessibile con isolamento<br data-start=\"3503\" data-end=\"3506\" \/>Applicazione: Sistemi batteria industriali<br data-start=\"3548\" data-end=\"3551\" \/>Vantaggio: Alta conducibilit\u00e0 e connessione affidabile<\/p>\n","protected":false},"featured_media":21865,"template":"","meta":[],"product_brand":[],"product_cat":[446],"product_tag":[],"class_list":{"0":"post-21864","1":"product","2":"type-product","3":"status-publish","4":"has-post-thumbnail","6":"product_cat-aku-bar","8":"first","9":"instock","10":"taxable","11":"shipping-taxable","12":"purchasable","13":"product-type-simple"},"_links":{"self":[{"href":"https:\/\/ceoparts.com\/it\/wp-json\/wp\/v2\/product\/21864","targetHints":{"allow":["GET"]}}],"collection":[{"href":"https:\/\/ceoparts.com\/it\/wp-json\/wp\/v2\/product"}],"about":[{"href":"https:\/\/ceoparts.com\/it\/wp-json\/wp\/v2\/types\/product"}],"wp:featuredmedia":[{"embeddable":true,"href":"https:\/\/ceoparts.com\/it\/wp-json\/wp\/v2\/media\/21865"}],"wp:attachment":[{"href":"https:\/\/ceoparts.com\/it\/wp-json\/wp\/v2\/media?parent=21864"}],"wp:term":[{"taxonomy":"product_brand","embeddable":true,"href":"https:\/\/ceoparts.com\/it\/wp-json\/wp\/v2\/product_brand?post=21864"},{"taxonomy":"product_cat","embeddable":true,"href":"https:\/\/ceoparts.com\/it\/wp-json\/wp\/v2\/product_cat?post=21864"},{"taxonomy":"product_tag","embeddable":true,"href":"https:\/\/ceoparts.com\/it\/wp-json\/wp\/v2\/product_tag?post=21864"}],"curies":[{"name":"wp","href":"https:\/\/api.w.org\/{rel}","templated":true}]}}