{"id":22061,"date":"2026-05-05T10:33:21","date_gmt":"2026-05-05T07:33:21","guid":{"rendered":"https:\/\/ceoparts.com\/?post_type=product&#038;p=22061"},"modified":"2026-05-06T15:04:17","modified_gmt":"2026-05-06T12:04:17","slug":"180x50-20-poliamid-transpalet-yuruyus-tekeri","status":"publish","type":"product","link":"https:\/\/ceoparts.com\/it\/urun\/180x50-20-poliamid-transpalet-yuruyus-tekeri\/","title":{"rendered":"180&#215;50-20 Ruota da passeggio"},"content":{"rendered":"<p>180&#215;50-20 Ruota da passeggio<\/p>","protected":false},"excerpt":{"rendered":"<p data-start=\"0\" data-end=\"420\">180\u00d750-20 ruota di marcia \u00e8 una ruota resistente e di alta qualit\u00e0 utilizzata per carrelli elevatori e veicoli industriali. Con diametro di 180 mm e larghezza di 50 mm, offre un\u2019ampia superficie di contatto con il terreno per una guida stabile e bilanciata. Il rivestimento in poliuretano garantisce resistenza all\u2019usura e funzionamento silenzioso e antiscivolo. Progettata per carichi pesanti, assicura lunga durata.<\/p>\n<p data-start=\"4307\" data-end=\"4677\"><strong data-start=\"4307\" data-end=\"4327\">Caratteristiche:<\/strong><br data-start=\"4327\" data-end=\"4330\" \/><strong data-start=\"4330\" data-end=\"4348\">Nome prodotto:<\/strong> 180\u00d750-20 ruota di marcia<br data-start=\"4374\" data-end=\"4377\" \/><strong data-start=\"4377\" data-end=\"4394\">Codice parte:<\/strong> \u2013<br data-start=\"4396\" data-end=\"4399\" \/><strong data-start=\"4399\" data-end=\"4413\">Materiale:<\/strong> Rivestimento in poliuretano, corpo in acciaio<br data-start=\"4459\" data-end=\"4462\" \/><strong data-start=\"4462\" data-end=\"4483\">Area di utilizzo:<\/strong> Ruota di marcia per carrelli elevatori e veicoli industriali<br data-start=\"4544\" data-end=\"4547\" \/><strong data-start=\"4547\" data-end=\"4561\">Vantaggio:<\/strong> Ampia superficie di contatto per guida stabile, alta resistenza all\u2019usura, funzionamento silenzioso e antiscivolo<\/p>\n<p data-start=\"4679\" data-end=\"5128\">\n","protected":false},"featured_media":22060,"template":"","meta":[],"product_brand":[],"product_cat":[539,547,193],"product_tag":[],"class_list":{"0":"post-22061","1":"product","2":"type-product","3":"status-publish","4":"has-post-thumbnail","6":"product_cat-transpalet-tekeri","7":"product_cat-poliamid-yuruyus-tekeri","8":"product_cat-yuruyus-tekeri","10":"first","11":"instock","12":"taxable","13":"shipping-taxable","14":"purchasable","15":"product-type-simple"},"_links":{"self":[{"href":"https:\/\/ceoparts.com\/it\/wp-json\/wp\/v2\/product\/22061","targetHints":{"allow":["GET"]}}],"collection":[{"href":"https:\/\/ceoparts.com\/it\/wp-json\/wp\/v2\/product"}],"about":[{"href":"https:\/\/ceoparts.com\/it\/wp-json\/wp\/v2\/types\/product"}],"wp:featuredmedia":[{"embeddable":true,"href":"https:\/\/ceoparts.com\/it\/wp-json\/wp\/v2\/media\/22060"}],"wp:attachment":[{"href":"https:\/\/ceoparts.com\/it\/wp-json\/wp\/v2\/media?parent=22061"}],"wp:term":[{"taxonomy":"product_brand","embeddable":true,"href":"https:\/\/ceoparts.com\/it\/wp-json\/wp\/v2\/product_brand?post=22061"},{"taxonomy":"product_cat","embeddable":true,"href":"https:\/\/ceoparts.com\/it\/wp-json\/wp\/v2\/product_cat?post=22061"},{"taxonomy":"product_tag","embeddable":true,"href":"https:\/\/ceoparts.com\/it\/wp-json\/wp\/v2\/product_tag?post=22061"}],"curies":[{"name":"wp","href":"https:\/\/api.w.org\/{rel}","templated":true}]}}