{"id":8173,"date":"2021-01-21T01:23:48","date_gmt":"2021-01-20T22:23:48","guid":{"rendered":"https:\/\/ceoparts.com\/?post_type=product&#038;p=8173"},"modified":"2026-05-16T14:00:33","modified_gmt":"2026-05-16T11:00:33","slug":"230x75-80-6b-o14-still-4494268","status":"publish","type":"product","link":"https:\/\/ceoparts.com\/it\/urun\/230x75-80-6b-o14-still-4494268\/","title":{"rendered":"230&#215;75-80 Wicke  Ruota da passeggio &#8211; 0009933848, 4494268, 0009903807"},"content":{"rendered":"<p>230&#215;75-80 Wicke  Ruota da passeggio &#8211; 0009933848, 4494268, 0009903807<\/p>\n<p><span class=\"short_text\" lang=\"en\"><span class=\"hps\" title=\"Kliknij, aby wy\u015bwietli\u0107 alternatywne t\u0142umaczenia\">EGV-S 330221\/330222<br \/>\nEGV-S LB 330229\/330230<\/span><\/span><\/p>\n<p>YALE<\/p>\n<p>HYSTER<\/p>\n<p>OM PIMESPO, BR VESTERGAARD<\/p>\n<p>0009903807, 8494268, 4494268, 95309172, 50983508934, 129TA9068<\/p>","protected":false},"excerpt":{"rendered":"<p data-start=\"151\" data-end=\"662\"><br data-start=\"4884\" data-end=\"4887\" \/>La <strong data-start=\"4890\" data-end=\"4923\">Ruota motrice 230\u00d775-80 Wicke<\/strong> \u00e8 una ruota di alta qualit\u00e0 e durevole utilizzata nel meccanismo di guida di carrelli elevatori e veicoli industriali simili. Presenta un nucleo metallico robusto con rivestimento in gomma o poliuretano resistente all\u2019usura. La sua ampia superficie garantisce un trasporto equilibrato e sicuro del carico. Riduce le vibrazioni, offrendo un funzionamento silenzioso e confortevole. Questa ruota motrice ad alte prestazioni \u00e8 ideale per un uso prolungato in condizioni difficili.<\/p>\n<p data-start=\"5403\" data-end=\"5852\"><strong data-start=\"5403\" data-end=\"5422\">Caratteristiche<\/strong><br data-start=\"5422\" data-end=\"5425\" \/><strong data-start=\"5425\" data-end=\"5443\">Nome prodotto:<\/strong> Ruota motrice 230\u00d775-80 Wicke<br data-start=\"5473\" data-end=\"5476\" \/><strong data-start=\"5476\" data-end=\"5493\">Codici pezzi:<\/strong> 0009933848, 4494268, 0009903807<br data-start=\"5525\" data-end=\"5528\" \/><strong data-start=\"5528\" data-end=\"5542\">Materiale:<\/strong> Nucleo metallico robusto, rivestimento in gomma o poliuretano resistente all\u2019usura<br data-start=\"5625\" data-end=\"5628\" \/><strong data-start=\"5628\" data-end=\"5645\">Applicazione:<\/strong> Meccanismi di guida per carrelli elevatori e veicoli industriali<br data-start=\"5710\" data-end=\"5713\" \/><strong data-start=\"5713\" data-end=\"5727\">Vantaggio:<\/strong> Trasporto equilibrato del carico, riduzione delle vibrazioni, funzionamento silenzioso, lunga durata, costruzione durevole<\/p>\n<hr data-start=\"5854\" data-end=\"5857\" \/>\n<p data-start=\"5859\" data-end=\"6380\">\n","protected":false},"featured_media":11227,"template":"","meta":[],"product_brand":[],"product_cat":[256,260,401,404,193],"product_tag":[],"class_list":{"0":"post-8173","1":"product","2":"type-product","3":"status-publish","4":"has-post-thumbnail","6":"product_cat-hyster","7":"product_cat-yuruyus-tekeri-hyster","8":"product_cat-wicke","9":"product_cat-yuruyus-tekeri-wicke","10":"product_cat-yuruyus-tekeri","12":"first","13":"instock","14":"taxable","15":"shipping-taxable","16":"purchasable","17":"product-type-simple"},"_links":{"self":[{"href":"https:\/\/ceoparts.com\/it\/wp-json\/wp\/v2\/product\/8173","targetHints":{"allow":["GET"]}}],"collection":[{"href":"https:\/\/ceoparts.com\/it\/wp-json\/wp\/v2\/product"}],"about":[{"href":"https:\/\/ceoparts.com\/it\/wp-json\/wp\/v2\/types\/product"}],"wp:featuredmedia":[{"embeddable":true,"href":"https:\/\/ceoparts.com\/it\/wp-json\/wp\/v2\/media\/11227"}],"wp:attachment":[{"href":"https:\/\/ceoparts.com\/it\/wp-json\/wp\/v2\/media?parent=8173"}],"wp:term":[{"taxonomy":"product_brand","embeddable":true,"href":"https:\/\/ceoparts.com\/it\/wp-json\/wp\/v2\/product_brand?post=8173"},{"taxonomy":"product_cat","embeddable":true,"href":"https:\/\/ceoparts.com\/it\/wp-json\/wp\/v2\/product_cat?post=8173"},{"taxonomy":"product_tag","embeddable":true,"href":"https:\/\/ceoparts.com\/it\/wp-json\/wp\/v2\/product_tag?post=8173"}],"curies":[{"name":"wp","href":"https:\/\/api.w.org\/{rel}","templated":true}]}}