{"id":8360,"date":"2021-02-14T21:37:46","date_gmt":"2021-02-14T18:37:46","guid":{"rendered":"https:\/\/ceoparts.com\/?post_type=product&#038;p=8360"},"modified":"2026-05-16T13:14:54","modified_gmt":"2026-05-16T10:14:54","slug":"85x45-45-20-yuk-tekeri","status":"publish","type":"product","link":"https:\/\/ceoparts.com\/it\/urun\/85x45-45-20-yuk-tekeri\/","title":{"rendered":"85&#215;45\/45-20 Ceoparts Ruote di carico"},"content":{"rendered":"<p>85&#215;45\/45-20 Ceoparts Ruote di carico<\/p>","protected":false},"excerpt":{"rendered":"<p data-start=\"99\" data-end=\"550\"><br data-start=\"4486\" data-end=\"4489\" \/>La <strong data-start=\"4492\" data-end=\"4532\">Ruota di carico 85\u00d745\/45-20 Ceoparts<\/strong> \u00e8 una ruota resistente e pavimento-friendly progettata per carrelli elevatori e stoccatori in operazioni di carico leggere e medie. La struttura compatta offre un\u2019ottima manovrabilit\u00e0 in spazi stretti. Il rivestimento in poliuretano o gomma di alta qualit\u00e0 garantisce un funzionamento silenzioso e privo di vibrazioni. Realizzata con la qualit\u00e0 Ceoparts per un utilizzo affidabile e di lunga durata.<\/p>\n<p data-start=\"4934\" data-end=\"5392\"><strong data-start=\"4934\" data-end=\"4953\">Caratteristiche<\/strong><br data-start=\"4953\" data-end=\"4956\" \/><strong data-start=\"4956\" data-end=\"4974\">Nome prodotto:<\/strong> Ruota di carico 85\u00d745\/45-20 Ceoparts<br data-start=\"5011\" data-end=\"5014\" \/><strong data-start=\"5014\" data-end=\"5031\">Codice pezzo:<\/strong> &#8211;<br data-start=\"5033\" data-end=\"5036\" \/><strong data-start=\"5036\" data-end=\"5050\">Materiale:<\/strong> Nucleo metallico robusto, rivestimento in poliuretano o gomma resistente<br data-start=\"5123\" data-end=\"5126\" \/><strong data-start=\"5126\" data-end=\"5143\">Applicazione:<\/strong> Sistemi di carico per carrelli elevatori e stoccatori<br data-start=\"5197\" data-end=\"5200\" \/><strong data-start=\"5200\" data-end=\"5214\">Vantaggio:<\/strong> Struttura compatta, manovrabilit\u00e0 eccellente negli spazi stretti, funzionamento silenzioso e senza vibrazioni, struttura pavimento-friendly, lunga durata, facile installazione<\/p>\n<hr data-start=\"5394\" data-end=\"5397\" \/>\n<p data-start=\"5399\" data-end=\"5843\">\n","protected":false},"featured_media":15952,"template":"","meta":[],"product_brand":[],"product_cat":[395,398,400],"product_tag":[],"class_list":{"0":"post-8360","1":"product","2":"type-product","3":"status-publish","4":"has-post-thumbnail","6":"product_cat-ceoparts","7":"product_cat-catal-tekeri-ceo","8":"product_cat-catal-tekeri","10":"first","11":"instock","12":"taxable","13":"shipping-taxable","14":"purchasable","15":"product-type-simple"},"_links":{"self":[{"href":"https:\/\/ceoparts.com\/it\/wp-json\/wp\/v2\/product\/8360","targetHints":{"allow":["GET"]}}],"collection":[{"href":"https:\/\/ceoparts.com\/it\/wp-json\/wp\/v2\/product"}],"about":[{"href":"https:\/\/ceoparts.com\/it\/wp-json\/wp\/v2\/types\/product"}],"wp:featuredmedia":[{"embeddable":true,"href":"https:\/\/ceoparts.com\/it\/wp-json\/wp\/v2\/media\/15952"}],"wp:attachment":[{"href":"https:\/\/ceoparts.com\/it\/wp-json\/wp\/v2\/media?parent=8360"}],"wp:term":[{"taxonomy":"product_brand","embeddable":true,"href":"https:\/\/ceoparts.com\/it\/wp-json\/wp\/v2\/product_brand?post=8360"},{"taxonomy":"product_cat","embeddable":true,"href":"https:\/\/ceoparts.com\/it\/wp-json\/wp\/v2\/product_cat?post=8360"},{"taxonomy":"product_tag","embeddable":true,"href":"https:\/\/ceoparts.com\/it\/wp-json\/wp\/v2\/product_tag?post=8360"}],"curies":[{"name":"wp","href":"https:\/\/api.w.org\/{rel}","templated":true}]}}