{"id":8401,"date":"2021-02-14T23:18:24","date_gmt":"2021-02-14T20:18:24","guid":{"rendered":"https:\/\/ceoparts.com\/?post_type=product&#038;p=8401"},"modified":"2026-05-16T17:28:25","modified_gmt":"2026-05-16T14:28:25","slug":"85x95-100-25-yuk-tekeri","status":"publish","type":"product","link":"https:\/\/ceoparts.com\/it\/urun\/85x95-100-25-yuk-tekeri\/","title":{"rendered":"85&#215;95\/100-25 Ceoparts Ruote di carico &#8211; 27631390"},"content":{"rendered":"<p>85&#215;95\/100-25 Ceoparts Ruote di carico &#8211; 27631390<\/p>\n<p>Jungheinrich 85&#215;95\/100-25\u00a0 27631390<\/p>\n<p>EKC 12,5 \/ 16 \/ 20\u00a01.91 &#8211; 1.95<\/p>\n<p>ECE 310\u00a04.04 &#8211; 12.07<br \/>\nECE 310\u00a01.08 &#8211;<\/p>\n<p>EJC 10 KGL (BW)\u00a06.78 &#8211;<br \/>\nEJC Z14\/Z16\u00a05.05 &#8211;<br \/>\nEJC-Z 14\/16\u00a01.99 &#8211; 4.05<br \/>\nEJCc 12,5\/16\u00a05.82 &#8211; 1.85<\/p>\n<p>EJD 16\u00a09.92 &#8211; 4.94<br \/>\nEJD 16\u00a05.91 &#8211; 12.91<br \/>\nEJD 20-3\u00a05.94 &#8211; 10.94<br \/>\nEJD 20-3\u00a010.94 &#8211; 3.95<br \/>\nEJD 20-3\u00a04.95 &#8211; 12.01<br \/>\nEJD 220\u00a01.10 &#8211;<br \/>\nEJD K18\u00a05.05 &#8211; 5.08<\/p>\n<p>EJE 12,5-16\u00a010.88 &#8211; 3.91<br \/>\nEJE 16-4\u00a08.96 &#8211; 12.99<br \/>\nEJE 16-4\u00a01.00 &#8211;<br \/>\nEJE 16\/20\u00a09.92 &#8211; 7.93<br \/>\nEJE KMS B\u00a011.79 &#8211; 8.84<br \/>\nEJE\/-R 20\u00a09.92 &#8211; 7.93<br \/>\nEJE\/-R 20-24\u00a06.96 &#8211; 4.97<\/p>\n<p>EKC 12,5\u00a05.82 &#8211; 11.84<br \/>\nEKC 16 \/ 20\u00a05.82 &#8211; 11.84<br \/>\nEKC 20\u00a01.83 &#8211; 5.86<br \/>\nEKC 20\u00a06.86 &#8211; 12.90<\/p>\n<p>EKE 20\u00a05.94 &#8211; 5.97<\/p>\n<p>EKS 308 F\/S\/I\u00a01.06 &#8211; 12.09<\/p>\n<p>ERC Z12\/Z14\/Z16\u00a04.04 &#8211;<br \/>\nERC-Z 12-16\u00a04.01 &#8211; 3.04<\/p>\n<p>ERD 220\u00a06.10 &#8211;<\/p>\n<p>ERE 20\u00a05.94 &#8211; 6.97<\/p>","protected":false},"excerpt":{"rendered":"<p data-start=\"107\" data-end=\"570\"><br data-start=\"4049\" data-end=\"4052\" \/>La <strong data-start=\"4055\" data-end=\"4096\">Ruota di carico 85\u00d795\/100-25 Ceoparts<\/strong> \u00e8 una ruota resistente e di alta qualit\u00e0 progettata per aumentare la capacit\u00e0 di carico e l\u2019efficienza operativa dei carrelli elevatori. Realizzata con un composto speciale di gomma e lega metallica robusta, garantisce una lunga durata in condizioni difficili. Questa ruota consente un movimento equilibrato del carrello elevatore e una movimentazione sicura del carico. La qualit\u00e0 Ceoparts assicura facile installazione e durata superiore.<\/p>\n<p data-start=\"4539\" data-end=\"4860\"><strong data-start=\"4539\" data-end=\"4558\">Caratteristiche<\/strong><br data-start=\"4558\" data-end=\"4561\" \/><strong data-start=\"4561\" data-end=\"4579\">Nome prodotto:<\/strong> Ruota di carico 85\u00d795\/100-25 Ceoparts<br data-start=\"4617\" data-end=\"4620\" \/><strong data-start=\"4620\" data-end=\"4640\">Numero di parte:<\/strong> 27631390<br data-start=\"4649\" data-end=\"4652\" \/><strong data-start=\"4652\" data-end=\"4666\">Materiale:<\/strong> Gomma durevole e lega metallica<br data-start=\"4698\" data-end=\"4701\" \/><strong data-start=\"4701\" data-end=\"4718\">Applicazione:<\/strong> Sistema di carico per carrelli elevatori<br data-start=\"4759\" data-end=\"4762\" \/><strong data-start=\"4762\" data-end=\"4776\">Vantaggio:<\/strong> Alta resistenza all\u2019usura, costruzione durevole, facile installazione, uso sicuro<\/p>\n<p data-start=\"4862\" data-end=\"5354\">\n","protected":false},"featured_media":16010,"template":"","meta":[],"product_brand":[],"product_cat":[236,238,398,400],"product_tag":[],"class_list":{"0":"post-8401","1":"product","2":"type-product","3":"status-publish","4":"has-post-thumbnail","6":"product_cat-jungheinrich","7":"product_cat-catal-tekeri-jungheinrich","8":"product_cat-catal-tekeri-ceo","9":"product_cat-catal-tekeri","11":"first","12":"instock","13":"taxable","14":"shipping-taxable","15":"purchasable","16":"product-type-simple"},"_links":{"self":[{"href":"https:\/\/ceoparts.com\/it\/wp-json\/wp\/v2\/product\/8401","targetHints":{"allow":["GET"]}}],"collection":[{"href":"https:\/\/ceoparts.com\/it\/wp-json\/wp\/v2\/product"}],"about":[{"href":"https:\/\/ceoparts.com\/it\/wp-json\/wp\/v2\/types\/product"}],"wp:featuredmedia":[{"embeddable":true,"href":"https:\/\/ceoparts.com\/it\/wp-json\/wp\/v2\/media\/16010"}],"wp:attachment":[{"href":"https:\/\/ceoparts.com\/it\/wp-json\/wp\/v2\/media?parent=8401"}],"wp:term":[{"taxonomy":"product_brand","embeddable":true,"href":"https:\/\/ceoparts.com\/it\/wp-json\/wp\/v2\/product_brand?post=8401"},{"taxonomy":"product_cat","embeddable":true,"href":"https:\/\/ceoparts.com\/it\/wp-json\/wp\/v2\/product_cat?post=8401"},{"taxonomy":"product_tag","embeddable":true,"href":"https:\/\/ceoparts.com\/it\/wp-json\/wp\/v2\/product_tag?post=8401"}],"curies":[{"name":"wp","href":"https:\/\/api.w.org\/{rel}","templated":true}]}}