{"id":8403,"date":"2021-02-14T23:22:07","date_gmt":"2021-02-14T20:22:07","guid":{"rendered":"https:\/\/ceoparts.com\/?post_type=product&#038;p=8403"},"modified":"2026-05-16T17:05:12","modified_gmt":"2026-05-16T14:05:12","slug":"85x100-105-17-yuk-tekeri","status":"publish","type":"product","link":"https:\/\/ceoparts.com\/it\/urun\/85x100-105-17-yuk-tekeri\/","title":{"rendered":"85&#215;100\/105-17 Ceoparts Ruote di carico"},"content":{"rendered":"<p>85&#215;100\/105-17 Ceoparts Ruote di carico<\/p>","protected":false},"excerpt":{"rendered":"<p data-start=\"97\" data-end=\"571\"><br data-start=\"3902\" data-end=\"3905\" \/>La <strong data-start=\"3908\" data-end=\"3950\">Ruota di carico 85\u00d7100\/105-17 Ceoparts<\/strong> \u00e8 una ruota resistente e di alta qualit\u00e0 progettata per aumentare la capacit\u00e0 di carico dei carrelli elevatori. Realizzata in gomma resistente all\u2019usura e lega metallica robusta, offre una lunga durata in condizioni di lavoro difficili. Questa ruota migliora la stabilit\u00e0 e la manovrabilit\u00e0 del carrello elevatore, garantendo una movimentazione sicura del carico. Con la qualit\u00e0 Ceoparts, assicura facile installazione e uso durevole.<\/p>\n<p data-start=\"4387\" data-end=\"4679\"><strong data-start=\"4387\" data-end=\"4406\">Caratteristiche<\/strong><br data-start=\"4406\" data-end=\"4409\" \/><strong data-start=\"4409\" data-end=\"4427\">Nome prodotto:<\/strong> Ruota di carico 85\u00d7100\/105-17 Ceoparts<br data-start=\"4466\" data-end=\"4469\" \/><strong data-start=\"4469\" data-end=\"4483\">Materiale:<\/strong> Gomma ad alta resistenza e lega metallica<br data-start=\"4525\" data-end=\"4528\" \/><strong data-start=\"4528\" data-end=\"4545\">Applicazione:<\/strong> Sistema di carico per carrelli elevatori<br data-start=\"4586\" data-end=\"4589\" \/><strong data-start=\"4589\" data-end=\"4603\">Vantaggio:<\/strong> Alta resistenza all\u2019usura, uso durevole, facile installazione, uso sicuro<\/p>\n<p data-start=\"4681\" data-end=\"5163\">\n","protected":false},"featured_media":15567,"template":"","meta":[],"product_brand":[],"product_cat":[398,400],"product_tag":[],"class_list":{"0":"post-8403","1":"product","2":"type-product","3":"status-publish","4":"has-post-thumbnail","6":"product_cat-catal-tekeri-ceo","7":"product_cat-catal-tekeri","9":"first","10":"instock","11":"taxable","12":"shipping-taxable","13":"purchasable","14":"product-type-simple"},"_links":{"self":[{"href":"https:\/\/ceoparts.com\/it\/wp-json\/wp\/v2\/product\/8403","targetHints":{"allow":["GET"]}}],"collection":[{"href":"https:\/\/ceoparts.com\/it\/wp-json\/wp\/v2\/product"}],"about":[{"href":"https:\/\/ceoparts.com\/it\/wp-json\/wp\/v2\/types\/product"}],"wp:featuredmedia":[{"embeddable":true,"href":"https:\/\/ceoparts.com\/it\/wp-json\/wp\/v2\/media\/15567"}],"wp:attachment":[{"href":"https:\/\/ceoparts.com\/it\/wp-json\/wp\/v2\/media?parent=8403"}],"wp:term":[{"taxonomy":"product_brand","embeddable":true,"href":"https:\/\/ceoparts.com\/it\/wp-json\/wp\/v2\/product_brand?post=8403"},{"taxonomy":"product_cat","embeddable":true,"href":"https:\/\/ceoparts.com\/it\/wp-json\/wp\/v2\/product_cat?post=8403"},{"taxonomy":"product_tag","embeddable":true,"href":"https:\/\/ceoparts.com\/it\/wp-json\/wp\/v2\/product_tag?post=8403"}],"curies":[{"name":"wp","href":"https:\/\/api.w.org\/{rel}","templated":true}]}}