{"id":8404,"date":"2021-02-14T23:23:10","date_gmt":"2021-02-14T20:23:10","guid":{"rendered":"https:\/\/ceoparts.com\/?post_type=product&#038;p=8404"},"modified":"2026-05-16T19:24:36","modified_gmt":"2026-05-16T16:24:36","slug":"85x100-105-20-yuk-tekeri","status":"publish","type":"product","link":"https:\/\/ceoparts.com\/it\/urun\/85x100-105-20-yuk-tekeri\/","title":{"rendered":"85&#215;100\/105-20 Ceoparts Ruote di carico &#8211; 50452737"},"content":{"rendered":"<p>85&#215;100\/105-20 Ceoparts Ruote di carico &#8211; 50452737<\/p>\n<p>85&#215;100\/105-20 Ceoparts Ruote di carico<\/p>","protected":false},"excerpt":{"rendered":"<p data-start=\"108\" data-end=\"535\"><br data-start=\"3833\" data-end=\"3836\" \/>La <strong data-start=\"3839\" data-end=\"3881\">Ruota di carico 85\u00d7100\/105-20 Ceoparts<\/strong> \u00e8 una ruota resistente e di alta qualit\u00e0 progettata appositamente per aumentare la capacit\u00e0 di carico dei carrelli elevatori. Realizzata in gomma resistente all\u2019usura e lega metallica robusta, questa ruota migliora la stabilit\u00e0 e la manovrabilit\u00e0 del carrello elevatore, offrendo una movimentazione sicura ed efficiente del carico. Con la garanzia Ceoparts, assicura facile installazione e lunga durata.<\/p>\n<p data-start=\"4287\" data-end=\"4609\"><strong data-start=\"4287\" data-end=\"4306\">Caratteristiche<\/strong><br data-start=\"4306\" data-end=\"4309\" \/><strong data-start=\"4309\" data-end=\"4327\">Nome prodotto:<\/strong> Ruota di carico 85\u00d7100\/105-20 Ceoparts<br data-start=\"4366\" data-end=\"4369\" \/><strong data-start=\"4369\" data-end=\"4389\">Numero di parte:<\/strong> 50452737<br data-start=\"4398\" data-end=\"4401\" \/><strong data-start=\"4401\" data-end=\"4415\">Materiale:<\/strong> Gomma durevole e lega metallica<br data-start=\"4447\" data-end=\"4450\" \/><strong data-start=\"4450\" data-end=\"4467\">Applicazione:<\/strong> Sistema di carico per carrelli elevatori<br data-start=\"4508\" data-end=\"4511\" \/><strong data-start=\"4511\" data-end=\"4525\">Vantaggio:<\/strong> Alta resistenza all\u2019usura, costruzione durevole, facile installazione, uso sicuro<\/p>\n<p data-start=\"4611\" data-end=\"5060\">\n","protected":false},"featured_media":15570,"template":"","meta":[],"product_brand":[],"product_cat":[398,400],"product_tag":[],"class_list":{"0":"post-8404","1":"product","2":"type-product","3":"status-publish","4":"has-post-thumbnail","6":"product_cat-catal-tekeri-ceo","7":"product_cat-catal-tekeri","9":"first","10":"instock","11":"taxable","12":"shipping-taxable","13":"purchasable","14":"product-type-simple"},"_links":{"self":[{"href":"https:\/\/ceoparts.com\/it\/wp-json\/wp\/v2\/product\/8404","targetHints":{"allow":["GET"]}}],"collection":[{"href":"https:\/\/ceoparts.com\/it\/wp-json\/wp\/v2\/product"}],"about":[{"href":"https:\/\/ceoparts.com\/it\/wp-json\/wp\/v2\/types\/product"}],"wp:featuredmedia":[{"embeddable":true,"href":"https:\/\/ceoparts.com\/it\/wp-json\/wp\/v2\/media\/15570"}],"wp:attachment":[{"href":"https:\/\/ceoparts.com\/it\/wp-json\/wp\/v2\/media?parent=8404"}],"wp:term":[{"taxonomy":"product_brand","embeddable":true,"href":"https:\/\/ceoparts.com\/it\/wp-json\/wp\/v2\/product_brand?post=8404"},{"taxonomy":"product_cat","embeddable":true,"href":"https:\/\/ceoparts.com\/it\/wp-json\/wp\/v2\/product_cat?post=8404"},{"taxonomy":"product_tag","embeddable":true,"href":"https:\/\/ceoparts.com\/it\/wp-json\/wp\/v2\/product_tag?post=8404"}],"curies":[{"name":"wp","href":"https:\/\/api.w.org\/{rel}","templated":true}]}}