{"id":8405,"date":"2021-02-14T23:24:14","date_gmt":"2021-02-14T20:24:14","guid":{"rendered":"https:\/\/ceoparts.com\/?post_type=product&#038;p=8405"},"modified":"2026-05-16T17:04:51","modified_gmt":"2026-05-16T14:04:51","slug":"85x100-105-25-yuk-tekeri","status":"publish","type":"product","link":"https:\/\/ceoparts.com\/it\/urun\/85x100-105-25-yuk-tekeri\/","title":{"rendered":"85&#215;100\/105-25 Ceoparts Ruote di carico &#8211; 27631330 , 51064610"},"content":{"rendered":"<p>85&#215;100\/105-25 Ceoparts Ruote di carico &#8211; 27631330 , 51064610<\/p>\n<p>Jungheinrich 85&#215;100\/105-25<\/p>\n<p>27631330 50410186, 51064610<\/p>\n<p>EJC 12 &#8211; 5.94 &#8211; 6.94<br \/>\nEJC 12-16 &#8211; 7.96 &#8211; 4.98<br \/>\nEJC 12,5\/15 &#8211; 10,84 &#8211; 4,87<br \/>\nEJC 15 &#8211; 5.87 &#8211; 9.88<br \/>\nEJC 16 &#8211; 11.92 &#8211; 7.93<br \/>\nEJC 220 &#8211; 8.06 &#8211;<br \/>\nEJC-Z 12.5 &#8211; 10.88 &#8211; 12.92<br \/>\nEJC c 12,5\/16 &#8211; 2.85 &#8211; 5.87<br \/>\nEJC c 12,5\/16 &#8211; 2,88 &#8211; 9,88<br \/>\nEJC c 12.5\/16 &#8211; 6.87 &#8211; 1.88<\/p>\n<p>EJG 06-10 &#8211; 12.04 &#8211;<br \/>\nEJG 06-10 (PR) &#8211; 1.98 &#8211; 4.05<\/p>\n<p>EKC 12,5 &#8211; 6,86 &#8211; 12,90<br \/>\nEKC 12,5 \/ 16 &#8211; 1.00 &#8211; 4.04<br \/>\nEKC 12,5 \/ 16 &#8211; 2,95 &#8211; 12,99<br \/>\nEKC 20 &#8211; 5.04 &#8211; 12.04<\/p>\n<p>EKE 20 48V &#8211; 8,94 &#8211; 10,97<\/p>\n<p>ERC 12,5 &#8211; 4,87 &#8211; 6,88<br \/>\nERC 12,5 &#8211; 6,84 &#8211; 7,85<br \/>\nERC 12,5 &#8211; 8,85 &#8211; 3,87<\/p>\n<p>&nbsp;<\/p>","protected":false},"excerpt":{"rendered":"<p data-start=\"118\" data-end=\"580\"><br data-start=\"4245\" data-end=\"4248\" \/>La <strong data-start=\"4251\" data-end=\"4293\">Ruota di carico 85\u00d7100\/105-25 Ceoparts<\/strong> \u00e8 una ruota resistente e di alta qualit\u00e0 progettata per aumentare la capacit\u00e0 di carico dei carrelli elevatori e ottimizzare le prestazioni operative. Realizzata in gomma speciale e lega metallica con eccellente resistenza all\u2019usura, garantisce lunga durata in condizioni di lavoro difficili. Questa ruota supporta un movimento stabile e sicuro del carrello elevatore. Con la qualit\u00e0 Ceoparts, assicura facile installazione e massima efficienza.<\/p>\n<p data-start=\"4741\" data-end=\"5075\"><strong data-start=\"4741\" data-end=\"4760\">Caratteristiche<\/strong><br data-start=\"4760\" data-end=\"4763\" \/><strong data-start=\"4763\" data-end=\"4781\">Nome prodotto:<\/strong> Ruota di carico 85\u00d7100\/105-25 Ceoparts<br data-start=\"4820\" data-end=\"4823\" \/><strong data-start=\"4823\" data-end=\"4843\">Numeri di parte:<\/strong> 27631330, 51064610<br data-start=\"4862\" data-end=\"4865\" \/><strong data-start=\"4865\" data-end=\"4879\">Materiale:<\/strong> Gomma ad alta resistenza e lega metallica<br data-start=\"4921\" data-end=\"4924\" \/><strong data-start=\"4924\" data-end=\"4941\">Applicazione:<\/strong> Sistema di carico per carrelli elevatori<br data-start=\"4982\" data-end=\"4985\" \/><strong data-start=\"4985\" data-end=\"4999\">Vantaggio:<\/strong> Alta resistenza all\u2019usura, lunga durata, facile installazione, uso sicuro<\/p>\n<p data-start=\"5077\" data-end=\"5590\">\n","protected":false},"featured_media":15576,"template":"","meta":[],"product_brand":[],"product_cat":[236,238,398,400],"product_tag":[],"class_list":{"0":"post-8405","1":"product","2":"type-product","3":"status-publish","4":"has-post-thumbnail","6":"product_cat-jungheinrich","7":"product_cat-catal-tekeri-jungheinrich","8":"product_cat-catal-tekeri-ceo","9":"product_cat-catal-tekeri","11":"first","12":"instock","13":"taxable","14":"shipping-taxable","15":"purchasable","16":"product-type-simple"},"_links":{"self":[{"href":"https:\/\/ceoparts.com\/it\/wp-json\/wp\/v2\/product\/8405","targetHints":{"allow":["GET"]}}],"collection":[{"href":"https:\/\/ceoparts.com\/it\/wp-json\/wp\/v2\/product"}],"about":[{"href":"https:\/\/ceoparts.com\/it\/wp-json\/wp\/v2\/types\/product"}],"wp:featuredmedia":[{"embeddable":true,"href":"https:\/\/ceoparts.com\/it\/wp-json\/wp\/v2\/media\/15576"}],"wp:attachment":[{"href":"https:\/\/ceoparts.com\/it\/wp-json\/wp\/v2\/media?parent=8405"}],"wp:term":[{"taxonomy":"product_brand","embeddable":true,"href":"https:\/\/ceoparts.com\/it\/wp-json\/wp\/v2\/product_brand?post=8405"},{"taxonomy":"product_cat","embeddable":true,"href":"https:\/\/ceoparts.com\/it\/wp-json\/wp\/v2\/product_cat?post=8405"},{"taxonomy":"product_tag","embeddable":true,"href":"https:\/\/ceoparts.com\/it\/wp-json\/wp\/v2\/product_tag?post=8405"}],"curies":[{"name":"wp","href":"https:\/\/api.w.org\/{rel}","templated":true}]}}