{"id":8411,"date":"2021-02-14T23:33:44","date_gmt":"2021-02-14T20:33:44","guid":{"rendered":"https:\/\/ceoparts.com\/?post_type=product&#038;p=8411"},"modified":"2026-05-16T19:24:29","modified_gmt":"2026-05-16T16:24:29","slug":"85x110-115-20-yuk-tekeri","status":"publish","type":"product","link":"https:\/\/ceoparts.com\/it\/urun\/85x110-115-20-yuk-tekeri\/","title":{"rendered":"85&#215;110\/115-20 Ceoparts Ruote di carico"},"content":{"rendered":"<p>85&#215;110\/115-20 Ceoparts Ruote di carico<\/p>","protected":false},"excerpt":{"rendered":"<p data-start=\"97\" data-end=\"510\"><br data-start=\"4104\" data-end=\"4107\" \/>La <strong data-start=\"4110\" data-end=\"4152\">Ruota di carico 85\u00d7110\/115-20 Ceoparts<\/strong> \u00e8 progettata per carrelli elevatori e macchinari pesanti, offrendo alta capacit\u00e0 di carico e durabilit\u00e0. La combinazione di gomma di qualit\u00e0 e corpo metallico robusto garantisce prestazioni durature anche in condizioni difficili. Migliora l\u2019efficienza della macchina riducendo le vibrazioni per il comfort dell\u2019operatore. Facile da mantenere e un componente importante per la sicurezza sul lavoro.<\/p>\n<p data-start=\"4552\" data-end=\"4936\"><strong data-start=\"4552\" data-end=\"4571\">Caratteristiche<\/strong><br data-start=\"4571\" data-end=\"4574\" \/><strong data-start=\"4574\" data-end=\"4592\">Nome prodotto:<\/strong> Ruota di carico<br data-start=\"4608\" data-end=\"4611\" \/><strong data-start=\"4611\" data-end=\"4628\">Numero parte:<\/strong> &#8211;\u00a0<br data-start=\"4666\" data-end=\"4669\" \/><strong data-start=\"4669\" data-end=\"4683\">Materiale:<\/strong> Gomma durevole, corpo metallico rinforzato<br data-start=\"4726\" data-end=\"4729\" \/><strong data-start=\"4729\" data-end=\"4746\">Applicazione:<\/strong> Sistema di carico per carrelli elevatori e macchinari pesanti<br data-start=\"4808\" data-end=\"4811\" \/><strong data-start=\"4811\" data-end=\"4825\">Vantaggio:<\/strong> Alta capacit\u00e0 di carico, lunga durata, riduzione delle vibrazioni, facile manutenzione, stabilit\u00e0 migliorata<\/p>\n<p data-start=\"4938\" data-end=\"5394\">\n","protected":false},"featured_media":15941,"template":"","meta":[],"product_brand":[],"product_cat":[395,398,400],"product_tag":[],"class_list":{"0":"post-8411","1":"product","2":"type-product","3":"status-publish","4":"has-post-thumbnail","6":"product_cat-ceoparts","7":"product_cat-catal-tekeri-ceo","8":"product_cat-catal-tekeri","10":"first","11":"instock","12":"taxable","13":"shipping-taxable","14":"purchasable","15":"product-type-simple"},"_links":{"self":[{"href":"https:\/\/ceoparts.com\/it\/wp-json\/wp\/v2\/product\/8411","targetHints":{"allow":["GET"]}}],"collection":[{"href":"https:\/\/ceoparts.com\/it\/wp-json\/wp\/v2\/product"}],"about":[{"href":"https:\/\/ceoparts.com\/it\/wp-json\/wp\/v2\/types\/product"}],"wp:featuredmedia":[{"embeddable":true,"href":"https:\/\/ceoparts.com\/it\/wp-json\/wp\/v2\/media\/15941"}],"wp:attachment":[{"href":"https:\/\/ceoparts.com\/it\/wp-json\/wp\/v2\/media?parent=8411"}],"wp:term":[{"taxonomy":"product_brand","embeddable":true,"href":"https:\/\/ceoparts.com\/it\/wp-json\/wp\/v2\/product_brand?post=8411"},{"taxonomy":"product_cat","embeddable":true,"href":"https:\/\/ceoparts.com\/it\/wp-json\/wp\/v2\/product_cat?post=8411"},{"taxonomy":"product_tag","embeddable":true,"href":"https:\/\/ceoparts.com\/it\/wp-json\/wp\/v2\/product_tag?post=8411"}],"curies":[{"name":"wp","href":"https:\/\/api.w.org\/{rel}","templated":true}]}}